{"id":2629,"date":"2025-05-16T16:45:49","date_gmt":"2025-05-16T16:45:49","guid":{"rendered":"https:\/\/trovegame.com\/formulaire-de-retractation\/"},"modified":"2025-05-22T13:02:39","modified_gmt":"2025-05-22T13:02:39","slug":"formulaire-de-retractation","status":"publish","type":"page","link":"https:\/\/trovegame.com\/fr\/formulaire-de-retractation\/","title":{"rendered":"Formulaire de r\u00e9tractation"},"content":{"rendered":"\t\t<div data-elementor-type=\"wp-page\" data-elementor-id=\"2629\" class=\"elementor elementor-2629 elementor-2615\" data-elementor-post-type=\"page\">\n\t\t\t\t<div class=\"elementor-element elementor-element-72479c01 e-con-full main-container e-flex e-con e-parent\" data-id=\"72479c01\" data-element_type=\"container\" data-e-type=\"container\" data-settings=\"{&quot;background_background&quot;:&quot;classic&quot;}\">\n\t\t<div class=\"elementor-element elementor-element-6ed9031d e-con-full e-flex e-con e-child\" data-id=\"6ed9031d\" data-element_type=\"container\" data-e-type=\"container\" data-settings=\"{&quot;background_background&quot;:&quot;classic&quot;}\">\n\t\t<div class=\"elementor-element elementor-element-44f1fab3 e-con-full content-width e-flex e-con e-child\" data-id=\"44f1fab3\" data-element_type=\"container\" data-e-type=\"container\">\n\t\t<div class=\"elementor-element elementor-element-1c80026b e-con-full e-flex e-con e-child\" data-id=\"1c80026b\" data-element_type=\"container\" data-e-type=\"container\">\n\t\t\t\t<div class=\"elementor-element elementor-element-60d478e7 elementor-widget elementor-widget-theme-post-title elementor-page-title elementor-widget-heading\" data-id=\"60d478e7\" data-element_type=\"widget\" data-e-type=\"widget\" data-widget_type=\"theme-post-title.default\">\n\t\t\t\t<div class=\"elementor-widget-container\">\n\t\t\t\t\t<h1 class=\"elementor-heading-title elementor-size-default\">Formulaire de r\u00e9tractation<\/h1>\t\t\t\t<\/div>\n\t\t\t\t<\/div>\n\t\t\t\t<div class=\"elementor-element elementor-element-75f9c379 elementor-widget elementor-widget-text-editor\" data-id=\"75f9c379\" data-element_type=\"widget\" data-e-type=\"widget\" data-widget_type=\"text-editor.default\">\n\t\t\t\t<div class=\"elementor-widget-container\">\n\t\t\t\t\t\t\t\t\t<p>Veuiller cliquer <a href=\"https:\/\/sitecdn.trionworlds.com\/uploads\/2025\/03\/497c291c-20250327_-template-withdrawal-form-gamigo-us-inc.-fr.pdf\" target=\"_blank\" rel=\"noopener\">ici<\/a> pour t\u00e9l\u00e9charger une version PDF de ce document.<\/p><p>(Si vous souhaitez annuler votre contrat, veuillez remplir le formulaire ci-apr\u00e8s et nous le renvoyer.)<\/p>\t\t\t\t\t\t\t\t<\/div>\n\t\t\t\t<\/div>\n\t\t\t\t<\/div>\n\t\t<div class=\"elementor-element elementor-element-6cc45a6 e-con-full e-flex e-con e-child\" data-id=\"6cc45a6\" data-element_type=\"container\" data-e-type=\"container\">\n\t\t\t\t<div class=\"elementor-element elementor-element-5966eb8 elementor-widget elementor-widget-text-editor\" data-id=\"5966eb8\" data-element_type=\"widget\" data-e-type=\"widget\" data-widget_type=\"text-editor.default\">\n\t\t\t\t<div class=\"elementor-widget-container\">\n\t\t\t\t\t\t\t\t\t<ul><li>\u00c0 gamigo US Inc., 3800 Quick Hill Road, Austin, TX 78728, \u00c9tats-Unis,<br>T\u00e9l. : +1 512-623-5900, Courriel : <a href=\"mailto:infoUS@gamigo.com\">infoUS@gamigo.com<\/a>:<\/li><\/ul>\t\t\t\t\t\t\t\t<\/div>\n\t\t\t\t<\/div>\n\t\t\t\t<div class=\"elementor-element elementor-element-4d108d5 elementor-widget elementor-widget-text-editor\" data-id=\"4d108d5\" data-element_type=\"widget\" data-e-type=\"widget\" data-widget_type=\"text-editor.default\">\n\t\t\t\t<div class=\"elementor-widget-container\">\n\t\t\t\t\t\t\t\t\t<ul><li>Par les pr\u00e9sentes, je notifie\/nous notifions (*) la r\u00e9traction au contrat que j\u2019ai\/nous avons (*) pass\u00e9 relatif \u00e0 l\u2019achat des produits suivants\/l\u2019ex\u00e9cution du service suivant (*)<\/li><\/ul>\t\t\t\t\t\t\t\t<\/div>\n\t\t\t\t<\/div>\n\t\t\t\t<div class=\"elementor-element elementor-element-29159cc elementor-widget elementor-widget-text-editor\" data-id=\"29159cc\" data-element_type=\"widget\" data-e-type=\"widget\" data-widget_type=\"text-editor.default\">\n\t\t\t\t<div class=\"elementor-widget-container\">\n\t\t\t\t\t\t\t\t\t<ul><li>Command\u00e9 le\/Re\u00e7u le (*)<\/li><\/ul>\t\t\t\t\t\t\t\t<\/div>\n\t\t\t\t<\/div>\n\t\t\t\t<div class=\"elementor-element elementor-element-ae3803b elementor-widget elementor-widget-text-editor\" data-id=\"ae3803b\" data-element_type=\"widget\" data-e-type=\"widget\" data-widget_type=\"text-editor.default\">\n\t\t\t\t<div class=\"elementor-widget-container\">\n\t\t\t\t\t\t\t\t\t<ul><li>Nom du(des) client(s) (*)<\/li><\/ul>\t\t\t\t\t\t\t\t<\/div>\n\t\t\t\t<\/div>\n\t\t\t\t<div class=\"elementor-element elementor-element-77db76b elementor-widget elementor-widget-text-editor\" data-id=\"77db76b\" data-element_type=\"widget\" data-e-type=\"widget\" data-widget_type=\"text-editor.default\">\n\t\t\t\t<div class=\"elementor-widget-container\">\n\t\t\t\t\t\t\t\t\t<ul><li>Adresse du(des) client(s) (*)<\/li><\/ul>\t\t\t\t\t\t\t\t<\/div>\n\t\t\t\t<\/div>\n\t\t\t\t<div class=\"elementor-element elementor-element-fe150da elementor-widget elementor-widget-text-editor\" data-id=\"fe150da\" data-element_type=\"widget\" data-e-type=\"widget\" data-widget_type=\"text-editor.default\">\n\t\t\t\t<div class=\"elementor-widget-container\">\n\t\t\t\t\t\t\t\t\t<ul><li>Signature du(des) client(s) (uniquement si notification du pr\u00e9sent formulaire sur papier)<\/li><\/ul>\t\t\t\t\t\t\t\t<\/div>\n\t\t\t\t<\/div>\n\t\t\t\t<div class=\"elementor-element elementor-element-6469907 elementor-widget elementor-widget-text-editor\" data-id=\"6469907\" data-element_type=\"widget\" data-e-type=\"widget\" data-widget_type=\"text-editor.default\">\n\t\t\t\t<div class=\"elementor-widget-container\">\n\t\t\t\t\t\t\t\t\t<ul><li>Date<\/li><\/ul>\t\t\t\t\t\t\t\t<\/div>\n\t\t\t\t<\/div>\n\t\t\t\t<\/div>\n\t\t<div class=\"elementor-element elementor-element-b78159d e-con-full e-flex e-con e-child\" data-id=\"b78159d\" data-element_type=\"container\" data-e-type=\"container\">\n\t\t\t\t<div class=\"elementor-element elementor-element-6dd4ce0e elementor-widget elementor-widget-text-editor\" data-id=\"6dd4ce0e\" data-element_type=\"widget\" data-e-type=\"widget\" data-widget_type=\"text-editor.default\">\n\t\t\t\t<div class=\"elementor-widget-container\">\n\t\t\t\t\t\t\t\t\t<p>(*) Effacer les mentions inutiles<\/p>\t\t\t\t\t\t\t\t<\/div>\n\t\t\t\t<\/div>\n\t\t\t\t<\/div>\n\t\t\t\t<\/div>\n\t\t\t\t<\/div>\n\t\t\t\t<\/div>\n\t\t\t\t<\/div>\n\t\t","protected":false},"excerpt":{"rendered":"<p>Veuiller cliquer ici pour t\u00e9l\u00e9charger une version PDF de ce document. (Si vous souhaitez annuler votre contrat, veuillez remplir le formulaire ci-apr\u00e8s et nous le renvoyer.) \u00c0 gamigo US Inc., 3800 Quick Hill Road, Austin, TX 78728, \u00c9tats-Unis,T\u00e9l. : +1 512-623-5900, Courriel : infoUS@gamigo.com: Par les pr\u00e9sentes, je notifie\/nous notifions (*) la r\u00e9traction au contrat [&hellip;]<\/p>\n","protected":false},"author":1,"featured_media":0,"parent":0,"menu_order":0,"comment_status":"closed","ping_status":"closed","template":"","meta":{"_acf_changed":false,"footnotes":""},"class_list":["post-2629","page","type-page","status-publish","hentry"],"acf":[],"_links":{"self":[{"href":"https:\/\/trovegame.com\/fr\/wp-json\/wp\/v2\/pages\/2629","targetHints":{"allow":["GET"]}}],"collection":[{"href":"https:\/\/trovegame.com\/fr\/wp-json\/wp\/v2\/pages"}],"about":[{"href":"https:\/\/trovegame.com\/fr\/wp-json\/wp\/v2\/types\/page"}],"author":[{"embeddable":true,"href":"https:\/\/trovegame.com\/fr\/wp-json\/wp\/v2\/users\/1"}],"replies":[{"embeddable":true,"href":"https:\/\/trovegame.com\/fr\/wp-json\/wp\/v2\/comments?post=2629"}],"version-history":[{"count":0,"href":"https:\/\/trovegame.com\/fr\/wp-json\/wp\/v2\/pages\/2629\/revisions"}],"wp:attachment":[{"href":"https:\/\/trovegame.com\/fr\/wp-json\/wp\/v2\/media?parent=2629"}],"curies":[{"name":"wp","href":"https:\/\/api.w.org\/{rel}","templated":true}]}}