{"id":1981,"date":"2025-02-17T07:28:11","date_gmt":"2025-02-17T07:28:11","guid":{"rendered":"https:\/\/trovegame.com\/guide-du-jeu\/trove-cest-quoi\/"},"modified":"2025-05-15T14:32:30","modified_gmt":"2025-05-15T14:32:30","slug":"trove-cest-quoi","status":"publish","type":"page","link":"https:\/\/trovegame.com\/fr\/guide-du-jeu\/trove-cest-quoi\/","title":{"rendered":"Trove, c\u2019est quoi ?"},"content":{"rendered":"\t\t<div data-elementor-type=\"wp-page\" data-elementor-id=\"1981\" class=\"elementor elementor-1981 elementor-234\" data-elementor-post-type=\"page\">\n\t\t\t\t<div class=\"elementor-element elementor-element-13991090 e-con-full main-container e-flex e-con e-parent\" data-id=\"13991090\" data-element_type=\"container\" data-e-type=\"container\" data-settings=\"{&quot;background_background&quot;:&quot;classic&quot;}\">\n\t\t<div class=\"elementor-element elementor-element-5875dfdd e-con-full e-flex e-con e-child\" data-id=\"5875dfdd\" data-element_type=\"container\" data-e-type=\"container\">\n\t\t<div class=\"elementor-element elementor-element-39f8738f e-con-full subpage-header-area e-flex e-con e-child\" data-id=\"39f8738f\" data-element_type=\"container\" data-e-type=\"container\" data-settings=\"{&quot;background_background&quot;:&quot;classic&quot;}\">\n\t\t<div class=\"elementor-element elementor-element-400b7a93 e-con-full e-flex e-con e-child\" data-id=\"400b7a93\" data-element_type=\"container\" data-e-type=\"container\">\n\t\t\t\t<div class=\"elementor-element elementor-element-124771b3 elementor-widget elementor-widget-heading\" data-id=\"124771b3\" data-element_type=\"widget\" data-e-type=\"widget\" data-widget_type=\"heading.default\">\n\t\t\t\t<div class=\"elementor-widget-container\">\n\t\t\t\t\t<h1 class=\"elementor-heading-title elementor-size-default\">Le MMO puissance carr\u00e9e<\/h1>\t\t\t\t<\/div>\n\t\t\t\t<\/div>\n\t\t\t\t<div class=\"elementor-element elementor-element-265248b6 elementor-widget elementor-widget-text-editor\" data-id=\"265248b6\" data-element_type=\"widget\" data-e-type=\"widget\" data-widget_type=\"text-editor.default\">\n\t\t\t\t<div class=\"elementor-widget-container\">\n\t\t\t\t\t\t\t\t\t<p>Ramenez vos potes, aff\u00fbtez vos armes et partez \u00e0 l\u2019aventure dans Trove, le MMO d\u2019action ultime ! Combattez les forces de l\u2019Ombre dans des mondes remplis de donjons et d\u2019objets hors du commun, cr\u00e9\u00e9s par les joueurs comme vous. Que vous soyez en qu\u00eate de tr\u00e9sors dans de lointaines contr\u00e9es ou que vous b\u00e2tissiez votre propre empire, il n\u2019a jamais \u00e9t\u00e9 aussi bon de ne pas \u00ab arrondir les angles \u00bb !  <\/p>\t\t\t\t\t\t\t\t<\/div>\n\t\t\t\t<\/div>\n\t\t\t\t<\/div>\n\t\t<div class=\"elementor-element elementor-element-4dca82fb e-con-full e-flex e-con e-child\" data-id=\"4dca82fb\" data-element_type=\"container\" data-e-type=\"container\">\n\t\t\t\t<\/div>\n\t\t\t\t<\/div>\n\t\t\t\t<\/div>\n\t\t<div class=\"elementor-element elementor-element-2f24b254 e-con-full as-slider e-flex e-con e-child\" data-id=\"2f24b254\" data-element_type=\"container\" data-e-type=\"container\" data-settings=\"{&quot;background_background&quot;:&quot;classic&quot;}\">\n\t\t<div class=\"elementor-element elementor-element-1ad29c2d e-con-full content-width e-flex e-con e-child\" data-id=\"1ad29c2d\" data-element_type=\"container\" data-e-type=\"container\">\n\t\t<div class=\"elementor-element elementor-element-d2f8343 e-con-full e-flex e-con e-child\" data-id=\"d2f8343\" data-element_type=\"container\" data-e-type=\"container\">\n\t\t\t\t<div class=\"elementor-element elementor-element-150b8c60 elementor-widget elementor-widget-image\" data-id=\"150b8c60\" data-element_type=\"widget\" data-e-type=\"widget\" data-widget_type=\"image.default\">\n\t\t\t\t<div class=\"elementor-widget-container\">\n\t\t\t\t\t\t\t\t\t\t\t\t\t\t\t<img fetchpriority=\"high\" decoding=\"async\" width=\"800\" height=\"647\" src=\"https:\/\/trovegame.com\/wp-content\/uploads\/2025\/02\/what-is-trove-adventure.webp\" class=\"attachment-large size-large wp-image-592\" alt=\"Trove Adventure Fight\" srcset=\"https:\/\/trovegame.com\/wp-content\/uploads\/2025\/02\/what-is-trove-adventure.webp 865w, https:\/\/trovegame.com\/wp-content\/uploads\/2025\/02\/what-is-trove-adventure-300x243.webp 300w, https:\/\/trovegame.com\/wp-content\/uploads\/2025\/02\/what-is-trove-adventure-768x622.webp 768w\" sizes=\"(max-width: 800px) 100vw, 800px\" \/>\t\t\t\t\t\t\t\t\t\t\t\t\t\t\t<\/div>\n\t\t\t\t<\/div>\n\t\t\t\t<div class=\"elementor-element elementor-element-958445c elementor-widget elementor-widget-heading\" data-id=\"958445c\" data-element_type=\"widget\" data-e-type=\"widget\" data-widget_type=\"heading.default\">\n\t\t\t\t<div class=\"elementor-widget-container\">\n\t\t\t\t\t<h2 class=\"elementor-heading-title elementor-size-default\">Aventure<\/h2>\t\t\t\t<\/div>\n\t\t\t\t<\/div>\n\t\t\t\t<div class=\"elementor-element elementor-element-3dad5a6c elementor-widget elementor-widget-text-editor\" data-id=\"3dad5a6c\" data-element_type=\"widget\" data-e-type=\"widget\" data-widget_type=\"text-editor.default\">\n\t\t\t\t<div class=\"elementor-widget-container\">\n\t\t\t\t\t\t\t\t\t<p>Incarnez des chevaliers sans t\u00eate, des mages draconiques, des pirates impitoyables, des dompteurs de dinos, des lanciers malins et bien d\u2019autres. Ma\u00eetrisez tout un \u00e9ventail de capacit\u00e9s plus incroyables les unes que les autres : des temp\u00eates d\u00e9vastatrices de shurikens aux ouragans de d\u00e9licieuse cr\u00e8me glac\u00e9e ! Affrontez de redoutables sbires, des boss f\u00e9roces et autres pi\u00e8ges pour \u00ab lib\u00e9rer \u00bb de puissantes armures et armes. Aventurez-vous dans de petits repaires pour d\u00e9couvrir le frisson du danger en solo. Et enfin, tailladez du bloc \u00e0 la pelle sur le champ de bataille en affrontant vos amis en duel.   <\/p>\t\t\t\t\t\t\t\t<\/div>\n\t\t\t\t<\/div>\n\t\t\t\t<\/div>\n\t\t<div class=\"elementor-element elementor-element-2507c66 e-con-full e-flex e-con e-child\" data-id=\"2507c66\" data-element_type=\"container\" data-e-type=\"container\">\n\t\t\t\t<div class=\"elementor-element elementor-element-2e688e4f elementor-widget elementor-widget-image\" data-id=\"2e688e4f\" data-element_type=\"widget\" data-e-type=\"widget\" data-widget_type=\"image.default\">\n\t\t\t\t<div class=\"elementor-widget-container\">\n\t\t\t\t\t\t\t\t\t\t\t\t\t\t\t<img decoding=\"async\" width=\"800\" height=\"647\" src=\"https:\/\/trovegame.com\/wp-content\/uploads\/2025\/02\/what-is-trove-explore.webp\" class=\"attachment-large size-large wp-image-600\" alt=\"Exploring Trove on a boat\" srcset=\"https:\/\/trovegame.com\/wp-content\/uploads\/2025\/02\/what-is-trove-explore.webp 865w, https:\/\/trovegame.com\/wp-content\/uploads\/2025\/02\/what-is-trove-explore-300x243.webp 300w, https:\/\/trovegame.com\/wp-content\/uploads\/2025\/02\/what-is-trove-explore-768x622.webp 768w\" sizes=\"(max-width: 800px) 100vw, 800px\" \/>\t\t\t\t\t\t\t\t\t\t\t\t\t\t\t<\/div>\n\t\t\t\t<\/div>\n\t\t\t\t<div class=\"elementor-element elementor-element-3c6b721 elementor-widget elementor-widget-heading\" data-id=\"3c6b721\" data-element_type=\"widget\" data-e-type=\"widget\" data-widget_type=\"heading.default\">\n\t\t\t\t<div class=\"elementor-widget-container\">\n\t\t\t\t\t<h2 class=\"elementor-heading-title elementor-size-default\">Exploration<\/h2>\t\t\t\t<\/div>\n\t\t\t\t<\/div>\n\t\t\t\t<div class=\"elementor-element elementor-element-3dcb3388 elementor-widget elementor-widget-text-editor\" data-id=\"3dcb3388\" data-element_type=\"widget\" data-e-type=\"widget\" data-widget_type=\"text-editor.default\">\n\t\t\t\t<div class=\"elementor-widget-container\">\n\t\t\t\t\t\t\t\t\t<p>Partez explorer des environnements enti\u00e8rement destructibles \u00e0 dos de dragons cracheurs de feu et autres Miaountures. Plongez au c\u0153ur de l\u2019action, quel que soit votre niveau, et vivez de folles aventures sur les territoires insolites et originaux de Trove. Naviguez sur les oc\u00e9ans des \u00celes au tr\u00e9sor, survolez les \u00eeles flottantes du Domaine des cieux ou bondissez par-dessus la lave de la Mer du Habanero, d\u00e9ambulez au milieu des rues futuristes de N\u00e9onpolis, et bien plus encore ! Le multivers vous appartient !   <\/p>\t\t\t\t\t\t\t\t<\/div>\n\t\t\t\t<\/div>\n\t\t\t\t<\/div>\n\t\t<div class=\"elementor-element elementor-element-11b4ac1b e-con-full e-flex e-con e-child\" data-id=\"11b4ac1b\" data-element_type=\"container\" data-e-type=\"container\">\n\t\t\t\t<div class=\"elementor-element elementor-element-2875f90d elementor-widget elementor-widget-image\" data-id=\"2875f90d\" data-element_type=\"widget\" data-e-type=\"widget\" data-widget_type=\"image.default\">\n\t\t\t\t<div class=\"elementor-widget-container\">\n\t\t\t\t\t\t\t\t\t\t\t\t\t\t\t<img decoding=\"async\" width=\"800\" height=\"647\" src=\"https:\/\/trovegame.com\/wp-content\/uploads\/2025\/02\/what-is-trove-create.webp\" class=\"attachment-large size-large wp-image-596\" alt=\"Build a purple unicorn in Trove\" srcset=\"https:\/\/trovegame.com\/wp-content\/uploads\/2025\/02\/what-is-trove-create.webp 865w, https:\/\/trovegame.com\/wp-content\/uploads\/2025\/02\/what-is-trove-create-300x243.webp 300w, https:\/\/trovegame.com\/wp-content\/uploads\/2025\/02\/what-is-trove-create-768x622.webp 768w\" sizes=\"(max-width: 800px) 100vw, 800px\" \/>\t\t\t\t\t\t\t\t\t\t\t\t\t\t\t<\/div>\n\t\t\t\t<\/div>\n\t\t\t\t<div class=\"elementor-element elementor-element-1e2df047 elementor-widget elementor-widget-heading\" data-id=\"1e2df047\" data-element_type=\"widget\" data-e-type=\"widget\" data-widget_type=\"heading.default\">\n\t\t\t\t<div class=\"elementor-widget-container\">\n\t\t\t\t\t<h2 class=\"elementor-heading-title elementor-size-default\">Cr\u00e9ation<\/h2>\t\t\t\t<\/div>\n\t\t\t\t<\/div>\n\t\t\t\t<div class=\"elementor-element elementor-element-3b4e82aa elementor-widget elementor-widget-text-editor\" data-id=\"3b4e82aa\" data-element_type=\"widget\" data-e-type=\"widget\" data-widget_type=\"text-editor.default\">\n\t\t\t\t<div class=\"elementor-widget-container\">\n\t\t\t\t\t\t\t\t\t<p>Votre libert\u00e9 de construction est totale ! Construisez une Carr\u00e9sidence et emportez votre maison partout avec vous. B\u00e2tissez tout un monde uniquement pour vous et vos amis. Rejoignez la galerie de Trove en r\u00e9alisant de somptueux ch\u00e2teaux c\u00e9lestes ou des hot-dogs g\u00e9ants. Cr\u00e9ez votre style personnel avec des \u00e9p\u00e9es en bacon et autres lunettes 3D de la mort qui tue. Collectionnez un \u00e9quipement INFINIMENT vari\u00e9 fabriqu\u00e9 par les autres joueurs, puis \u00e0 votre tour, fabriquez et proposez vos propres cr\u00e9ations, qu\u2019il s\u2019agisse de donjons, de repaires, de costumes de classe, tout ce que vous voulez !     <\/p>\t\t\t\t\t\t\t\t<\/div>\n\t\t\t\t<\/div>\n\t\t\t\t<\/div>\n\t\t\t\t<\/div>\n\t\t\t\t<\/div>\n\t\t<div class=\"elementor-element elementor-element-3116d5ab e-con-full e-flex e-con e-child\" data-id=\"3116d5ab\" data-element_type=\"container\" data-e-type=\"container\" data-settings=\"{&quot;background_background&quot;:&quot;classic&quot;}\">\n\t\t<div class=\"elementor-element elementor-element-3b679423 e-con-full content-width e-flex e-con e-child\" data-id=\"3b679423\" data-element_type=\"container\" data-e-type=\"container\">\n\t\t<div class=\"elementor-element elementor-element-4686e998 e-con-full e-flex e-con e-child\" data-id=\"4686e998\" data-element_type=\"container\" data-e-type=\"container\">\n\t\t\t\t<div class=\"elementor-element elementor-element-6aa910a elementor-widget elementor-widget-image\" data-id=\"6aa910a\" data-element_type=\"widget\" data-e-type=\"widget\" data-widget_type=\"image.default\">\n\t\t\t\t<div class=\"elementor-widget-container\">\n\t\t\t\t\t\t\t\t\t\t\t\t\t\t\t<img loading=\"lazy\" decoding=\"async\" width=\"800\" height=\"615\" src=\"https:\/\/trovegame.com\/wp-content\/uploads\/2025\/02\/what-is-trove-delves.webp\" class=\"attachment-large size-large wp-image-525\" alt=\"Delves - fight in the endless cave dungeions\" srcset=\"https:\/\/trovegame.com\/wp-content\/uploads\/2025\/02\/what-is-trove-delves.webp 910w, https:\/\/trovegame.com\/wp-content\/uploads\/2025\/02\/what-is-trove-delves-300x231.webp 300w, https:\/\/trovegame.com\/wp-content\/uploads\/2025\/02\/what-is-trove-delves-768x591.webp 768w\" sizes=\"(max-width: 800px) 100vw, 800px\" \/>\t\t\t\t\t\t\t\t\t\t\t\t\t\t\t<\/div>\n\t\t\t\t<\/div>\n\t\t\t\t<\/div>\n\t\t<div class=\"elementor-element elementor-element-110cf25 e-con-full e-flex e-con e-child\" data-id=\"110cf25\" data-element_type=\"container\" data-e-type=\"container\">\n\t\t\t\t<div class=\"elementor-element elementor-element-2b25c0d elementor-widget elementor-widget-heading\" data-id=\"2b25c0d\" data-element_type=\"widget\" data-e-type=\"widget\" data-widget_type=\"heading.default\">\n\t\t\t\t<div class=\"elementor-widget-container\">\n\t\t\t\t\t<h2 class=\"elementor-heading-title elementor-size-default\">Fouilles<\/h2>\t\t\t\t<\/div>\n\t\t\t\t<\/div>\n\t\t\t\t<div class=\"elementor-element elementor-element-76c71c26 elementor-widget elementor-widget-text-editor\" data-id=\"76c71c26\" data-element_type=\"widget\" data-e-type=\"widget\" data-widget_type=\"text-editor.default\">\n\t\t\t\t<div class=\"elementor-widget-container\">\n\t\t\t\t\t\t\t\t\t<p>Les fouilles sont des donjons de grottes sans fin remplis d\u2019objectifs uniques, de modificateurs de monstres et d\u2019objets qui feront partie de l\u2019une de vos plus grandes aventures dans Trove. Plus vous allez au fond des fouilles, plus les risques et les r\u00e9compenses sont grands ! <\/p><p>Les fouilles sont con\u00e7ues pour accueillir jusqu\u2019\u00e0 8 aventuriers, que vous soyez d\u00e9butants ou experts exp\u00e9riment\u00e9s. Parcourez les fouilles publiques en vous associant \u00e0 d\u2019autres joueurs du m\u00eame niveau de comp\u00e9tence pour combattre les ennemis ensemble ! Ou rendez-vous dans les fouilles priv\u00e9es et de d\u00e9fi pour aborder les fouilles d\u2019une autre fa\u00e7on et pour rivaliser avec les autres joueurs.  <\/p>\t\t\t\t\t\t\t\t<\/div>\n\t\t\t\t<\/div>\n\t\t\t\t<\/div>\n\t\t\t\t<\/div>\n\t\t<div class=\"elementor-element elementor-element-64594057 e-con-full content-width e-flex e-con e-child\" data-id=\"64594057\" data-element_type=\"container\" data-e-type=\"container\">\n\t\t<div class=\"elementor-element elementor-element-52689151 e-con-full e-flex e-con e-child\" data-id=\"52689151\" data-element_type=\"container\" data-e-type=\"container\">\n\t\t\t\t<div class=\"elementor-element elementor-element-b268cd3 elementor-widget elementor-widget-image\" data-id=\"b268cd3\" data-element_type=\"widget\" data-e-type=\"widget\" data-widget_type=\"image.default\">\n\t\t\t\t<div class=\"elementor-widget-container\">\n\t\t\t\t\t\t\t\t\t\t\t\t\t\t\t<img loading=\"lazy\" decoding=\"async\" width=\"800\" height=\"615\" src=\"https:\/\/trovegame.com\/wp-content\/uploads\/2025\/02\/what-is-trove-geode.webp\" class=\"attachment-large size-large wp-image-529\" alt=\"Explore the deadly Geode wasteland\" srcset=\"https:\/\/trovegame.com\/wp-content\/uploads\/2025\/02\/what-is-trove-geode.webp 910w, https:\/\/trovegame.com\/wp-content\/uploads\/2025\/02\/what-is-trove-geode-300x231.webp 300w, https:\/\/trovegame.com\/wp-content\/uploads\/2025\/02\/what-is-trove-geode-768x591.webp 768w\" sizes=\"(max-width: 800px) 100vw, 800px\" \/>\t\t\t\t\t\t\t\t\t\t\t\t\t\t\t<\/div>\n\t\t\t\t<\/div>\n\t\t\t\t<\/div>\n\t\t<div class=\"elementor-element elementor-element-55066dff e-con-full e-flex e-con e-child\" data-id=\"55066dff\" data-element_type=\"container\" data-e-type=\"container\">\n\t\t\t\t<div class=\"elementor-element elementor-element-7a62a28f elementor-widget elementor-widget-heading\" data-id=\"7a62a28f\" data-element_type=\"widget\" data-e-type=\"widget\" data-widget_type=\"heading.default\">\n\t\t\t\t<div class=\"elementor-widget-container\">\n\t\t\t\t\t<h2 class=\"elementor-heading-title elementor-size-default\">Geode<\/h2>\t\t\t\t<\/div>\n\t\t\t\t<\/div>\n\t\t\t\t<div class=\"elementor-element elementor-element-576d4686 elementor-widget elementor-widget-text-editor\" data-id=\"576d4686\" data-element_type=\"widget\" data-e-type=\"widget\" data-widget_type=\"text-editor.default\">\n\t\t\t\t<div class=\"elementor-widget-container\">\n\t\t\t\t\t\t\t\t\t<p>Dans les G\u00e9odes, vous devez relever des d\u00e9fis tout en vous adaptant \u00e0 ce monde \u00e9trange et \u00e0 ses habitants paisibles. Avec leur pouvoir d\u00e9cha\u00een\u00e9, les forces de Q\u2019bthulhu ont transform\u00e9 une tr\u00e8s grande partie des G\u00e9odes en un d\u00e9sert mortel. <\/p><p>Rassemblez des ressources inexploit\u00e9es pour vous pr\u00e9parer \u00e0 de futures guerres tout en explorant les vastes souterrains caverneux de la plan\u00e8te. Fabriquez et am\u00e9liorez des objets g\u00e9odiens pour vous prot\u00e9ger des dangers imminents.<\/p>\t\t\t\t\t\t\t\t<\/div>\n\t\t\t\t<\/div>\n\t\t\t\t<\/div>\n\t\t\t\t<\/div>\n\t\t\t\t<\/div>\n\t\t\t\t<\/div>\n\t\t\t\t<\/div>\n\t\t","protected":false},"excerpt":{"rendered":"<p>Le MMO puissance carr\u00e9e Ramenez vos potes, aff\u00fbtez vos armes et partez \u00e0 l\u2019aventure dans Trove, le MMO d\u2019action ultime ! Combattez les forces de l\u2019Ombre dans des mondes remplis de donjons et d\u2019objets hors du commun, cr\u00e9\u00e9s par les joueurs comme vous. Que vous soyez en qu\u00eate de tr\u00e9sors dans de lointaines contr\u00e9es ou [&hellip;]<\/p>\n","protected":false},"author":1,"featured_media":0,"parent":1980,"menu_order":0,"comment_status":"closed","ping_status":"closed","template":"","meta":{"_acf_changed":false,"footnotes":""},"class_list":["post-1981","page","type-page","status-publish","hentry"],"acf":[],"_links":{"self":[{"href":"https:\/\/trovegame.com\/fr\/wp-json\/wp\/v2\/pages\/1981","targetHints":{"allow":["GET"]}}],"collection":[{"href":"https:\/\/trovegame.com\/fr\/wp-json\/wp\/v2\/pages"}],"about":[{"href":"https:\/\/trovegame.com\/fr\/wp-json\/wp\/v2\/types\/page"}],"author":[{"embeddable":true,"href":"https:\/\/trovegame.com\/fr\/wp-json\/wp\/v2\/users\/1"}],"replies":[{"embeddable":true,"href":"https:\/\/trovegame.com\/fr\/wp-json\/wp\/v2\/comments?post=1981"}],"version-history":[{"count":0,"href":"https:\/\/trovegame.com\/fr\/wp-json\/wp\/v2\/pages\/1981\/revisions"}],"up":[{"embeddable":true,"href":"https:\/\/trovegame.com\/fr\/wp-json\/wp\/v2\/pages\/1980"}],"wp:attachment":[{"href":"https:\/\/trovegame.com\/fr\/wp-json\/wp\/v2\/media?parent=1981"}],"curies":[{"name":"wp","href":"https:\/\/api.w.org\/{rel}","templated":true}]}}