{"id":1965,"date":"2025-02-17T07:33:54","date_gmt":"2025-02-17T07:33:54","guid":{"rendered":"https:\/\/trovegame.com\/guide-du-jeu-carresidences-et-mondes-de-club\/"},"modified":"2025-09-25T13:11:12","modified_gmt":"2025-09-25T13:11:12","slug":"carresidences-et-mondes-de-club","status":"publish","type":"page","link":"https:\/\/trovegame.com\/fr\/guide-du-jeu\/carresidences-et-mondes-de-club\/","title":{"rendered":"Carr\u00e9sidences et Mondes de club"},"content":{"rendered":"\t\t<div data-elementor-type=\"wp-page\" data-elementor-id=\"1965\" class=\"elementor elementor-1965 elementor-242\" data-elementor-post-type=\"page\">\n\t\t\t\t<div class=\"elementor-element elementor-element-6fe57913 e-con-full main-container e-flex e-con e-parent\" data-id=\"6fe57913\" data-element_type=\"container\" data-e-type=\"container\" data-settings=\"{&quot;background_background&quot;:&quot;classic&quot;}\">\n\t\t<div class=\"elementor-element elementor-element-7570d8bd e-con-full e-flex e-con e-child\" data-id=\"7570d8bd\" data-element_type=\"container\" data-e-type=\"container\">\n\t\t<div class=\"elementor-element elementor-element-46f35002 e-con-full subpage-header-area e-flex e-con e-child\" data-id=\"46f35002\" data-element_type=\"container\" data-e-type=\"container\" data-settings=\"{&quot;background_background&quot;:&quot;classic&quot;}\">\n\t\t<div class=\"elementor-element elementor-element-50780097 e-con-full e-flex e-con e-child\" data-id=\"50780097\" data-element_type=\"container\" data-e-type=\"container\">\n\t\t\t\t<div class=\"elementor-element elementor-element-2ceee6bc elementor-widget elementor-widget-heading\" data-id=\"2ceee6bc\" data-element_type=\"widget\" data-e-type=\"widget\" data-widget_type=\"heading.default\">\n\t\t\t\t<div class=\"elementor-widget-container\">\n\t\t\t\t\t<h1 class=\"elementor-heading-title elementor-size-default\">Bienvenue chez vous<\/h1>\t\t\t\t<\/div>\n\t\t\t\t<\/div>\n\t\t\t\t<div class=\"elementor-element elementor-element-57efe98f elementor-widget elementor-widget-text-editor\" data-id=\"57efe98f\" data-element_type=\"widget\" data-e-type=\"widget\" data-widget_type=\"text-editor.default\">\n\t\t\t\t<div class=\"elementor-widget-container\">\n\t\t\t\t\t\t\t\t\t<p>Avis aux b\u00e2tisseurs : il n\u2019y a aucune limite \u00e0 votre cr\u00e9ativit\u00e9 ni aux possibilit\u00e9s qui vous sont offertes pour la construction de r\u00e9sidences personnelles ou de mondes entiers \u00e0 partager avec vos amis. Ci-dessous, vous en saurez plus sur les Carr\u00e9sidences et les Mondes de club. Pour d\u00e9couvrir plusieurs de nos cr\u00e9ations pr\u00e9f\u00e9r\u00e9es, rendez-vous sur le blog de la communaut\u00e9 ! <\/p>\t\t\t\t\t\t\t\t<\/div>\n\t\t\t\t<\/div>\n\t\t\t\t<\/div>\n\t\t<div class=\"elementor-element elementor-element-175420ea e-con-full e-flex e-con e-child\" data-id=\"175420ea\" data-element_type=\"container\" data-e-type=\"container\">\n\t\t\t\t<\/div>\n\t\t\t\t<\/div>\n\t\t\t\t<\/div>\n\t\t<div class=\"elementor-element elementor-element-622069bf e-con-full e-flex e-con e-child\" data-id=\"622069bf\" data-element_type=\"container\" data-e-type=\"container\" data-settings=\"{&quot;background_background&quot;:&quot;classic&quot;}\">\n\t\t<div class=\"elementor-element elementor-element-65c258d4 e-con-full content-width e-flex e-con e-child\" data-id=\"65c258d4\" data-element_type=\"container\" data-e-type=\"container\">\n\t\t<div class=\"elementor-element elementor-element-34f5098b e-con-full e-flex e-con e-child\" data-id=\"34f5098b\" data-element_type=\"container\" data-e-type=\"container\">\n\t\t\t\t<div class=\"elementor-element elementor-element-337cc97 elementor-widget elementor-widget-image\" data-id=\"337cc97\" data-element_type=\"widget\" data-e-type=\"widget\" data-widget_type=\"image.default\">\n\t\t\t\t<div class=\"elementor-widget-container\">\n\t\t\t\t\t\t\t\t\t\t\t\t\t\t\t<img fetchpriority=\"high\" decoding=\"async\" width=\"800\" height=\"615\" src=\"https:\/\/trovegame.com\/wp-content\/uploads\/2025\/03\/trove-cornerstones.webp\" class=\"attachment-large size-large wp-image-763\" alt=\"Cornerstones are personal homes in Trove\" srcset=\"https:\/\/trovegame.com\/wp-content\/uploads\/2025\/03\/trove-cornerstones.webp 910w, https:\/\/trovegame.com\/wp-content\/uploads\/2025\/03\/trove-cornerstones-300x231.webp 300w, https:\/\/trovegame.com\/wp-content\/uploads\/2025\/03\/trove-cornerstones-768x591.webp 768w\" sizes=\"(max-width: 800px) 100vw, 800px\" \/>\t\t\t\t\t\t\t\t\t\t\t\t\t\t\t<\/div>\n\t\t\t\t<\/div>\n\t\t\t\t<\/div>\n\t\t<div class=\"elementor-element elementor-element-7423fdc6 e-con-full e-flex e-con e-child\" data-id=\"7423fdc6\" data-element_type=\"container\" data-e-type=\"container\">\n\t\t\t\t<div class=\"elementor-element elementor-element-7b1ac177 elementor-widget elementor-widget-heading\" data-id=\"7b1ac177\" data-element_type=\"widget\" data-e-type=\"widget\" data-widget_type=\"heading.default\">\n\t\t\t\t<div class=\"elementor-widget-container\">\n\t\t\t\t\t<h2 class=\"elementor-heading-title elementor-size-default\">Carr\u00e9sidences<\/h2>\t\t\t\t<\/div>\n\t\t\t\t<\/div>\n\t\t\t\t<div class=\"elementor-element elementor-element-4a0fde67 elementor-widget elementor-widget-text-editor\" data-id=\"4a0fde67\" data-element_type=\"widget\" data-e-type=\"widget\" data-widget_type=\"text-editor.default\">\n\t\t\t\t<div class=\"elementor-widget-container\">\n\t\t\t\t\t\t\t\t\t<p>Les Carr\u00e9sidences sont votre r\u00e9sidence personnelle : un endroit o\u00f9 vous d\u00e9tendre et vous sentir chez vous, et qui sert \u00e9galement de QG mobile !<\/p><p>Vous pouvez placer votre Carr\u00e9sidence sur les lots sp\u00e9ciaux pour Carr\u00e9sidence pr\u00e9sents dans tous les mondes que vous visitez, et voil\u00e0 : votre pied-\u00e0-terre fait main appara\u00eet : un endroit o\u00f9 refaire le plein et vous ressourcer.<\/p>\t\t\t\t\t\t\t\t<\/div>\n\t\t\t\t<\/div>\n\t\t\t\t<\/div>\n\t\t\t\t<\/div>\n\t\t<div class=\"elementor-element elementor-element-20fe1ff1 e-con-full content-width e-flex e-con e-child\" data-id=\"20fe1ff1\" data-element_type=\"container\" data-e-type=\"container\">\n\t\t<div class=\"elementor-element elementor-element-3067790 e-con-full e-flex e-con e-child\" data-id=\"3067790\" data-element_type=\"container\" data-e-type=\"container\">\n\t\t\t\t<div class=\"elementor-element elementor-element-40952758 elementor-widget elementor-widget-image\" data-id=\"40952758\" data-element_type=\"widget\" data-e-type=\"widget\" data-widget_type=\"image.default\">\n\t\t\t\t<div class=\"elementor-widget-container\">\n\t\t\t\t\t\t\t\t\t\t\t\t\t\t\t<img decoding=\"async\" width=\"800\" height=\"615\" src=\"https:\/\/trovegame.com\/wp-content\/uploads\/2025\/03\/trove-club-worlds.webp\" class=\"attachment-large size-large wp-image-759\" alt=\"Trove Club worlds\" srcset=\"https:\/\/trovegame.com\/wp-content\/uploads\/2025\/03\/trove-club-worlds.webp 910w, https:\/\/trovegame.com\/wp-content\/uploads\/2025\/03\/trove-club-worlds-300x231.webp 300w, https:\/\/trovegame.com\/wp-content\/uploads\/2025\/03\/trove-club-worlds-768x591.webp 768w\" sizes=\"(max-width: 800px) 100vw, 800px\" \/>\t\t\t\t\t\t\t\t\t\t\t\t\t\t\t<\/div>\n\t\t\t\t<\/div>\n\t\t\t\t<\/div>\n\t\t<div class=\"elementor-element elementor-element-5e39d169 e-con-full e-flex e-con e-child\" data-id=\"5e39d169\" data-element_type=\"container\" data-e-type=\"container\">\n\t\t\t\t<div class=\"elementor-element elementor-element-3a385b89 elementor-widget elementor-widget-heading\" data-id=\"3a385b89\" data-element_type=\"widget\" data-e-type=\"widget\" data-widget_type=\"heading.default\">\n\t\t\t\t<div class=\"elementor-widget-container\">\n\t\t\t\t\t<h2 class=\"elementor-heading-title elementor-size-default\">Mondes de club<\/h2>\t\t\t\t<\/div>\n\t\t\t\t<\/div>\n\t\t\t\t<div class=\"elementor-element elementor-element-2c5d05dd elementor-widget elementor-widget-text-editor\" data-id=\"2c5d05dd\" data-element_type=\"widget\" data-e-type=\"widget\" data-widget_type=\"text-editor.default\">\n\t\t\t\t<div class=\"elementor-widget-container\">\n\t\t\t\t\t\t\t\t\t<p>Quoi de mieux que de fabriquer des choses seul ? Fabriquer des choses avec vos amis Troviens, pardi ! <\/p><p>Les Mondes de club sont des mondes enti\u00e8rement constructibles et modifiables ouverts aux membres de votre club. Vous r\u00eavez de construire de gigantesques d\u00f4mes au beau milieu du d\u00e9sert ? Des ch\u00e2teaux merveilleux dans une for\u00eat enchant\u00e9e ? Aucun probl\u00e8me ! Avec votre \u00e9quipe de b\u00e2tisseurs potentiels, tout est possible, tout !    <\/p>\t\t\t\t\t\t\t\t<\/div>\n\t\t\t\t<\/div>\n\t\t\t\t<\/div>\n\t\t\t\t<\/div>\n\t\t\t\t<\/div>\n\t\t\t\t<\/div>\n\t\t\t\t<\/div>\n\t\t","protected":false},"excerpt":{"rendered":"<p>Bienvenue chez vous Avis aux b\u00e2tisseurs : il n\u2019y a aucune limite \u00e0 votre cr\u00e9ativit\u00e9 ni aux possibilit\u00e9s qui vous sont offertes pour la construction de r\u00e9sidences personnelles ou de mondes entiers \u00e0 partager avec vos amis. Ci-dessous, vous en saurez plus sur les Carr\u00e9sidences et les Mondes de club. Pour d\u00e9couvrir plusieurs de nos [&hellip;]<\/p>\n","protected":false},"author":1,"featured_media":0,"parent":1980,"menu_order":0,"comment_status":"closed","ping_status":"closed","template":"","meta":{"_acf_changed":false,"footnotes":""},"class_list":["post-1965","page","type-page","status-publish","hentry"],"acf":[],"_links":{"self":[{"href":"https:\/\/trovegame.com\/fr\/wp-json\/wp\/v2\/pages\/1965","targetHints":{"allow":["GET"]}}],"collection":[{"href":"https:\/\/trovegame.com\/fr\/wp-json\/wp\/v2\/pages"}],"about":[{"href":"https:\/\/trovegame.com\/fr\/wp-json\/wp\/v2\/types\/page"}],"author":[{"embeddable":true,"href":"https:\/\/trovegame.com\/fr\/wp-json\/wp\/v2\/users\/1"}],"replies":[{"embeddable":true,"href":"https:\/\/trovegame.com\/fr\/wp-json\/wp\/v2\/comments?post=1965"}],"version-history":[{"count":0,"href":"https:\/\/trovegame.com\/fr\/wp-json\/wp\/v2\/pages\/1965\/revisions"}],"up":[{"embeddable":true,"href":"https:\/\/trovegame.com\/fr\/wp-json\/wp\/v2\/pages\/1980"}],"wp:attachment":[{"href":"https:\/\/trovegame.com\/fr\/wp-json\/wp\/v2\/media?parent=1965"}],"curies":[{"name":"wp","href":"https:\/\/api.w.org\/{rel}","templated":true}]}}