{"id":1963,"date":"2025-02-17T07:33:19","date_gmt":"2025-02-17T07:33:19","guid":{"rendered":"https:\/\/trovegame.com\/creations-de-joueurs\/"},"modified":"2025-05-15T16:19:11","modified_gmt":"2025-05-15T16:19:11","slug":"creations-de-joueurs","status":"publish","type":"page","link":"https:\/\/trovegame.com\/fr\/guide-du-jeu\/creations-de-joueurs\/","title":{"rendered":"Cr\u00e9ations de joueurs"},"content":{"rendered":"\t\t<div data-elementor-type=\"wp-page\" data-elementor-id=\"1963\" class=\"elementor elementor-1963 elementor-241\" data-elementor-post-type=\"page\">\n\t\t\t\t<div class=\"elementor-element elementor-element-5d621ec6 e-con-full main-container e-flex e-con e-parent\" data-id=\"5d621ec6\" data-element_type=\"container\" data-e-type=\"container\" data-settings=\"{&quot;background_background&quot;:&quot;classic&quot;}\">\n\t\t<div class=\"elementor-element elementor-element-673b43af e-con-full e-flex e-con e-child\" data-id=\"673b43af\" data-element_type=\"container\" data-e-type=\"container\">\n\t\t<div class=\"elementor-element elementor-element-2f6ee6cb e-con-full subpage-header-area e-flex e-con e-child\" data-id=\"2f6ee6cb\" data-element_type=\"container\" data-e-type=\"container\" data-settings=\"{&quot;background_background&quot;:&quot;classic&quot;}\">\n\t\t<div class=\"elementor-element elementor-element-77c48b3 e-con-full e-flex e-con e-child\" data-id=\"77c48b3\" data-element_type=\"container\" data-e-type=\"container\">\n\t\t\t\t<div class=\"elementor-element elementor-element-2e56ad74 elementor-widget elementor-widget-heading\" data-id=\"2e56ad74\" data-element_type=\"widget\" data-e-type=\"widget\" data-widget_type=\"heading.default\">\n\t\t\t\t<div class=\"elementor-widget-container\">\n\t\t\t\t\t<h1 class=\"elementor-heading-title elementor-size-default\">Cr\u00e9ations de joueurs<\/h1>\t\t\t\t<\/div>\n\t\t\t\t<\/div>\n\t\t\t\t<div class=\"elementor-element elementor-element-75d52355 elementor-widget elementor-widget-text-editor\" data-id=\"75d52355\" data-element_type=\"widget\" data-e-type=\"widget\" data-widget_type=\"text-editor.default\">\n\t\t\t\t<div class=\"elementor-widget-container\">\n\t\t\t\t\t\t\t\t\t<p>Vous avez toujours eu une \u00e2me d\u2019artiste ? Vous r\u00eavez d\u2019offrir votre Fauchon flamant \u00e0 des aventuriers avides de butin ? Venez nous rejoindre, et laissez libre cours votre imagination. Vos cr\u00e9ations feront peut-\u00eatre partie de l\u2019univers du jeu !   <\/p>\t\t\t\t\t\t\t\t<\/div>\n\t\t\t\t<\/div>\n\t\t\t\t<\/div>\n\t\t<div class=\"elementor-element elementor-element-6a715d76 e-con-full e-flex e-con e-child\" data-id=\"6a715d76\" data-element_type=\"container\" data-e-type=\"container\">\n\t\t\t\t<\/div>\n\t\t\t\t<\/div>\n\t\t\t\t<\/div>\n\t\t<div class=\"elementor-element elementor-element-7bf54b7c e-con-full e-flex e-con e-child\" data-id=\"7bf54b7c\" data-element_type=\"container\" data-e-type=\"container\" data-settings=\"{&quot;background_background&quot;:&quot;classic&quot;}\">\n\t\t<div class=\"elementor-element elementor-element-40c125c9 e-con-full content-width e-flex e-con e-child\" data-id=\"40c125c9\" data-element_type=\"container\" data-e-type=\"container\">\n\t\t<div class=\"elementor-element elementor-element-2007b040 e-con-full e-flex e-con e-child\" data-id=\"2007b040\" data-element_type=\"container\" data-e-type=\"container\">\n\t\t\t\t<div class=\"elementor-element elementor-element-3f76eb6d elementor-widget elementor-widget-image\" data-id=\"3f76eb6d\" data-element_type=\"widget\" data-e-type=\"widget\" data-widget_type=\"image.default\">\n\t\t\t\t<div class=\"elementor-widget-container\">\n\t\t\t\t\t\t\t\t\t\t\t\t\t\t\t<img fetchpriority=\"high\" decoding=\"async\" width=\"800\" height=\"615\" src=\"https:\/\/trovegame.com\/wp-content\/uploads\/2025\/03\/player-creations-build-like-a-boss.webp\" class=\"attachment-large size-large wp-image-751\" alt=\"Trove player creation hot dog king\" srcset=\"https:\/\/trovegame.com\/wp-content\/uploads\/2025\/03\/player-creations-build-like-a-boss.webp 910w, https:\/\/trovegame.com\/wp-content\/uploads\/2025\/03\/player-creations-build-like-a-boss-300x231.webp 300w, https:\/\/trovegame.com\/wp-content\/uploads\/2025\/03\/player-creations-build-like-a-boss-768x591.webp 768w\" sizes=\"(max-width: 800px) 100vw, 800px\" \/>\t\t\t\t\t\t\t\t\t\t\t\t\t\t\t<\/div>\n\t\t\t\t<\/div>\n\t\t\t\t<\/div>\n\t\t<div class=\"elementor-element elementor-element-2b751b33 e-con-full e-flex e-con e-child\" data-id=\"2b751b33\" data-element_type=\"container\" data-e-type=\"container\">\n\t\t\t\t<div class=\"elementor-element elementor-element-52cdab96 elementor-widget elementor-widget-heading\" data-id=\"52cdab96\" data-element_type=\"widget\" data-e-type=\"widget\" data-widget_type=\"heading.default\">\n\t\t\t\t<div class=\"elementor-widget-container\">\n\t\t\t\t\t<h2 class=\"elementor-heading-title elementor-size-default\">Laissez parler votre \u00e2me de b\u00e2tisseur<\/h2>\t\t\t\t<\/div>\n\t\t\t\t<\/div>\n\t\t\t\t<div class=\"elementor-element elementor-element-55a9fbb8 elementor-widget elementor-widget-text-editor\" data-id=\"55a9fbb8\" data-element_type=\"widget\" data-e-type=\"widget\" data-widget_type=\"text-editor.default\">\n\t\t\t\t<div class=\"elementor-widget-container\">\n\t\t\t\t\t\t\t\t\t<p>\u00c0 l\u2019aide d\u2019un \u00e9diteur de voxels, vous pouvez cr\u00e9er et proposer une grande vari\u00e9t\u00e9 d\u2019objets \u00e0 utiliser dans Trove : chapeaux, \u00e9p\u00e9es, pistolets, masques, d\u00e9corations, donjons, repaires et bien plus !<\/p><p>Pour commencer, allez faire un tour sur <a href=\"https:\/\/trovesaurus.com\/creations\" target=\"_blank\" rel=\"noopener\">Trovesaurus<\/a>. Vous y trouverez des centaines de cr\u00e9ateurs talentueux et exp\u00e9riment\u00e9s qui se feront une joie de vous aider. Et si vous doutez encore de vos talents cr\u00e9atifs, vous pourrez toujours participer aux discussions sur des cr\u00e9ations en d\u00e9veloppement.  <\/p>\t\t\t\t\t\t\t\t<\/div>\n\t\t\t\t<\/div>\n\t\t\t\t<\/div>\n\t\t\t\t<\/div>\n\t\t<div class=\"elementor-element elementor-element-4ac1b97c e-con-full content-width e-flex e-con e-child\" data-id=\"4ac1b97c\" data-element_type=\"container\" data-e-type=\"container\">\n\t\t<div class=\"elementor-element elementor-element-15fd340e e-con-full e-flex e-con e-child\" data-id=\"15fd340e\" data-element_type=\"container\" data-e-type=\"container\">\n\t\t\t\t<div class=\"elementor-element elementor-element-25bed0da elementor-widget elementor-widget-image\" data-id=\"25bed0da\" data-element_type=\"widget\" data-e-type=\"widget\" data-widget_type=\"image.default\">\n\t\t\t\t<div class=\"elementor-widget-container\">\n\t\t\t\t\t\t\t\t\t\t\t\t\t\t\t<img decoding=\"async\" width=\"800\" height=\"615\" src=\"https:\/\/trovegame.com\/wp-content\/uploads\/2025\/03\/player-creations-dungeon-masters-wanted.webp\" class=\"attachment-large size-large wp-image-755\" alt=\"Create you own dungeon in Trove\" srcset=\"https:\/\/trovegame.com\/wp-content\/uploads\/2025\/03\/player-creations-dungeon-masters-wanted.webp 910w, https:\/\/trovegame.com\/wp-content\/uploads\/2025\/03\/player-creations-dungeon-masters-wanted-300x231.webp 300w, https:\/\/trovegame.com\/wp-content\/uploads\/2025\/03\/player-creations-dungeon-masters-wanted-768x591.webp 768w\" sizes=\"(max-width: 800px) 100vw, 800px\" \/>\t\t\t\t\t\t\t\t\t\t\t\t\t\t\t<\/div>\n\t\t\t\t<\/div>\n\t\t\t\t<\/div>\n\t\t<div class=\"elementor-element elementor-element-734bd7ff e-con-full e-flex e-con e-child\" data-id=\"734bd7ff\" data-element_type=\"container\" data-e-type=\"container\">\n\t\t\t\t<div class=\"elementor-element elementor-element-320f92ab elementor-widget elementor-widget-heading\" data-id=\"320f92ab\" data-element_type=\"widget\" data-e-type=\"widget\" data-widget_type=\"heading.default\">\n\t\t\t\t<div class=\"elementor-widget-container\">\n\t\t\t\t\t<h2 class=\"elementor-heading-title elementor-size-default\">On recherche : Ma\u00eetres du donjon<\/h2>\t\t\t\t<\/div>\n\t\t\t\t<\/div>\n\t\t\t\t<div class=\"elementor-element elementor-element-392673ce elementor-widget elementor-widget-text-editor\" data-id=\"392673ce\" data-element_type=\"widget\" data-e-type=\"widget\" data-widget_type=\"text-editor.default\">\n\t\t\t\t<div class=\"elementor-widget-container\">\n\t\t\t\t\t\t\t\t\t<p>Vous ma\u00eetrisez l\u2019architecture en voxel ? Exprimez vos talents de conception en b\u00e2tissant des donjons et des repaires que vous remplirez de pi\u00e8ges et d\u2019ennemis. <\/p><p>Ce travail de cr\u00e9ation \u00e0 grande \u00e9chelle est r\u00e9serv\u00e9 aux plus endurcis, mais une fois termin\u00e9, il vous permettra d\u2019apporter une gigantesque pierre \u00e0 l\u2019\u00e9difice qu\u2019est Trove. Pour en savoir plus, rendez-vous sur <a href=\"https:\/\/trovesaurus.com\/creations\" target=\"_blank\" rel=\"noopener\">Trovesaurus<\/a>. <\/p>\t\t\t\t\t\t\t\t<\/div>\n\t\t\t\t<\/div>\n\t\t\t\t<\/div>\n\t\t\t\t<\/div>\n\t\t\t\t<\/div>\n\t\t\t\t<\/div>\n\t\t\t\t<\/div>\n\t\t","protected":false},"excerpt":{"rendered":"<p>Cr\u00e9ations de joueurs Vous avez toujours eu une \u00e2me d\u2019artiste ? Vous r\u00eavez d\u2019offrir votre Fauchon flamant \u00e0 des aventuriers avides de butin ? Venez nous rejoindre, et laissez libre cours votre imagination. Vos cr\u00e9ations feront peut-\u00eatre partie de l\u2019univers du jeu ! Laissez parler votre \u00e2me de b\u00e2tisseur \u00c0 l\u2019aide d\u2019un \u00e9diteur de voxels, [&hellip;]<\/p>\n","protected":false},"author":1,"featured_media":0,"parent":1980,"menu_order":0,"comment_status":"closed","ping_status":"closed","template":"","meta":{"_acf_changed":false,"footnotes":""},"class_list":["post-1963","page","type-page","status-publish","hentry"],"acf":[],"_links":{"self":[{"href":"https:\/\/trovegame.com\/fr\/wp-json\/wp\/v2\/pages\/1963","targetHints":{"allow":["GET"]}}],"collection":[{"href":"https:\/\/trovegame.com\/fr\/wp-json\/wp\/v2\/pages"}],"about":[{"href":"https:\/\/trovegame.com\/fr\/wp-json\/wp\/v2\/types\/page"}],"author":[{"embeddable":true,"href":"https:\/\/trovegame.com\/fr\/wp-json\/wp\/v2\/users\/1"}],"replies":[{"embeddable":true,"href":"https:\/\/trovegame.com\/fr\/wp-json\/wp\/v2\/comments?post=1963"}],"version-history":[{"count":0,"href":"https:\/\/trovegame.com\/fr\/wp-json\/wp\/v2\/pages\/1963\/revisions"}],"up":[{"embeddable":true,"href":"https:\/\/trovegame.com\/fr\/wp-json\/wp\/v2\/pages\/1980"}],"wp:attachment":[{"href":"https:\/\/trovegame.com\/fr\/wp-json\/wp\/v2\/media?parent=1963"}],"curies":[{"name":"wp","href":"https:\/\/api.w.org\/{rel}","templated":true}]}}