{"id":1961,"date":"2025-02-17T07:31:46","date_gmt":"2025-02-17T07:31:46","guid":{"rendered":"https:\/\/trovegame.com\/donjons-et-repaires\/"},"modified":"2025-05-13T10:19:50","modified_gmt":"2025-05-13T10:19:50","slug":"donjons-et-repaires","status":"publish","type":"page","link":"https:\/\/trovegame.com\/fr\/guide-du-jeu\/donjons-et-repaires\/","title":{"rendered":"Donjons et repaires"},"content":{"rendered":"\t\t<div data-elementor-type=\"wp-page\" data-elementor-id=\"1961\" class=\"elementor elementor-1961 elementor-238\" data-elementor-post-type=\"page\">\n\t\t\t\t<div class=\"elementor-element elementor-element-36bf63a7 e-con-full main-container e-flex e-con e-parent\" data-id=\"36bf63a7\" data-element_type=\"container\" data-e-type=\"container\" data-settings=\"{&quot;background_background&quot;:&quot;classic&quot;}\">\n\t\t<div class=\"elementor-element elementor-element-57cad381 e-con-full e-flex e-con e-child\" data-id=\"57cad381\" data-element_type=\"container\" data-e-type=\"container\">\n\t\t<div class=\"elementor-element elementor-element-13cbae13 e-con-full subpage-header-area e-flex e-con e-child\" data-id=\"13cbae13\" data-element_type=\"container\" data-e-type=\"container\" data-settings=\"{&quot;background_background&quot;:&quot;classic&quot;}\">\n\t\t<div class=\"elementor-element elementor-element-1c127b15 e-con-full e-flex e-con e-child\" data-id=\"1c127b15\" data-element_type=\"container\" data-e-type=\"container\">\n\t\t\t\t<div class=\"elementor-element elementor-element-6d4d9643 elementor-widget elementor-widget-heading\" data-id=\"6d4d9643\" data-element_type=\"widget\" data-e-type=\"widget\" data-widget_type=\"heading.default\">\n\t\t\t\t<div class=\"elementor-widget-container\">\n\t\t\t\t\t<h1 class=\"elementor-heading-title elementor-size-default\">Donjons et repaires<\/h1>\t\t\t\t<\/div>\n\t\t\t\t<\/div>\n\t\t\t\t<div class=\"elementor-element elementor-element-71446def elementor-widget elementor-widget-text-editor\" data-id=\"71446def\" data-element_type=\"widget\" data-e-type=\"widget\" data-widget_type=\"text-editor.default\">\n\t\t\t\t<div class=\"elementor-widget-container\">\n\t\t\t\t\t\t\t\t\t<p><strong>Pr\u00eats pour l\u2019aventure ?<\/strong><\/p><p>Vous avez soif de danger, d\u2019aventures et de butin ? Ramenez vos potes, aff\u00fbtez vos armes et partez explorer des donjons con\u00e7us par les d\u00e9veloppeurs ou les joueurs eux-m\u00eames ! Nich\u00e9s dans les recoins les plus sombres et les plus dangereux des mondes d\u2019aventures de Trove, ils sont infest\u00e9s de monstres et truff\u00e9s de pi\u00e8ges vicieux, mais renferment de somptueux butins.  <\/p>\t\t\t\t\t\t\t\t<\/div>\n\t\t\t\t<\/div>\n\t\t\t\t<\/div>\n\t\t<div class=\"elementor-element elementor-element-171a3547 e-con-full e-flex e-con e-child\" data-id=\"171a3547\" data-element_type=\"container\" data-e-type=\"container\">\n\t\t\t\t<\/div>\n\t\t\t\t<\/div>\n\t\t\t\t<\/div>\n\t\t<div class=\"elementor-element elementor-element-46edf534 e-con-full e-flex e-con e-child\" data-id=\"46edf534\" data-element_type=\"container\" data-e-type=\"container\" data-settings=\"{&quot;background_background&quot;:&quot;classic&quot;}\">\n\t\t<div class=\"elementor-element elementor-element-21745ca9 e-con-full content-width e-flex e-con e-child\" data-id=\"21745ca9\" data-element_type=\"container\" data-e-type=\"container\">\n\t\t<div class=\"elementor-element elementor-element-5a2da224 e-con-full e-flex e-con e-child\" data-id=\"5a2da224\" data-element_type=\"container\" data-e-type=\"container\">\n\t\t\t\t<div class=\"elementor-element elementor-element-6a5807ec elementor-widget elementor-widget-image\" data-id=\"6a5807ec\" data-element_type=\"widget\" data-e-type=\"widget\" data-widget_type=\"image.default\">\n\t\t\t\t<div class=\"elementor-widget-container\">\n\t\t\t\t\t\t\t\t\t\t\t\t\t\t\t<img fetchpriority=\"high\" decoding=\"async\" width=\"800\" height=\"615\" src=\"https:\/\/trovegame.com\/wp-content\/uploads\/2025\/02\/dungeons-and-lairs-dungeon-entrance.webp\" class=\"attachment-large size-large wp-image-549\" alt=\"Dungeons in Trove\" srcset=\"https:\/\/trovegame.com\/wp-content\/uploads\/2025\/02\/dungeons-and-lairs-dungeon-entrance.webp 910w, https:\/\/trovegame.com\/wp-content\/uploads\/2025\/02\/dungeons-and-lairs-dungeon-entrance-300x231.webp 300w, https:\/\/trovegame.com\/wp-content\/uploads\/2025\/02\/dungeons-and-lairs-dungeon-entrance-768x591.webp 768w\" sizes=\"(max-width: 800px) 100vw, 800px\" \/>\t\t\t\t\t\t\t\t\t\t\t\t\t\t\t<\/div>\n\t\t\t\t<\/div>\n\t\t\t\t<\/div>\n\t\t<div class=\"elementor-element elementor-element-539d6f11 e-con-full e-flex e-con e-child\" data-id=\"539d6f11\" data-element_type=\"container\" data-e-type=\"container\">\n\t\t\t\t<div class=\"elementor-element elementor-element-772ea067 elementor-widget elementor-widget-heading\" data-id=\"772ea067\" data-element_type=\"widget\" data-e-type=\"widget\" data-widget_type=\"heading.default\">\n\t\t\t\t<div class=\"elementor-widget-container\">\n\t\t\t\t\t<h2 class=\"elementor-heading-title elementor-size-default\">Donjons<\/h2>\t\t\t\t<\/div>\n\t\t\t\t<\/div>\n\t\t\t\t<div class=\"elementor-element elementor-element-347f460b elementor-widget elementor-widget-text-editor\" data-id=\"347f460b\" data-element_type=\"widget\" data-e-type=\"widget\" data-widget_type=\"text-editor.default\">\n\t\t\t\t<div class=\"elementor-widget-container\">\n\t\t\t\t\t\t\t\t\t<p>Ch\u00e2teaux, palais, grottes ou cryptes, les donjons abritent les monstres les plus redoutables et l\u2019\u00e9quipement le plus rare.<\/p><p>Extr\u00eamement vastes, ils sont infest\u00e9s de sbires, de pi\u00e8ges et de boss qui tenteront de vous mettre des b\u00e2tons dans les roues. Certains peuvent \u00eatre \u00e9limin\u00e9s sans assistance, mais jouez la s\u00e9curit\u00e9, trouvez des alli\u00e9s !<\/p>\t\t\t\t\t\t\t\t<\/div>\n\t\t\t\t<\/div>\n\t\t\t\t<\/div>\n\t\t\t\t<\/div>\n\t\t<div class=\"elementor-element elementor-element-9ca8412 e-con-full content-width e-flex e-con e-child\" data-id=\"9ca8412\" data-element_type=\"container\" data-e-type=\"container\">\n\t\t<div class=\"elementor-element elementor-element-6d1e2733 e-con-full e-flex e-con e-child\" data-id=\"6d1e2733\" data-element_type=\"container\" data-e-type=\"container\">\n\t\t\t\t<div class=\"elementor-element elementor-element-24eb905b elementor-widget elementor-widget-image\" data-id=\"24eb905b\" data-element_type=\"widget\" data-e-type=\"widget\" data-widget_type=\"image.default\">\n\t\t\t\t<div class=\"elementor-widget-container\">\n\t\t\t\t\t\t\t\t\t\t\t\t\t\t\t<img decoding=\"async\" width=\"800\" height=\"615\" src=\"https:\/\/trovegame.com\/wp-content\/uploads\/2025\/02\/dungeons-and-lairs-lair-entrance.webp\" class=\"attachment-large size-large wp-image-553\" alt=\"Lairs in Trove\" srcset=\"https:\/\/trovegame.com\/wp-content\/uploads\/2025\/02\/dungeons-and-lairs-lair-entrance.webp 910w, https:\/\/trovegame.com\/wp-content\/uploads\/2025\/02\/dungeons-and-lairs-lair-entrance-300x231.webp 300w, https:\/\/trovegame.com\/wp-content\/uploads\/2025\/02\/dungeons-and-lairs-lair-entrance-768x591.webp 768w\" sizes=\"(max-width: 800px) 100vw, 800px\" \/>\t\t\t\t\t\t\t\t\t\t\t\t\t\t\t<\/div>\n\t\t\t\t<\/div>\n\t\t\t\t<\/div>\n\t\t<div class=\"elementor-element elementor-element-24ac5db9 e-con-full e-flex e-con e-child\" data-id=\"24ac5db9\" data-element_type=\"container\" data-e-type=\"container\">\n\t\t\t\t<div class=\"elementor-element elementor-element-dd746 elementor-widget elementor-widget-heading\" data-id=\"dd746\" data-element_type=\"widget\" data-e-type=\"widget\" data-widget_type=\"heading.default\">\n\t\t\t\t<div class=\"elementor-widget-container\">\n\t\t\t\t\t<h2 class=\"elementor-heading-title elementor-size-default\">Repaires<\/h2>\t\t\t\t<\/div>\n\t\t\t\t<\/div>\n\t\t\t\t<div class=\"elementor-element elementor-element-2d63c7a2 elementor-widget elementor-widget-text-editor\" data-id=\"2d63c7a2\" data-element_type=\"widget\" data-e-type=\"widget\" data-widget_type=\"text-editor.default\">\n\t\t\t\t<div class=\"elementor-widget-container\">\n\t\t\t\t\t\t\t\t\t<p>Les repaires sont des donjons miniatures, des tani\u00e8res mal fam\u00e9es que vous trouverez au gr\u00e9 de vos p\u00e9r\u00e9grinations. Ils sont truff\u00e9s de dangers avec un boss final \u00e0 affronter ou une qu\u00eate \u00e0 terminer pour remporter du butin adapt\u00e9 aux repaires.  <\/p><p>De nombreux donjons et repaires sont n\u00e9s de l\u2019imagination sans bornes de la communaut\u00e9 de Trove.<\/p><p>Pour en savoir plus, rendez-vous sur notre page de <a href=\"https:\/\/trovegame.com\/fr\/guide-du-jeu\/creations-de-joueurs\/\" target=\"_blank\" rel=\"noopener\">Cr\u00e9ations de joueurs<\/a> !<\/p>\t\t\t\t\t\t\t\t<\/div>\n\t\t\t\t<\/div>\n\t\t\t\t<\/div>\n\t\t\t\t<\/div>\n\t\t\t\t<\/div>\n\t\t\t\t<\/div>\n\t\t\t\t<\/div>\n\t\t","protected":false},"excerpt":{"rendered":"<p>Donjons et repaires Pr\u00eats pour l\u2019aventure ? Vous avez soif de danger, d\u2019aventures et de butin ? Ramenez vos potes, aff\u00fbtez vos armes et partez explorer des donjons con\u00e7us par les d\u00e9veloppeurs ou les joueurs eux-m\u00eames ! Nich\u00e9s dans les recoins les plus sombres et les plus dangereux des mondes d\u2019aventures de Trove, ils sont [&hellip;]<\/p>\n","protected":false},"author":1,"featured_media":0,"parent":1980,"menu_order":0,"comment_status":"closed","ping_status":"closed","template":"","meta":{"_acf_changed":false,"footnotes":""},"class_list":["post-1961","page","type-page","status-publish","hentry"],"acf":[],"_links":{"self":[{"href":"https:\/\/trovegame.com\/fr\/wp-json\/wp\/v2\/pages\/1961","targetHints":{"allow":["GET"]}}],"collection":[{"href":"https:\/\/trovegame.com\/fr\/wp-json\/wp\/v2\/pages"}],"about":[{"href":"https:\/\/trovegame.com\/fr\/wp-json\/wp\/v2\/types\/page"}],"author":[{"embeddable":true,"href":"https:\/\/trovegame.com\/fr\/wp-json\/wp\/v2\/users\/1"}],"replies":[{"embeddable":true,"href":"https:\/\/trovegame.com\/fr\/wp-json\/wp\/v2\/comments?post=1961"}],"version-history":[{"count":0,"href":"https:\/\/trovegame.com\/fr\/wp-json\/wp\/v2\/pages\/1961\/revisions"}],"up":[{"embeddable":true,"href":"https:\/\/trovegame.com\/fr\/wp-json\/wp\/v2\/pages\/1980"}],"wp:attachment":[{"href":"https:\/\/trovegame.com\/fr\/wp-json\/wp\/v2\/media?parent=1961"}],"curies":[{"name":"wp","href":"https:\/\/api.w.org\/{rel}","templated":true}]}}