{"id":1958,"date":"2025-02-17T07:32:35","date_gmt":"2025-02-17T07:32:35","guid":{"rendered":"https:\/\/trovegame.com\/voyager-dans-trove\/"},"modified":"2025-05-15T16:06:56","modified_gmt":"2025-05-15T16:06:56","slug":"voyager-dans-trove","status":"publish","type":"page","link":"https:\/\/trovegame.com\/fr\/guide-du-jeu\/voyager-dans-trove\/","title":{"rendered":"Voyager dans Trove"},"content":{"rendered":"\t\t<div data-elementor-type=\"wp-page\" data-elementor-id=\"1958\" class=\"elementor elementor-1958 elementor-240\" data-elementor-post-type=\"page\">\n\t\t\t\t<div class=\"elementor-element elementor-element-4531474e e-con-full main-container e-flex e-con e-parent\" data-id=\"4531474e\" data-element_type=\"container\" data-e-type=\"container\" data-settings=\"{&quot;background_background&quot;:&quot;classic&quot;}\">\n\t\t<div class=\"elementor-element elementor-element-103f36b4 e-con-full e-flex e-con e-child\" data-id=\"103f36b4\" data-element_type=\"container\" data-e-type=\"container\">\n\t\t<div class=\"elementor-element elementor-element-270b7bb9 e-con-full subpage-header-area e-flex e-con e-child\" data-id=\"270b7bb9\" data-element_type=\"container\" data-e-type=\"container\" data-settings=\"{&quot;background_background&quot;:&quot;classic&quot;}\">\n\t\t<div class=\"elementor-element elementor-element-44fc8256 e-con-full e-flex e-con e-child\" data-id=\"44fc8256\" data-element_type=\"container\" data-e-type=\"container\">\n\t\t\t\t<div class=\"elementor-element elementor-element-372c22f7 elementor-widget elementor-widget-heading\" data-id=\"372c22f7\" data-element_type=\"widget\" data-e-type=\"widget\" data-widget_type=\"heading.default\">\n\t\t\t\t<div class=\"elementor-widget-container\">\n\t\t\t\t\t<h1 class=\"elementor-heading-title elementor-size-default\">Voyager dans Trove<\/h1>\t\t\t\t<\/div>\n\t\t\t\t<\/div>\n\t\t\t\t<div class=\"elementor-element elementor-element-27af7184 elementor-widget elementor-widget-text-editor\" data-id=\"27af7184\" data-element_type=\"widget\" data-e-type=\"widget\" data-widget_type=\"text-editor.default\">\n\t\t\t\t<div class=\"elementor-widget-container\">\n\t\t\t\t\t\t\t\t\t<p>Des plateaux ardents des Pics de Pyrodragon aux canyons chocolat\u00e9s de Gourmandistrict, les territoires de Trove sont extr\u00eamement vari\u00e9s. Suivez ces astuces \u00e9prouv\u00e9es pour explorer tous les terrains avec style ! <\/p><p>Trove propose des tonnes de moyens de transport et autant de fa\u00e7ons de les obtenir. Fabriquez votre v\u00e9hicule de vos propres mains ou trouvez la perle rare dans les Cassettes d\u2019aventure r\u00e9cup\u00e9r\u00e9es sur les ennemis tomb\u00e9s au combat. Gagnez une monture en suivant les diffusions de vos joueurs pr\u00e9f\u00e9r\u00e9s ou en parcourant le catalogue de la Boutique Trove. Persuadez un ami de vous rejoindre sur Trove et vous gagnerez peut-\u00eatre une monture sp\u00e9ciale exclusive \u00e0 notre programme de parrainage (libre \u00e0 vous de d\u00e9cider de vos moyens de le convaincre, mais en g\u00e9n\u00e9ral, un paquet de cookies, \u00e7a fonctionne plut\u00f4t bien).    <\/p>\t\t\t\t\t\t\t\t<\/div>\n\t\t\t\t<\/div>\n\t\t\t\t<\/div>\n\t\t<div class=\"elementor-element elementor-element-184f3b9f e-con-full e-flex e-con e-child\" data-id=\"184f3b9f\" data-element_type=\"container\" data-e-type=\"container\">\n\t\t\t\t<\/div>\n\t\t\t\t<\/div>\n\t\t\t\t<\/div>\n\t\t<div class=\"elementor-element elementor-element-c296c2c e-con-full as-slider e-flex e-con e-child\" data-id=\"c296c2c\" data-element_type=\"container\" data-e-type=\"container\" data-settings=\"{&quot;background_background&quot;:&quot;classic&quot;}\">\n\t\t<div class=\"elementor-element elementor-element-6690670f e-con-full content-width e-flex e-con e-child\" data-id=\"6690670f\" data-element_type=\"container\" data-e-type=\"container\">\n\t\t<div class=\"elementor-element elementor-element-c9d6d17 e-con-full e-flex e-con e-child\" data-id=\"c9d6d17\" data-element_type=\"container\" data-e-type=\"container\">\n\t\t\t\t<div class=\"elementor-element elementor-element-7110cd75 elementor-widget elementor-widget-image\" data-id=\"7110cd75\" data-element_type=\"widget\" data-e-type=\"widget\" data-widget_type=\"image.default\">\n\t\t\t\t<div class=\"elementor-widget-container\">\n\t\t\t\t\t\t\t\t\t\t\t\t\t\t\t<img fetchpriority=\"high\" decoding=\"async\" width=\"800\" height=\"647\" src=\"https:\/\/trovegame.com\/wp-content\/uploads\/2025\/02\/getting-around-multi-jump.webp\" class=\"attachment-large size-large wp-image-584\" alt=\"Trove - getting around with Multi Jumps\" srcset=\"https:\/\/trovegame.com\/wp-content\/uploads\/2025\/02\/getting-around-multi-jump.webp 865w, https:\/\/trovegame.com\/wp-content\/uploads\/2025\/02\/getting-around-multi-jump-300x243.webp 300w, https:\/\/trovegame.com\/wp-content\/uploads\/2025\/02\/getting-around-multi-jump-768x622.webp 768w\" sizes=\"(max-width: 800px) 100vw, 800px\" \/>\t\t\t\t\t\t\t\t\t\t\t\t\t\t\t<\/div>\n\t\t\t\t<\/div>\n\t\t\t\t<div class=\"elementor-element elementor-element-39eaf55f elementor-widget elementor-widget-heading\" data-id=\"39eaf55f\" data-element_type=\"widget\" data-e-type=\"widget\" data-widget_type=\"heading.default\">\n\t\t\t\t<div class=\"elementor-widget-container\">\n\t\t\t\t\t<h2 class=\"elementor-heading-title elementor-size-default\">Multi-saut<\/h2>\t\t\t\t<\/div>\n\t\t\t\t<\/div>\n\t\t\t\t<div class=\"elementor-element elementor-element-52ad2bbe elementor-widget elementor-widget-text-editor\" data-id=\"52ad2bbe\" data-element_type=\"widget\" data-e-type=\"widget\" data-widget_type=\"text-editor.default\">\n\t\t\t\t<div class=\"elementor-widget-container\">\n\t\t\t\t\t\t\t\t\t<p>Pour sauter, appuyez sur la <strong>barre espace<\/strong>. Comment ? Vous voulez sauter plus haut ? Tr\u00e8s bien. Appuyez une deuxi\u00e8me fois sur la barre espace au sommet de votre saut pour vous envoler encore plus haut. Tous les Troviens peuvent effectuer des doubles-sauts, mais vous pouvez viser encore plus haut ! Collectez de l\u2019\u00e9quipement pour gonfler vos stats de saut ! Plus vos stats de saut seront \u00e9lev\u00e9es, plus vous pourrez effectuer de sauts une fois en l\u2019air. Deux sauts, c\u2019est bien. Vingt-cinq sauts ou plus, c\u2019est tellement mieux !       <\/p>\t\t\t\t\t\t\t\t<\/div>\n\t\t\t\t<\/div>\n\t\t\t\t<\/div>\n\t\t<div class=\"elementor-element elementor-element-5af1642e e-con-full e-flex e-con e-child\" data-id=\"5af1642e\" data-element_type=\"container\" data-e-type=\"container\">\n\t\t\t\t<div class=\"elementor-element elementor-element-63a56992 elementor-widget elementor-widget-image\" data-id=\"63a56992\" data-element_type=\"widget\" data-e-type=\"widget\" data-widget_type=\"image.default\">\n\t\t\t\t<div class=\"elementor-widget-container\">\n\t\t\t\t\t\t\t\t\t\t\t\t\t\t\t<img decoding=\"async\" width=\"800\" height=\"647\" src=\"https:\/\/trovegame.com\/wp-content\/uploads\/2025\/02\/getting-around-mounts.webp\" class=\"attachment-large size-large wp-image-580\" alt=\"Trove - Getting around on mounts\" srcset=\"https:\/\/trovegame.com\/wp-content\/uploads\/2025\/02\/getting-around-mounts.webp 865w, https:\/\/trovegame.com\/wp-content\/uploads\/2025\/02\/getting-around-mounts-300x243.webp 300w, https:\/\/trovegame.com\/wp-content\/uploads\/2025\/02\/getting-around-mounts-768x622.webp 768w\" sizes=\"(max-width: 800px) 100vw, 800px\" \/>\t\t\t\t\t\t\t\t\t\t\t\t\t\t\t<\/div>\n\t\t\t\t<\/div>\n\t\t\t\t<div class=\"elementor-element elementor-element-7120440d elementor-widget elementor-widget-heading\" data-id=\"7120440d\" data-element_type=\"widget\" data-e-type=\"widget\" data-widget_type=\"heading.default\">\n\t\t\t\t<div class=\"elementor-widget-container\">\n\t\t\t\t\t<h2 class=\"elementor-heading-title elementor-size-default\">Montures<\/h2>\t\t\t\t<\/div>\n\t\t\t\t<\/div>\n\t\t\t\t<div class=\"elementor-element elementor-element-2a62fe70 elementor-widget elementor-widget-text-editor\" data-id=\"2a62fe70\" data-element_type=\"widget\" data-e-type=\"widget\" data-widget_type=\"text-editor.default\">\n\t\t\t\t<div class=\"elementor-widget-container\">\n\t\t\t\t\t\t\t\t\t<p>Appuyez sur <strong>Z<\/strong> pour sauter sur le dos de votre cheval offert, S\u00e9bastien mollo, et vous irez d\u00e9j\u00e0 plus vite qu\u2019avec vos bottes cubiques. Mais personne ne vous en voudra de l\u00e2cher votre fid\u00e8le S\u00e9bastien mollo pour lui pr\u00e9f\u00e9rer une monture \u00c9-KID\u00c9 ou un Tapis magique gagn\u00e9s en suivant nos diffusions en direct ! <\/p><p>Appuyez sur <strong>C<\/strong> pour afficher la page de votre personnage, puis cliquez sur l\u2019ic\u00f4ne de monture pour en s\u00e9lectionner une. Une fois que vous avez fait votre choix, appuyez sur <strong>Z<\/strong> pour appeler votre fid\u00e8le destrier \u00e0 tout moment. <\/p>\t\t\t\t\t\t\t\t<\/div>\n\t\t\t\t<\/div>\n\t\t\t\t<\/div>\n\t\t<div class=\"elementor-element elementor-element-5f78ccbf e-con-full e-flex e-con e-child\" data-id=\"5f78ccbf\" data-element_type=\"container\" data-e-type=\"container\">\n\t\t\t\t<div class=\"elementor-element elementor-element-c31053b elementor-widget elementor-widget-image\" data-id=\"c31053b\" data-element_type=\"widget\" data-e-type=\"widget\" data-widget_type=\"image.default\">\n\t\t\t\t<div class=\"elementor-widget-container\">\n\t\t\t\t\t\t\t\t\t\t\t\t\t\t\t<img decoding=\"async\" width=\"800\" height=\"647\" src=\"https:\/\/trovegame.com\/wp-content\/uploads\/2025\/02\/gettings-around-wings.webp\" class=\"attachment-large size-large wp-image-588\" alt=\"Trove - Fly around with wings\" srcset=\"https:\/\/trovegame.com\/wp-content\/uploads\/2025\/02\/gettings-around-wings.webp 865w, https:\/\/trovegame.com\/wp-content\/uploads\/2025\/02\/gettings-around-wings-300x243.webp 300w, https:\/\/trovegame.com\/wp-content\/uploads\/2025\/02\/gettings-around-wings-768x622.webp 768w\" sizes=\"(max-width: 800px) 100vw, 800px\" \/>\t\t\t\t\t\t\t\t\t\t\t\t\t\t\t<\/div>\n\t\t\t\t<\/div>\n\t\t\t\t<div class=\"elementor-element elementor-element-3cc0f27a elementor-widget elementor-widget-heading\" data-id=\"3cc0f27a\" data-element_type=\"widget\" data-e-type=\"widget\" data-widget_type=\"heading.default\">\n\t\t\t\t<div class=\"elementor-widget-container\">\n\t\t\t\t\t<h2 class=\"elementor-heading-title elementor-size-default\">Ailes<\/h2>\t\t\t\t<\/div>\n\t\t\t\t<\/div>\n\t\t\t\t<div class=\"elementor-element elementor-element-14b68737 elementor-widget elementor-widget-text-editor\" data-id=\"14b68737\" data-element_type=\"widget\" data-e-type=\"widget\" data-widget_type=\"text-editor.default\">\n\t\t\t\t<div class=\"elementor-widget-container\">\n\t\t\t\t\t\t\t\t\t<p>Regardez dans le ciel ! C\u2019est un oiseau ? C\u2019est un avion ? Non, c\u2019est \u00ab Supervous \u00bb, en train de fendre les airs avec vos ailes ! Ces accessoires a\u00e9rodynamiques, int\u00e9gr\u00e9s depuis la mise \u00e0 jour \u00ab Take Flight \u00bb vous permettent d\u2019observer le monde depuis le ciel. Et comme il en existe de nombreuses vari\u00e9t\u00e9s, collectionnez-les toutes !      <\/p><p>Les ailes sont comme une sorte de deltaplane : grimpez au sommet d\u2019un point \u00e9lev\u00e9, regardez le ciel et maintenez la barre espace. En un rien de temps, vous saurez planer, virer et plonger comme un v\u00e9ritable oiseau. <\/p>\t\t\t\t\t\t\t\t<\/div>\n\t\t\t\t<\/div>\n\t\t\t\t<\/div>\n\t\t\t\t<\/div>\n\t\t\t\t<\/div>\n\t\t<div class=\"elementor-element elementor-element-42416373 e-con-full e-flex e-con e-child\" data-id=\"42416373\" data-element_type=\"container\" data-e-type=\"container\" data-settings=\"{&quot;background_background&quot;:&quot;classic&quot;}\">\n\t\t<div class=\"elementor-element elementor-element-56aff920 e-con-full content-width e-flex e-con e-child\" data-id=\"56aff920\" data-element_type=\"container\" data-e-type=\"container\">\n\t\t<div class=\"elementor-element elementor-element-79538395 e-con-full e-flex e-con e-child\" data-id=\"79538395\" data-element_type=\"container\" data-e-type=\"container\">\n\t\t\t\t<div class=\"elementor-element elementor-element-47a358e9 elementor-widget elementor-widget-image\" data-id=\"47a358e9\" data-element_type=\"widget\" data-e-type=\"widget\" data-widget_type=\"image.default\">\n\t\t\t\t<div class=\"elementor-widget-container\">\n\t\t\t\t\t\t\t\t\t\t\t\t\t\t\t<img loading=\"lazy\" decoding=\"async\" width=\"800\" height=\"637\" src=\"https:\/\/trovegame.com\/wp-content\/uploads\/2025\/02\/getting-around-boats.webp\" class=\"attachment-large size-large wp-image-567\" alt=\"Trove - Getting around in a boat\" srcset=\"https:\/\/trovegame.com\/wp-content\/uploads\/2025\/02\/getting-around-boats.webp 910w, https:\/\/trovegame.com\/wp-content\/uploads\/2025\/02\/getting-around-boats-300x239.webp 300w, https:\/\/trovegame.com\/wp-content\/uploads\/2025\/02\/getting-around-boats-768x612.webp 768w\" sizes=\"(max-width: 800px) 100vw, 800px\" \/>\t\t\t\t\t\t\t\t\t\t\t\t\t\t\t<\/div>\n\t\t\t\t<\/div>\n\t\t\t\t<\/div>\n\t\t<div class=\"elementor-element elementor-element-2872f018 e-con-full e-flex e-con e-child\" data-id=\"2872f018\" data-element_type=\"container\" data-e-type=\"container\">\n\t\t\t\t<div class=\"elementor-element elementor-element-557ce661 elementor-widget elementor-widget-heading\" data-id=\"557ce661\" data-element_type=\"widget\" data-e-type=\"widget\" data-widget_type=\"heading.default\">\n\t\t\t\t<div class=\"elementor-widget-container\">\n\t\t\t\t\t<h2 class=\"elementor-heading-title elementor-size-default\">Bateaux<\/h2>\t\t\t\t<\/div>\n\t\t\t\t<\/div>\n\t\t\t\t<div class=\"elementor-element elementor-element-4f4cc6e5 elementor-widget elementor-widget-text-editor\" data-id=\"4f4cc6e5\" data-element_type=\"widget\" data-e-type=\"widget\" data-widget_type=\"text-editor.default\">\n\t\t\t\t<div class=\"elementor-widget-container\">\n\t\t\t\t\t\t\t\t\t<p>Partez en croisi\u00e8re sur le fleuve tranquille de la vie \u00e0 bord de votre propre bateau ! Int\u00e9gr\u00e9s depuis la mise \u00e0 jour \u00ab Fish \u2018n\u2019 Ships \u00bb, les bateaux offrent d\u2019excellentes perspectives d\u2019aventures aquatiques. Vous d\u00e9marrez avec un simple radeau, mais rapidement, vous pouvez vous fabriquer toutes sortes de navires flamboyants. Car si vous voulez r\u00e9gner sur les mers, c\u2019est un Galion qu\u2019il vous faut !   <\/p><p>Comme votre monture terrestre, vous pouvez s\u00e9lectionner votre bateau depuis la page de votre personnage (C). D\u00e8s que vous trouvez une voie navigable, appuyez sur <strong>G<\/strong> pour qu\u2019il vous rejoigne. Les Troviens ne peuvent pas flotter, donc si vous tombez \u00e0 l\u2019eau sans bateau, vous coulerez comme une pierre. Mais pas de panique, moussaillon : \u00e9liminez vos ennemis sous-marins, appuyez une nouvelle fois sur <strong>G<\/strong> et votre navire vous remontera \u00e0 la surface.   <\/p>\t\t\t\t\t\t\t\t<\/div>\n\t\t\t\t<\/div>\n\t\t\t\t<\/div>\n\t\t\t\t<\/div>\n\t\t<div class=\"elementor-element elementor-element-16159552 e-con-full content-width e-flex e-con e-child\" data-id=\"16159552\" data-element_type=\"container\" data-e-type=\"container\">\n\t\t<div class=\"elementor-element elementor-element-49b6b347 e-con-full e-flex e-con e-child\" data-id=\"49b6b347\" data-element_type=\"container\" data-e-type=\"container\">\n\t\t\t\t<div class=\"elementor-element elementor-element-427adad8 elementor-widget elementor-widget-image\" data-id=\"427adad8\" data-element_type=\"widget\" data-e-type=\"widget\" data-widget_type=\"image.default\">\n\t\t\t\t<div class=\"elementor-widget-container\">\n\t\t\t\t\t\t\t\t\t\t\t\t\t\t\t<img loading=\"lazy\" decoding=\"async\" width=\"800\" height=\"681\" src=\"https:\/\/trovegame.com\/wp-content\/uploads\/2025\/02\/getting-around-mag-riders.webp\" class=\"attachment-large size-large wp-image-575\" alt=\"Trove - Getting around in Mag Riders\" srcset=\"https:\/\/trovegame.com\/wp-content\/uploads\/2025\/02\/getting-around-mag-riders.webp 910w, https:\/\/trovegame.com\/wp-content\/uploads\/2025\/02\/getting-around-mag-riders-300x255.webp 300w, https:\/\/trovegame.com\/wp-content\/uploads\/2025\/02\/getting-around-mag-riders-768x654.webp 768w\" sizes=\"(max-width: 800px) 100vw, 800px\" \/>\t\t\t\t\t\t\t\t\t\t\t\t\t\t\t<\/div>\n\t\t\t\t<\/div>\n\t\t\t\t<\/div>\n\t\t<div class=\"elementor-element elementor-element-6e8a5ce5 e-con-full e-flex e-con e-child\" data-id=\"6e8a5ce5\" data-element_type=\"container\" data-e-type=\"container\">\n\t\t\t\t<div class=\"elementor-element elementor-element-6b0de1cc elementor-widget elementor-widget-heading\" data-id=\"6b0de1cc\" data-element_type=\"widget\" data-e-type=\"widget\" data-widget_type=\"heading.default\">\n\t\t\t\t<div class=\"elementor-widget-container\">\n\t\t\t\t\t<h2 class=\"elementor-heading-title elementor-size-default\">MagWagons<\/h2>\t\t\t\t<\/div>\n\t\t\t\t<\/div>\n\t\t\t\t<div class=\"elementor-element elementor-element-d92cf0 elementor-widget elementor-widget-text-editor\" data-id=\"d92cf0\" data-element_type=\"widget\" data-e-type=\"widget\" data-widget_type=\"text-editor.default\">\n\t\t\t\t<div class=\"elementor-widget-container\">\n\t\t\t\t\t\t\t\t\t<p>Prenez un MagWagon, ajoutez-y un MagRail, et en avant pour les sensations fortes ! Vous pouvez fabriquer votre propre MagWagon et votre circuit de MagRails en l\u2019agr\u00e9mentant de boosts de vitesse et de sauts ultrap\u00e9rilleux. <\/p><p>Vous pouvez m\u00eame le faire passer sur des blocs musicaux pour cr\u00e9er votre propre chanson ! Trouvez un circuit de MagRails, appuyez sur <strong>X<\/strong> et en voiture Simone ! <\/p>\t\t\t\t\t\t\t\t<\/div>\n\t\t\t\t<\/div>\n\t\t\t\t<\/div>\n\t\t\t\t<\/div>\n\t\t<div class=\"elementor-element elementor-element-e0a5227 e-con-full content-width e-flex e-con e-child\" data-id=\"e0a5227\" data-element_type=\"container\" data-e-type=\"container\">\n\t\t<div class=\"elementor-element elementor-element-de33978 e-con-full e-flex e-con e-child\" data-id=\"de33978\" data-element_type=\"container\" data-e-type=\"container\">\n\t\t\t\t<div class=\"elementor-element elementor-element-c3efb5f elementor-widget elementor-widget-image\" data-id=\"c3efb5f\" data-element_type=\"widget\" data-e-type=\"widget\" data-widget_type=\"image.default\">\n\t\t\t\t<div class=\"elementor-widget-container\">\n\t\t\t\t\t\t\t\t\t\t\t\t\t\t\t<img loading=\"lazy\" decoding=\"async\" width=\"800\" height=\"637\" src=\"https:\/\/trovegame.com\/wp-content\/uploads\/2025\/02\/getting-around-dragons.webp\" class=\"attachment-large size-large wp-image-571\" alt=\"Trove - Getting around on dragons\" srcset=\"https:\/\/trovegame.com\/wp-content\/uploads\/2025\/02\/getting-around-dragons.webp 910w, https:\/\/trovegame.com\/wp-content\/uploads\/2025\/02\/getting-around-dragons-300x239.webp 300w, https:\/\/trovegame.com\/wp-content\/uploads\/2025\/02\/getting-around-dragons-768x612.webp 768w\" sizes=\"(max-width: 800px) 100vw, 800px\" \/>\t\t\t\t\t\t\t\t\t\t\t\t\t\t\t<\/div>\n\t\t\t\t<\/div>\n\t\t\t\t<\/div>\n\t\t<div class=\"elementor-element elementor-element-e72da1f e-con-full e-flex e-con e-child\" data-id=\"e72da1f\" data-element_type=\"container\" data-e-type=\"container\">\n\t\t\t\t<div class=\"elementor-element elementor-element-fa69f5b elementor-widget elementor-widget-heading\" data-id=\"fa69f5b\" data-element_type=\"widget\" data-e-type=\"widget\" data-widget_type=\"heading.default\">\n\t\t\t\t<div class=\"elementor-widget-container\">\n\t\t\t\t\t<h2 class=\"elementor-heading-title elementor-size-default\">Dragons<\/h2>\t\t\t\t<\/div>\n\t\t\t\t<\/div>\n\t\t\t\t<div class=\"elementor-element elementor-element-f42f6fd elementor-widget elementor-widget-text-editor\" data-id=\"f42f6fd\" data-element_type=\"widget\" data-e-type=\"widget\" data-widget_type=\"text-editor.default\">\n\t\t\t\t<div class=\"elementor-widget-container\">\n\t\t\t\t\t\t\t\t\t<p>Un dragon, c\u2019est souvent la solution ! Nous avons des dragons qui servent de fid\u00e8le monture, d\u2019autres sur lesquels vous pouvez voler, et d\u2019autres encore qui se feront une joie de r\u00e9duire vos ennemis en cendres ! <\/p><p>Aventure. Exploration. Cr\u00e9ation. Bondissez, volez ou galopez dans Trove d\u00e8s maintenant !   <\/p>\t\t\t\t\t\t\t\t<\/div>\n\t\t\t\t<\/div>\n\t\t\t\t<\/div>\n\t\t\t\t<\/div>\n\t\t\t\t<\/div>\n\t\t\t\t<\/div>\n\t\t\t\t<\/div>\n\t\t","protected":false},"excerpt":{"rendered":"<p>Voyager dans Trove Des plateaux ardents des Pics de Pyrodragon aux canyons chocolat\u00e9s de Gourmandistrict, les territoires de Trove sont extr\u00eamement vari\u00e9s. Suivez ces astuces \u00e9prouv\u00e9es pour explorer tous les terrains avec style ! Trove propose des tonnes de moyens de transport et autant de fa\u00e7ons de les obtenir. Fabriquez votre v\u00e9hicule de vos propres [&hellip;]<\/p>\n","protected":false},"author":1,"featured_media":0,"parent":1980,"menu_order":0,"comment_status":"closed","ping_status":"closed","template":"","meta":{"_acf_changed":false,"footnotes":""},"class_list":["post-1958","page","type-page","status-publish","hentry"],"acf":[],"_links":{"self":[{"href":"https:\/\/trovegame.com\/fr\/wp-json\/wp\/v2\/pages\/1958","targetHints":{"allow":["GET"]}}],"collection":[{"href":"https:\/\/trovegame.com\/fr\/wp-json\/wp\/v2\/pages"}],"about":[{"href":"https:\/\/trovegame.com\/fr\/wp-json\/wp\/v2\/types\/page"}],"author":[{"embeddable":true,"href":"https:\/\/trovegame.com\/fr\/wp-json\/wp\/v2\/users\/1"}],"replies":[{"embeddable":true,"href":"https:\/\/trovegame.com\/fr\/wp-json\/wp\/v2\/comments?post=1958"}],"version-history":[{"count":0,"href":"https:\/\/trovegame.com\/fr\/wp-json\/wp\/v2\/pages\/1958\/revisions"}],"up":[{"embeddable":true,"href":"https:\/\/trovegame.com\/fr\/wp-json\/wp\/v2\/pages\/1980"}],"wp:attachment":[{"href":"https:\/\/trovegame.com\/fr\/wp-json\/wp\/v2\/media?parent=1958"}],"curies":[{"name":"wp","href":"https:\/\/api.w.org\/{rel}","templated":true}]}}