{"id":1952,"date":"2025-02-17T07:29:05","date_gmt":"2025-02-17T07:29:05","guid":{"rendered":"https:\/\/trovegame.com\/faq\/"},"modified":"2025-05-07T10:38:52","modified_gmt":"2025-05-07T10:38:52","slug":"faq","status":"publish","type":"page","link":"https:\/\/trovegame.com\/fr\/guide-du-jeu\/faq\/","title":{"rendered":"FAQ"},"content":{"rendered":"\t\t<div data-elementor-type=\"wp-page\" data-elementor-id=\"1952\" class=\"elementor elementor-1952 elementor-235\" data-elementor-post-type=\"page\">\n\t\t\t\t<div class=\"elementor-element elementor-element-53383dce e-con-full main-container e-flex e-con e-parent\" data-id=\"53383dce\" data-element_type=\"container\" data-e-type=\"container\" data-settings=\"{&quot;background_background&quot;:&quot;classic&quot;}\">\n\t\t<div class=\"elementor-element elementor-element-7d560058 e-con-full e-flex e-con e-child\" data-id=\"7d560058\" data-element_type=\"container\" data-e-type=\"container\">\n\t\t<div class=\"elementor-element elementor-element-733d0e5b e-con-full subpage-header-area e-flex e-con e-child\" data-id=\"733d0e5b\" data-element_type=\"container\" data-e-type=\"container\" data-settings=\"{&quot;background_background&quot;:&quot;classic&quot;}\">\n\t\t<div class=\"elementor-element elementor-element-31fcda2b e-con-full e-flex e-con e-child\" data-id=\"31fcda2b\" data-element_type=\"container\" data-e-type=\"container\">\n\t\t\t\t<div class=\"elementor-element elementor-element-7d5aa063 elementor-widget elementor-widget-heading\" data-id=\"7d5aa063\" data-element_type=\"widget\" data-e-type=\"widget\" data-widget_type=\"heading.default\">\n\t\t\t\t<div class=\"elementor-widget-container\">\n\t\t\t\t\t<h1 class=\"elementor-heading-title elementor-size-default\">FAQ<\/h1>\t\t\t\t<\/div>\n\t\t\t\t<\/div>\n\t\t\t\t<div class=\"elementor-element elementor-element-4267e49 elementor-widget elementor-widget-heading\" data-id=\"4267e49\" data-element_type=\"widget\" data-e-type=\"widget\" data-widget_type=\"heading.default\">\n\t\t\t\t<div class=\"elementor-widget-container\">\n\t\t\t\t\t<h3 class=\"elementor-heading-title elementor-size-default\">Trove, c\u2019est quoi ?<\/h3>\t\t\t\t<\/div>\n\t\t\t\t<\/div>\n\t\t\t\t<div class=\"elementor-element elementor-element-7f3d195f elementor-widget elementor-widget-text-editor\" data-id=\"7f3d195f\" data-element_type=\"widget\" data-e-type=\"widget\" data-widget_type=\"text-editor.default\">\n\t\t\t\t<div class=\"elementor-widget-container\">\n\t\t\t\t\t\t\t\t\t<p>Trove est une aventure voxel dans un monde enti\u00e8rement ouvert qui propose une infinit\u00e9 de territoires renfermant des qu\u00eates, des coffres et des ennemis de toutes les tailles et de toutes les formes (quoique la plupart du temps carr\u00e9s). Dans ce RPG \u00e0 l\u2019esprit r\u00e9solument cubique, vous partirez explorer des mondes g\u00e9n\u00e9r\u00e9s al\u00e9atoirement tout en b\u00e9n\u00e9ficiant d\u2019une libert\u00e9 de cr\u00e9ation totale pour b\u00e2tir le v\u00f4tre ! <\/p>\t\t\t\t\t\t\t\t<\/div>\n\t\t\t\t<\/div>\n\t\t\t\t<\/div>\n\t\t<div class=\"elementor-element elementor-element-f5fd638 e-con-full e-flex e-con e-child\" data-id=\"f5fd638\" data-element_type=\"container\" data-e-type=\"container\">\n\t\t\t\t<\/div>\n\t\t\t\t<\/div>\n\t\t\t\t<\/div>\n\t\t<div class=\"elementor-element elementor-element-44393191 e-con-full e-flex e-con e-child\" data-id=\"44393191\" data-element_type=\"container\" data-e-type=\"container\" data-settings=\"{&quot;background_background&quot;:&quot;classic&quot;}\">\n\t\t<div class=\"elementor-element elementor-element-da26bb1 e-con-full content-width e-flex e-con e-child\" data-id=\"da26bb1\" data-element_type=\"container\" data-e-type=\"container\">\n\t\t<div class=\"elementor-element elementor-element-7bd5260 e-con-full e-flex e-con e-child\" data-id=\"7bd5260\" data-element_type=\"container\" data-e-type=\"container\">\n\t\t\t\t<div class=\"elementor-element elementor-element-73cbd59 elementor-widget elementor-widget-heading\" data-id=\"73cbd59\" data-element_type=\"widget\" data-e-type=\"widget\" data-widget_type=\"heading.default\">\n\t\t\t\t<div class=\"elementor-widget-container\">\n\t\t\t\t\t<h3 class=\"elementor-heading-title elementor-size-default\">Qu\u2019est-ce que Trove a de plus que les autres jeux voxel ?<\/h3>\t\t\t\t<\/div>\n\t\t\t\t<\/div>\n\t\t\t\t<div class=\"elementor-element elementor-element-f6300df elementor-widget elementor-widget-text-editor\" data-id=\"f6300df\" data-element_type=\"widget\" data-e-type=\"widget\" data-widget_type=\"text-editor.default\">\n\t\t\t\t<div class=\"elementor-widget-container\">\n\t\t\t\t\t\t\t\t\t<p>En plus des m\u00e9caniques habituelles de collecte et de construction, Trove est r\u00e9solument tourn\u00e9 vers le RPG. Vous pouvez choisir parmi plus d\u2019une dizaine de classes uniques, affronter des centaines de monstres plus loufoques les uns que les autres, r\u00e9cup\u00e9rer ou fabriquer l\u2019\u00e9quipement le plus \u00e9pique, adopter un style visuel parmi des milliers et chevaucher des centaines de montures aussi cauchemardesques que classieuses : dragons cracheurs de feu, dinosaures \u00e9quip\u00e9s de canon laser, et bien d\u2019autres ! <\/p>\t\t\t\t\t\t\t\t<\/div>\n\t\t\t\t<\/div>\n\t\t\t\t<div class=\"elementor-element elementor-element-deade6b elementor-widget elementor-widget-heading\" data-id=\"deade6b\" data-element_type=\"widget\" data-e-type=\"widget\" data-widget_type=\"heading.default\">\n\t\t\t\t<div class=\"elementor-widget-container\">\n\t\t\t\t\t<h3 class=\"elementor-heading-title elementor-size-default\">Trove attire-t-il beaucoup de joueurs ?<\/h3>\t\t\t\t<\/div>\n\t\t\t\t<\/div>\n\t\t\t\t<div class=\"elementor-element elementor-element-9b57c96 elementor-widget elementor-widget-text-editor\" data-id=\"9b57c96\" data-element_type=\"widget\" data-e-type=\"widget\" data-widget_type=\"text-editor.default\">\n\t\t\t\t<div class=\"elementor-widget-container\">\n\t\t\t\t\t\t\t\t\t<p>Trove compte des joueurs r\u00e9partis sur 5 plateformes diff\u00e9rentes et dans plus de 200 pays et r\u00e9gions du monde.<\/p>\t\t\t\t\t\t\t\t<\/div>\n\t\t\t\t<\/div>\n\t\t\t\t<div class=\"elementor-element elementor-element-2b883cd elementor-widget elementor-widget-heading\" data-id=\"2b883cd\" data-element_type=\"widget\" data-e-type=\"widget\" data-widget_type=\"heading.default\">\n\t\t\t\t<div class=\"elementor-widget-container\">\n\t\t\t\t\t<h3 class=\"elementor-heading-title elementor-size-default\">Sur quelles plateformes Trove est-il disponible ?<\/h3>\t\t\t\t<\/div>\n\t\t\t\t<\/div>\n\t\t\t\t<div class=\"elementor-element elementor-element-9bb15a5 elementor-widget elementor-widget-text-editor\" data-id=\"9bb15a5\" data-element_type=\"widget\" data-e-type=\"widget\" data-widget_type=\"text-editor.default\">\n\t\t\t\t<div class=\"elementor-widget-container\">\n\t\t\t\t\t\t\t\t\t<p>\u00c0 l\u2019heure actuelle, Trove est disponible sur <a href=\"https:\/\/www.xbox.com\/fr-fr\/games\/store\/trove\/c4m5bk5hmgjd\" target=\"_blank\" rel=\"noopener noreferrer\">Xbox\u2122,<\/a> <a href=\"https:\/\/www.playstation.com\/fr-fr\/games\/trove\/\" target=\"_blank\" rel=\"noopener noreferrer\">PlayStation\u00ae<\/a>, <a href=\"https:\/\/www.nintendo.com\/fr-fr\/Jeux\/Jeux-a-telecharger-sur-Nintendo-Switch\/Trove-1994054.html\" target=\"_blank\" rel=\"noopener\">Nintendo Switch\u2122<\/a>, <a href=\"https:\/\/glyph.dyn.triongames.com\/glyph\/live\/GlyphInstall.exe\" target=\"_blank\" rel=\"noopener\">PC<\/a> and <a href=\"https:\/\/store.steampowered.com\/app\/304050\/Trove\/\" target=\"_blank\" rel=\"noopener\">Steam<\/a>.<\/p>\t\t\t\t\t\t\t\t<\/div>\n\t\t\t\t<\/div>\n\t\t\t\t<div class=\"elementor-element elementor-element-6b6abfb elementor-widget elementor-widget-heading\" data-id=\"6b6abfb\" data-element_type=\"widget\" data-e-type=\"widget\" data-widget_type=\"heading.default\">\n\t\t\t\t<div class=\"elementor-widget-container\">\n\t\t\t\t\t<h3 class=\"elementor-heading-title elementor-size-default\">Trove est-il gratuit ?<\/h3>\t\t\t\t<\/div>\n\t\t\t\t<\/div>\n\t\t\t\t<div class=\"elementor-element elementor-element-6aedd93 elementor-widget elementor-widget-text-editor\" data-id=\"6aedd93\" data-element_type=\"widget\" data-e-type=\"widget\" data-widget_type=\"text-editor.default\">\n\t\t\t\t<div class=\"elementor-widget-container\">\n\t\t\t\t\t\t\t\t\t<p>Oui !<\/p>\t\t\t\t\t\t\t\t<\/div>\n\t\t\t\t<\/div>\n\t\t\t\t<div class=\"elementor-element elementor-element-bc6fa47 elementor-widget elementor-widget-heading\" data-id=\"bc6fa47\" data-element_type=\"widget\" data-e-type=\"widget\" data-widget_type=\"heading.default\">\n\t\t\t\t<div class=\"elementor-widget-container\">\n\t\t\t\t\t<h3 class=\"elementor-heading-title elementor-size-default\">Que sont les cr\u00e9dits ?<\/h3>\t\t\t\t<\/div>\n\t\t\t\t<\/div>\n\t\t\t\t<div class=\"elementor-element elementor-element-85f0dbf elementor-widget elementor-widget-text-editor\" data-id=\"85f0dbf\" data-element_type=\"widget\" data-e-type=\"widget\" data-widget_type=\"text-editor.default\">\n\t\t\t\t<div class=\"elementor-widget-container\">\n\t\t\t\t\t\t\t\t\t<p>Les cr\u00e9dits sont la devise de la boutique en jeu. Ils vous permettent d\u2019acheter toutes sortes de choses, notamment des objets, des montures, des classes et des costumes pour votre personnage ! <\/p>\t\t\t\t\t\t\t\t<\/div>\n\t\t\t\t<\/div>\n\t\t\t\t<div class=\"elementor-element elementor-element-15ad8e2 elementor-widget elementor-widget-heading\" data-id=\"15ad8e2\" data-element_type=\"widget\" data-e-type=\"widget\" data-widget_type=\"heading.default\">\n\t\t\t\t<div class=\"elementor-widget-container\">\n\t\t\t\t\t<h3 class=\"elementor-heading-title elementor-size-default\">J\u2019ai appris qu\u2019il existait une communaut\u00e9 Trove. Comment la trouver ?<\/h3>\t\t\t\t<\/div>\n\t\t\t\t<\/div>\n\t\t\t\t<div class=\"elementor-element elementor-element-866ad14 elementor-widget elementor-widget-text-editor\" data-id=\"866ad14\" data-element_type=\"widget\" data-e-type=\"widget\" data-widget_type=\"text-editor.default\">\n\t\t\t\t<div class=\"elementor-widget-container\">\n\t\t\t\t\t\t\t\t\t<div class=\"ewa-rteLine\"><a href=\"https:\/\/discord.com\/invite\/trovegame\" target=\"_blank\" rel=\"noopener\">Discord officiel de Trove<\/a><\/div><div class=\"ewa-rteLine\"><a href=\"https:\/\/www.tiktok.com\/@playtrove\" target=\"_blank\" rel=\"noopener\">TikTok officiel de Trove<\/a><\/div><div class=\"ewa-rteLine\"><a href=\"https:\/\/www.youtube.com\/@TroveGame\/\" target=\"_blank\" rel=\"noopener\">Trove Official Youtube<\/a><\/div><div class=\"ewa-rteLine\"><a href=\"https:\/\/www.reddit.com\/r\/Trove\/\" target=\"_blank\" rel=\"noopener\">Subreddit officiel de Trove<br><\/a><a href=\"https:\/\/www.instagram.com\/trovegame\/?hl=en\" target=\"_blank\" rel=\"noopener\">Page Instagram officielle de Trove<br><\/a><a href=\"https:\/\/www.facebook.com\/trovegame\" target=\"_blank\" rel=\"noopener noreferrer\">Page Facebook officielle de Trove<br><\/a><a href=\"https:\/\/twitter.com\/TroveGame\" target=\"_blank\" rel=\"noopener noreferrer\">Compte Twitter officiel de Trove<\/a><\/div>\t\t\t\t\t\t\t\t<\/div>\n\t\t\t\t<\/div>\n\t\t\t\t<div class=\"elementor-element elementor-element-3d162fa elementor-widget elementor-widget-heading\" data-id=\"3d162fa\" data-element_type=\"widget\" data-e-type=\"widget\" data-widget_type=\"heading.default\">\n\t\t\t\t<div class=\"elementor-widget-container\">\n\t\t\t\t\t<h3 class=\"elementor-heading-title elementor-size-default\">En quelles langues Trove est-il disponible ?<\/h3>\t\t\t\t<\/div>\n\t\t\t\t<\/div>\n\t\t\t\t<div class=\"elementor-element elementor-element-0a30f28 elementor-widget elementor-widget-text-editor\" data-id=\"0a30f28\" data-element_type=\"widget\" data-e-type=\"widget\" data-widget_type=\"text-editor.default\">\n\t\t\t\t<div class=\"elementor-widget-container\">\n\t\t\t\t\t\t\t\t\t<p><span data-teams=\"true\">Trove est actuellement disponible en anglais, en fran\u00e7ais et en allemand sur toutes les plateformes, ainsi qu&rsquo;en chinois simplifi\u00e9 et en espagnol sur PC.<\/span><\/p><p><span data-teams=\"true\">Nous pr\u00e9voyons d&rsquo;ajouter de nouvelles langues un jour, ainsi que de nombreuses traductions communautaires en d&rsquo;autres langues.<\/span><\/p>\t\t\t\t\t\t\t\t<\/div>\n\t\t\t\t<\/div>\n\t\t\t\t<div class=\"elementor-element elementor-element-1107da1 elementor-widget elementor-widget-heading\" data-id=\"1107da1\" data-element_type=\"widget\" data-e-type=\"widget\" data-widget_type=\"heading.default\">\n\t\t\t\t<div class=\"elementor-widget-container\">\n\t\t\t\t\t<h2 class=\"elementor-heading-title elementor-size-default\">PC<\/h2>\t\t\t\t<\/div>\n\t\t\t\t<\/div>\n\t\t\t\t<div class=\"elementor-element elementor-element-4d0426d elementor-widget elementor-widget-heading\" data-id=\"4d0426d\" data-element_type=\"widget\" data-e-type=\"widget\" data-widget_type=\"heading.default\">\n\t\t\t\t<div class=\"elementor-widget-container\">\n\t\t\t\t\t<h3 class=\"elementor-heading-title elementor-size-default\">O\u00f9 puis-je t\u00e9l\u00e9charger Trove ?<\/h3>\t\t\t\t<\/div>\n\t\t\t\t<\/div>\n\t\t\t\t<div class=\"elementor-element elementor-element-7f69962 elementor-widget elementor-widget-text-editor\" data-id=\"7f69962\" data-element_type=\"widget\" data-e-type=\"widget\" data-widget_type=\"text-editor.default\">\n\t\t\t\t<div class=\"elementor-widget-container\">\n\t\t\t\t\t\t\t\t\t<p>Si vous ne poss\u00e9dez pas Glyph, le centre de jeu et launcher de Glyph, t\u00e9l\u00e9chargez la version <a href=\"https:\/\/glyph.dyn.triongames.com\/glyph\/live\/GlyphInstall.exe\" rel=\"FAQ noopener\" target=\"_blank\">PC <\/a>. Une fois Glyph install\u00e9, s\u00e9lectionnez Trove dans le menu de gauche et installez-le pour d\u00e9marrer votre aventure. <\/p>\t\t\t\t\t\t\t\t<\/div>\n\t\t\t\t<\/div>\n\t\t\t\t<div class=\"elementor-element elementor-element-a4d52c5 elementor-widget elementor-widget-heading\" data-id=\"a4d52c5\" data-element_type=\"widget\" data-e-type=\"widget\" data-widget_type=\"heading.default\">\n\t\t\t\t<div class=\"elementor-widget-container\">\n\t\t\t\t\t<h3 class=\"elementor-heading-title elementor-size-default\">Quelle est la configuration minimale requise pour pouvoir jouer \u00e0 Trove ?<\/h3>\t\t\t\t<\/div>\n\t\t\t\t<\/div>\n\t\t\t\t<div class=\"elementor-element elementor-element-34639fd elementor-widget elementor-widget-text-editor\" data-id=\"34639fd\" data-element_type=\"widget\" data-e-type=\"widget\" data-widget_type=\"text-editor.default\">\n\t\t\t\t<div class=\"elementor-widget-container\">\n\t\t\t\t\t\t\t\t\t<p><strong>WINDOWS :<br><br><\/strong>Syst\u00e8me d\u2019exploitation : Vista 32-bit Service Pack 2<br>Processeur : Intel Core i5-2XXX @ 2.0GHz \/ AMD Phenom II X4 @ 2.6GHz<br>M\u00e9moire vive : 1 Go de RAM<br>Carte graphique : Intel HD Graphics 3000 ou sup\u00e9rieure<br>DirectX : version 10<br>R\u00e9seau : connexion Internet haut d\u00e9bit<br>Disque dur : 1 Go d\u2019espace disponible<br>Divers : pilotes graphiques : OpenGL 3.2 ou DirectX 10.0<\/p>\t\t\t\t\t\t\t\t<\/div>\n\t\t\t\t<\/div>\n\t\t\t\t<div class=\"elementor-element elementor-element-5d21193 elementor-widget elementor-widget-heading\" data-id=\"5d21193\" data-element_type=\"widget\" data-e-type=\"widget\" data-widget_type=\"heading.default\">\n\t\t\t\t<div class=\"elementor-widget-container\">\n\t\t\t\t\t<h2 class=\"elementor-heading-title elementor-size-default\">Consoles<\/h2>\t\t\t\t<\/div>\n\t\t\t\t<\/div>\n\t\t\t\t<div class=\"elementor-element elementor-element-31f0259 elementor-widget elementor-widget-heading\" data-id=\"31f0259\" data-element_type=\"widget\" data-e-type=\"widget\" data-widget_type=\"heading.default\">\n\t\t\t\t<div class=\"elementor-widget-container\">\n\t\t\t\t\t<h3 class=\"elementor-heading-title elementor-size-default\">Comment obtenir Trove ?<\/h3>\t\t\t\t<\/div>\n\t\t\t\t<\/div>\n\t\t\t\t<div class=\"elementor-element elementor-element-dfbab76 elementor-widget elementor-widget-text-editor\" data-id=\"dfbab76\" data-element_type=\"widget\" data-e-type=\"widget\" data-widget_type=\"text-editor.default\">\n\t\t\t\t<div class=\"elementor-widget-container\">\n\t\t\t\t\t\t\t\t\t<p>Trove est disponible gratuitement sur le March\u00e9 Xbox, March\u00e9 Nintendo Switch et PlayStation\u00aeStore.<\/p>\t\t\t\t\t\t\t\t<\/div>\n\t\t\t\t<\/div>\n\t\t\t\t<div class=\"elementor-element elementor-element-4a715c8 elementor-widget elementor-widget-heading\" data-id=\"4a715c8\" data-element_type=\"widget\" data-e-type=\"widget\" data-widget_type=\"heading.default\">\n\t\t\t\t<div class=\"elementor-widget-container\">\n\t\t\t\t\t<h3 class=\"elementor-heading-title elementor-size-default\">Pourquoi associer mon compte console \u00e0 mon compte Glyph ?<\/h3>\t\t\t\t<\/div>\n\t\t\t\t<\/div>\n\t\t\t\t<div class=\"elementor-element elementor-element-f0b97ac elementor-widget elementor-widget-text-editor\" data-id=\"f0b97ac\" data-element_type=\"widget\" data-e-type=\"widget\" data-widget_type=\"text-editor.default\">\n\t\t\t\t<div class=\"elementor-widget-container\">\n\t\t\t\t\t\t\t\t\t<p>L\u2019association de votre compte console \u00e0 votre compte Glyph vous permet de b\u00e9n\u00e9ficier d\u2019offres, de participer \u00e0 des concours ainsi que d\u2019\u00eatre inform\u00e9 des \u00e9v\u00e9nements en jeu et des derni\u00e8res mises \u00e0 jour. Vous obtenez \u00e9galement un alli\u00e9 gratuit : Berlingot, une puissante licorne rose avec +50 en trouvaille magique, une stat unique qui am\u00e9liore consid\u00e9rablement la qualit\u00e9 de votre butin ! <\/p>\t\t\t\t\t\t\t\t<\/div>\n\t\t\t\t<\/div>\n\t\t\t\t<div class=\"elementor-element elementor-element-de17741 elementor-widget elementor-widget-heading\" data-id=\"de17741\" data-element_type=\"widget\" data-e-type=\"widget\" data-widget_type=\"heading.default\">\n\t\t\t\t<div class=\"elementor-widget-container\">\n\t\t\t\t\t<h3 class=\"elementor-heading-title elementor-size-default\">Du contenu gratuit ? \u00c7a m\u2019int\u00e9resse ! Comment associer mes comptes ? <\/h3>\t\t\t\t<\/div>\n\t\t\t\t<\/div>\n\t\t\t\t<div class=\"elementor-element elementor-element-365a665 elementor-widget elementor-widget-text-editor\" data-id=\"365a665\" data-element_type=\"widget\" data-e-type=\"widget\" data-widget_type=\"text-editor.default\">\n\t\t\t\t<div class=\"elementor-widget-container\">\n\t\t\t\t\t\t\t\t\t<p>Pour associer votre compte console \u00e0 votre compte Glyph :<\/p><ol><li>D\u00e9marrez Trove sur Xbox\u2122, PlayStation\u00ae, ou Switch\u2122.<\/li><li>Dans le menu principal, s\u00e9lectionnez \u00ab Jouer \u00bb.<\/li><li>S\u00e9lectionnez \u00ab Lier son compte \u00bb.<\/li><li>Si vous poss\u00e9dez un compte Glyph, s\u00e9lectionnez \u00ab Compte existant \u00bb et connectez-vous. Dans le cas contraire, s\u00e9lectionnez \u00ab Nouveau compte \u00bb et cr\u00e9ez un compte gratuit. <\/li><li>\u00c7a y est, votre compte console est associ\u00e9 \u00e0 votre compte Glyph. <\/li><\/ol><p>Si vous rencontrez des probl\u00e8mes pour lier votre compte, rendez-vous sur notre page de <a href=\"https:\/\/support.gamigo.com\/fr\/support\/solutions\/articles\/201000105388-comment-puis-je-lier-mon-compte-trove-sur-console-%C3%A0-mon-compte-glyph-\" target=\"_blank\" rel=\"noopener noreferrer\">service \u00e0 la client\u00e8le<\/a>.<\/p>\t\t\t\t\t\t\t\t<\/div>\n\t\t\t\t<\/div>\n\t\t\t\t<div class=\"elementor-element elementor-element-3ef2eeb elementor-widget elementor-widget-heading\" data-id=\"3ef2eeb\" data-element_type=\"widget\" data-e-type=\"widget\" data-widget_type=\"heading.default\">\n\t\t\t\t<div class=\"elementor-widget-container\">\n\t\t\t\t\t<h3 class=\"elementor-heading-title elementor-size-default\">Comment dissocier mes comptes ?<\/h3>\t\t\t\t<\/div>\n\t\t\t\t<\/div>\n\t\t\t\t<div class=\"elementor-element elementor-element-aeb4170 elementor-widget elementor-widget-text-editor\" data-id=\"aeb4170\" data-element_type=\"widget\" data-e-type=\"widget\" data-widget_type=\"text-editor.default\">\n\t\t\t\t<div class=\"elementor-widget-container\">\n\t\t\t\t\t\t\t\t\t<p>Pour dissocier votre compte console de votre compte Glyph :<\/p><ol><li>Suivez ce <a href=\"https:\/\/glyph.trionworlds.com\/account\/profile\/change-oauth-flow.action\" target=\"_blank\" rel=\"noopener noreferrer\">lien<\/a> et connectez-vous \u00e0 votre compte.<\/li><li>Une fois connect\u00e9, s\u00e9lectionnez \u00ab Dissocier le compte \u00bb.<\/li><li>Votre compte console et votre compte Trion ne sont plus associ\u00e9s.<\/li><\/ol>\t\t\t\t\t\t\t\t<\/div>\n\t\t\t\t<\/div>\n\t\t\t\t<div class=\"elementor-element elementor-element-342f90f elementor-widget elementor-widget-heading\" data-id=\"342f90f\" data-element_type=\"widget\" data-e-type=\"widget\" data-widget_type=\"heading.default\">\n\t\t\t\t<div class=\"elementor-widget-container\">\n\t\t\t\t\t<h3 class=\"elementor-heading-title elementor-size-default\">Les versions PC et console de Trove sont-elles identiques ?<\/h3>\t\t\t\t<\/div>\n\t\t\t\t<\/div>\n\t\t\t\t<div class=\"elementor-element elementor-element-5f0e412 elementor-widget elementor-widget-text-editor\" data-id=\"5f0e412\" data-element_type=\"widget\" data-e-type=\"widget\" data-widget_type=\"text-editor.default\">\n\t\t\t\t<div class=\"elementor-widget-container\">\n\t\t\t\t\t\t\t\t\t<p>Les mises \u00e0 jour console peuvent demander plus de temps de d\u00e9veloppement en raison des diff\u00e9rents pr\u00e9requis sp\u00e9cifiques de certaines consoles, comme les processus de certification (qui ne sont pas<br>n\u00e9cessaires pour les patchs sur PC). Pour ne pas retarder les mises \u00e0 jour, nous avons d\u00e9cid\u00e9 de casser la parit\u00e9 entre PC et consoles, pour \u00e9viter que des bugs n&rsquo;arrivent sur les plateformes console. <\/p>\t\t\t\t\t\t\t\t<\/div>\n\t\t\t\t<\/div>\n\t\t\t\t<div class=\"elementor-element elementor-element-f74b505 elementor-widget elementor-widget-heading\" data-id=\"f74b505\" data-element_type=\"widget\" data-e-type=\"widget\" data-widget_type=\"heading.default\">\n\t\t\t\t<div class=\"elementor-widget-container\">\n\t\t\t\t\t<h3 class=\"elementor-heading-title elementor-size-default\">Trove permet-il de jouer d\u2019une plateforme \u00e0 l\u2019autre ?<\/h3>\t\t\t\t<\/div>\n\t\t\t\t<\/div>\n\t\t\t\t<div class=\"elementor-element elementor-element-4a7c9eb elementor-widget elementor-widget-text-editor\" data-id=\"4a7c9eb\" data-element_type=\"widget\" data-e-type=\"widget\" data-widget_type=\"text-editor.default\">\n\t\t\t\t<div class=\"elementor-widget-container\">\n\t\t\t\t\t\t\t\t\t<p>Non, Trove ne le permet pas.<\/p>\t\t\t\t\t\t\t\t<\/div>\n\t\t\t\t<\/div>\n\t\t\t\t<div class=\"elementor-element elementor-element-dba6077 elementor-widget elementor-widget-heading\" data-id=\"dba6077\" data-element_type=\"widget\" data-e-type=\"widget\" data-widget_type=\"heading.default\">\n\t\t\t\t<div class=\"elementor-widget-container\">\n\t\t\t\t\t<h3 class=\"elementor-heading-title elementor-size-default\">Puis-je transf\u00e9rer mon compte PC sur ma console, mon compte console sur PC ou mon compte console vers une autre console ?<\/h3>\t\t\t\t<\/div>\n\t\t\t\t<\/div>\n\t\t\t\t<div class=\"elementor-element elementor-element-ef90a53 elementor-widget elementor-widget-text-editor\" data-id=\"ef90a53\" data-element_type=\"widget\" data-e-type=\"widget\" data-widget_type=\"text-editor.default\">\n\t\t\t\t<div class=\"elementor-widget-container\">\n\t\t\t\t\t\t\t\t\t<p>Non. Chaque version de Trove est ind\u00e9pendante des autres. <\/p>\t\t\t\t\t\t\t\t<\/div>\n\t\t\t\t<\/div>\n\t\t\t\t<\/div>\n\t\t\t\t<\/div>\n\t\t\t\t<\/div>\n\t\t\t\t<\/div>\n\t\t\t\t<\/div>\n\t\t","protected":false},"excerpt":{"rendered":"<p>FAQ Trove, c\u2019est quoi ? Trove est une aventure voxel dans un monde enti\u00e8rement ouvert qui propose une infinit\u00e9 de territoires renfermant des qu\u00eates, des coffres et des ennemis de toutes les tailles et de toutes les formes (quoique la plupart du temps carr\u00e9s). Dans ce RPG \u00e0 l\u2019esprit r\u00e9solument cubique, vous partirez explorer des [&hellip;]<\/p>\n","protected":false},"author":1,"featured_media":0,"parent":1980,"menu_order":0,"comment_status":"closed","ping_status":"closed","template":"","meta":{"_acf_changed":false,"footnotes":""},"class_list":["post-1952","page","type-page","status-publish","hentry"],"acf":[],"_links":{"self":[{"href":"https:\/\/trovegame.com\/fr\/wp-json\/wp\/v2\/pages\/1952","targetHints":{"allow":["GET"]}}],"collection":[{"href":"https:\/\/trovegame.com\/fr\/wp-json\/wp\/v2\/pages"}],"about":[{"href":"https:\/\/trovegame.com\/fr\/wp-json\/wp\/v2\/types\/page"}],"author":[{"embeddable":true,"href":"https:\/\/trovegame.com\/fr\/wp-json\/wp\/v2\/users\/1"}],"replies":[{"embeddable":true,"href":"https:\/\/trovegame.com\/fr\/wp-json\/wp\/v2\/comments?post=1952"}],"version-history":[{"count":0,"href":"https:\/\/trovegame.com\/fr\/wp-json\/wp\/v2\/pages\/1952\/revisions"}],"up":[{"embeddable":true,"href":"https:\/\/trovegame.com\/fr\/wp-json\/wp\/v2\/pages\/1980"}],"wp:attachment":[{"href":"https:\/\/trovegame.com\/fr\/wp-json\/wp\/v2\/media?parent=1952"}],"curies":[{"name":"wp","href":"https:\/\/api.w.org\/{rel}","templated":true}]}}