{"id":1941,"date":"2025-02-24T16:33:49","date_gmt":"2025-02-24T16:33:49","guid":{"rendered":"https:\/\/trovegame.com\/saisir-un-code\/"},"modified":"2025-05-07T10:46:06","modified_gmt":"2025-05-07T10:46:06","slug":"saisir-un-code","status":"publish","type":"page","link":"https:\/\/trovegame.com\/fr\/saisir-un-code\/","title":{"rendered":"Saisir un code"},"content":{"rendered":"\t\t<div data-elementor-type=\"wp-page\" data-elementor-id=\"1941\" class=\"elementor elementor-1941 elementor-536\" data-elementor-post-type=\"page\">\n\t\t\t\t<div class=\"elementor-element elementor-element-35e33cde e-con-full main-container e-flex e-con e-parent\" data-id=\"35e33cde\" data-element_type=\"container\" data-e-type=\"container\" data-settings=\"{&quot;background_background&quot;:&quot;classic&quot;}\">\n\t\t<div class=\"elementor-element elementor-element-47386749 e-con-full e-flex e-con e-child\" data-id=\"47386749\" data-element_type=\"container\" data-e-type=\"container\">\n\t\t<div class=\"elementor-element elementor-element-49b9c93a e-con-full subpage-header-area e-flex e-con e-child\" data-id=\"49b9c93a\" data-element_type=\"container\" data-e-type=\"container\" data-settings=\"{&quot;background_background&quot;:&quot;classic&quot;}\">\n\t\t<div class=\"elementor-element elementor-element-751565a5 e-con-full e-flex e-con e-child\" data-id=\"751565a5\" data-element_type=\"container\" data-e-type=\"container\">\n\t\t\t\t<div class=\"elementor-element elementor-element-21fb61dd elementor-widget elementor-widget-heading\" data-id=\"21fb61dd\" data-element_type=\"widget\" data-e-type=\"widget\" data-widget_type=\"heading.default\">\n\t\t\t\t<div class=\"elementor-widget-container\">\n\t\t\t\t\t<h1 class=\"elementor-heading-title elementor-size-default\">Saisir un code<\/h1>\t\t\t\t<\/div>\n\t\t\t\t<\/div>\n\t\t\t\t<div class=\"elementor-element elementor-element-d5e87ef elementor-widget elementor-widget-heading\" data-id=\"d5e87ef\" data-element_type=\"widget\" data-e-type=\"widget\" data-widget_type=\"heading.default\">\n\t\t\t\t<div class=\"elementor-widget-container\">\n\t\t\t\t\t<h2 class=\"elementor-heading-title elementor-size-default\">Bienvenue dans Trove Code R\u00e9demption !<\/h2>\t\t\t\t<\/div>\n\t\t\t\t<\/div>\n\t\t\t\t<div class=\"elementor-element elementor-element-6edd395f elementor-widget elementor-widget-text-editor\" data-id=\"6edd395f\" data-element_type=\"widget\" data-e-type=\"widget\" data-widget_type=\"text-editor.default\">\n\t\t\t\t<div class=\"elementor-widget-container\">\n\t\t\t\t\t\t\t\t\t<p><strong>Suivez les \u00e9tapes suivantes pour activer votre cl\u00e9 :<\/strong><\/p><ol><li>Saisissez votre cl\u00e9 ci-dessous.<\/li><li>Cliquez sur \u00ab Saisir un code \u00bb.<\/li><li>Suivez les instructions de connexion \u00e0 votre compte Glyph (ou bien cr\u00e9ez un nouveau compte si vous n\u2019en poss\u00e9dez pas d\u00e9j\u00e0 un) afin de finaliser l\u2019activation de votre cl\u00e9.<\/li><\/ol>\t\t\t\t\t\t\t\t<\/div>\n\t\t\t\t<\/div>\n\t\t\t\t<\/div>\n\t\t<div class=\"elementor-element elementor-element-5e0aa406 e-con-full e-flex e-con e-child\" data-id=\"5e0aa406\" data-element_type=\"container\" data-e-type=\"container\">\n\t\t\t\t<\/div>\n\t\t\t\t<\/div>\n\t\t\t\t<\/div>\n\t\t<div class=\"elementor-element elementor-element-3191c03a e-con-full e-flex e-con e-child\" data-id=\"3191c03a\" data-element_type=\"container\" data-e-type=\"container\" data-settings=\"{&quot;background_background&quot;:&quot;classic&quot;}\">\n\t\t<div class=\"elementor-element elementor-element-2ef92178 e-con-full content-width e-flex e-con e-child\" data-id=\"2ef92178\" data-element_type=\"container\" data-e-type=\"container\">\n\t\t\t\t<div class=\"elementor-element elementor-element-5118c9b elementor-widget elementor-widget-html\" data-id=\"5118c9b\" data-element_type=\"widget\" data-e-type=\"widget\" data-widget_type=\"html.default\">\n\t\t\t\t<div class=\"elementor-widget-container\">\n\t\t\t\t\t<div class=\"center\">\r\n<form enctype=\"application\/x-www-form-urlencoded\" method=\"get\" action=\"https:\/\/trovelive.trionworlds.com\/commerce\/voucher\/redeem-voucher-flow\" class=\"voucherForm\">\r\n<div class=\"code-field\">\r\n<input type=\"text\" autocomplete=\"off\" maxlength=\"24\" required=\"\" value=\"\" size=\"35\" name=\"voucherCode\" class=\"left voucherCode\" placeholder=\"XXXX-XXXX-XXXX-XXXX\"><br><input type=\"hidden\" class=\"left\" name=\"comeBackToPageUrl\" value=\"https%3A%2F%2Ftrovelive.trionworlds.com%2Fcommerce%2Fvoucher%2Fredeem-voucher-flow\">\r\n<\/div>\r\n<div class=\"code-cta\"><input type=\"submit\" name=\"submit\" value=\"Saisir un code\" tabindex=\"10\"><\/div>\r\n<\/form>\r\n<\/div>\t\t\t\t<\/div>\n\t\t\t\t<\/div>\n\t\t\t\t<\/div>\n\t\t\t\t<\/div>\n\t\t\t\t<\/div>\n\t\t\t\t<\/div>\n\t\t","protected":false},"excerpt":{"rendered":"<p>Saisir un code Bienvenue dans Trove Code R\u00e9demption ! Suivez les \u00e9tapes suivantes pour activer votre cl\u00e9 : Saisissez votre cl\u00e9 ci-dessous. Cliquez sur \u00ab Saisir un code \u00bb. Suivez les instructions de connexion \u00e0 votre compte Glyph (ou bien cr\u00e9ez un nouveau compte si vous n\u2019en poss\u00e9dez pas d\u00e9j\u00e0 un) afin de finaliser l\u2019activation [&hellip;]<\/p>\n","protected":false},"author":1,"featured_media":0,"parent":0,"menu_order":0,"comment_status":"closed","ping_status":"closed","template":"","meta":{"_acf_changed":false,"footnotes":""},"class_list":["post-1941","page","type-page","status-publish","hentry"],"acf":[],"_links":{"self":[{"href":"https:\/\/trovegame.com\/fr\/wp-json\/wp\/v2\/pages\/1941","targetHints":{"allow":["GET"]}}],"collection":[{"href":"https:\/\/trovegame.com\/fr\/wp-json\/wp\/v2\/pages"}],"about":[{"href":"https:\/\/trovegame.com\/fr\/wp-json\/wp\/v2\/types\/page"}],"author":[{"embeddable":true,"href":"https:\/\/trovegame.com\/fr\/wp-json\/wp\/v2\/users\/1"}],"replies":[{"embeddable":true,"href":"https:\/\/trovegame.com\/fr\/wp-json\/wp\/v2\/comments?post=1941"}],"version-history":[{"count":0,"href":"https:\/\/trovegame.com\/fr\/wp-json\/wp\/v2\/pages\/1941\/revisions"}],"wp:attachment":[{"href":"https:\/\/trovegame.com\/fr\/wp-json\/wp\/v2\/media?parent=1941"}],"curies":[{"name":"wp","href":"https:\/\/api.w.org\/{rel}","templated":true}]}}