{"id":1982,"date":"2025-02-17T07:28:11","date_gmt":"2025-02-17T07:28:11","guid":{"rendered":"https:\/\/trovegame.com\/leitfaden\/was-ist-trove\/"},"modified":"2025-05-15T16:50:53","modified_gmt":"2025-05-15T16:50:53","slug":"was-ist-trove","status":"publish","type":"page","link":"https:\/\/trovegame.com\/de\/leitfaden\/was-ist-trove\/","title":{"rendered":"Was ist Trove?"},"content":{"rendered":"\t\t<div data-elementor-type=\"wp-page\" data-elementor-id=\"1982\" class=\"elementor elementor-1982 elementor-234\" data-elementor-post-type=\"page\">\n\t\t\t\t<div class=\"elementor-element elementor-element-13991090 e-con-full main-container e-flex e-con e-parent\" data-id=\"13991090\" data-element_type=\"container\" data-e-type=\"container\" data-settings=\"{&quot;background_background&quot;:&quot;classic&quot;}\">\n\t\t<div class=\"elementor-element elementor-element-5875dfdd e-con-full e-flex e-con e-child\" data-id=\"5875dfdd\" data-element_type=\"container\" data-e-type=\"container\">\n\t\t<div class=\"elementor-element elementor-element-39f8738f e-con-full subpage-header-area e-flex e-con e-child\" data-id=\"39f8738f\" data-element_type=\"container\" data-e-type=\"container\" data-settings=\"{&quot;background_background&quot;:&quot;classic&quot;}\">\n\t\t<div class=\"elementor-element elementor-element-400b7a93 e-con-full e-flex e-con e-child\" data-id=\"400b7a93\" data-element_type=\"container\" data-e-type=\"container\">\n\t\t\t\t<div class=\"elementor-element elementor-element-124771b3 elementor-widget elementor-widget-heading\" data-id=\"124771b3\" data-element_type=\"widget\" data-e-type=\"widget\" data-widget_type=\"heading.default\">\n\t\t\t\t<div class=\"elementor-widget-container\">\n\t\t\t\t\t<h1 class=\"elementor-heading-title elementor-size-default\">Das kubische MMO!<\/h1>\t\t\t\t<\/div>\n\t\t\t\t<\/div>\n\t\t\t\t<div class=\"elementor-element elementor-element-265248b6 elementor-widget elementor-widget-text-editor\" data-id=\"265248b6\" data-element_type=\"widget\" data-e-type=\"widget\" data-widget_type=\"text-editor.default\">\n\t\t\t\t<div class=\"elementor-widget-container\">\n\t\t\t\t\t\t\t\t\t<p>Schnapp dir deine Freunde, sch\u00e4rfe deine Waffen und st\u00fcrz dich in Trove, dem ultimativen Action-MMO, ins Geschehen! Bek\u00e4mpfe die Schattenkr\u00e4fte in Reichen, die vor unglaublichen Dungeons und den von deinen Mitspielern gefertigten Gegenst\u00e4nden nur so strotzen. Ob du nun in fernen Landen nach Sch\u00e4tzen suchst oder dein eigenes Reich errichtest \u2013 h\u00f6chste Zeit, die Kanten in die H\u00e4nde zu nehmen!  <\/p>\t\t\t\t\t\t\t\t<\/div>\n\t\t\t\t<\/div>\n\t\t\t\t<\/div>\n\t\t<div class=\"elementor-element elementor-element-4dca82fb e-con-full e-flex e-con e-child\" data-id=\"4dca82fb\" data-element_type=\"container\" data-e-type=\"container\">\n\t\t\t\t<\/div>\n\t\t\t\t<\/div>\n\t\t\t\t<\/div>\n\t\t<div class=\"elementor-element elementor-element-2f24b254 e-con-full as-slider e-flex e-con e-child\" data-id=\"2f24b254\" data-element_type=\"container\" data-e-type=\"container\" data-settings=\"{&quot;background_background&quot;:&quot;classic&quot;}\">\n\t\t<div class=\"elementor-element elementor-element-1ad29c2d e-con-full content-width e-flex e-con e-child\" data-id=\"1ad29c2d\" data-element_type=\"container\" data-e-type=\"container\">\n\t\t<div class=\"elementor-element elementor-element-d2f8343 e-con-full e-flex e-con e-child\" data-id=\"d2f8343\" data-element_type=\"container\" data-e-type=\"container\">\n\t\t\t\t<div class=\"elementor-element elementor-element-150b8c60 elementor-widget elementor-widget-image\" data-id=\"150b8c60\" data-element_type=\"widget\" data-e-type=\"widget\" data-widget_type=\"image.default\">\n\t\t\t\t<div class=\"elementor-widget-container\">\n\t\t\t\t\t\t\t\t\t\t\t\t\t\t\t<img fetchpriority=\"high\" decoding=\"async\" width=\"800\" height=\"647\" src=\"https:\/\/trovegame.com\/wp-content\/uploads\/2025\/02\/what-is-trove-adventure.webp\" class=\"attachment-large size-large wp-image-593\" alt=\"Trove Adventure Fight\" srcset=\"https:\/\/trovegame.com\/wp-content\/uploads\/2025\/02\/what-is-trove-adventure.webp 865w, https:\/\/trovegame.com\/wp-content\/uploads\/2025\/02\/what-is-trove-adventure-300x243.webp 300w, https:\/\/trovegame.com\/wp-content\/uploads\/2025\/02\/what-is-trove-adventure-768x622.webp 768w\" sizes=\"(max-width: 800px) 100vw, 800px\" \/>\t\t\t\t\t\t\t\t\t\t\t\t\t\t\t<\/div>\n\t\t\t\t<\/div>\n\t\t\t\t<div class=\"elementor-element elementor-element-958445c elementor-widget elementor-widget-heading\" data-id=\"958445c\" data-element_type=\"widget\" data-e-type=\"widget\" data-widget_type=\"heading.default\">\n\t\t\t\t<div class=\"elementor-widget-container\">\n\t\t\t\t\t<h2 class=\"elementor-heading-title elementor-size-default\">Entdecke<\/h2>\t\t\t\t<\/div>\n\t\t\t\t<\/div>\n\t\t\t\t<div class=\"elementor-element elementor-element-3dad5a6c elementor-widget elementor-widget-text-editor\" data-id=\"3dad5a6c\" data-element_type=\"widget\" data-e-type=\"widget\" data-widget_type=\"text-editor.default\">\n\t\t\t\t<div class=\"elementor-widget-container\">\n\t\t\t\t\t\t\t\t\t<p>Spiele als kopfloser Ritter, drakonischer Magier, hartgesottener Pirat, Dinoz\u00e4hmer, Fuchslanzier oder eine ganz andere Klasse. Meistere unglaubliche F\u00e4higkeiten, von t\u00f6dlichen Wurfsternwirbeln bis zu k\u00f6stlich verheerenden Eiscr\u00e9meschl\u00e4gen. Stelle dich t\u00f6dlichen Schergen, Bossen und Fallen, um m\u00e4chtige R\u00fcstung und Waffen zu \u201cbefreien\u201d, oder vergn\u00fcge dich Schlupfwinkeln, die f\u00fcr Einzelspielerspa\u00df ideal geeignet sind. Lass die W\u00fcrfel deiner Feinde kullern, wenn du dich deinen Mitspielern im Kampf stellst.   <\/p>\t\t\t\t\t\t\t\t<\/div>\n\t\t\t\t<\/div>\n\t\t\t\t<\/div>\n\t\t<div class=\"elementor-element elementor-element-2507c66 e-con-full e-flex e-con e-child\" data-id=\"2507c66\" data-element_type=\"container\" data-e-type=\"container\">\n\t\t\t\t<div class=\"elementor-element elementor-element-2e688e4f elementor-widget elementor-widget-image\" data-id=\"2e688e4f\" data-element_type=\"widget\" data-e-type=\"widget\" data-widget_type=\"image.default\">\n\t\t\t\t<div class=\"elementor-widget-container\">\n\t\t\t\t\t\t\t\t\t\t\t\t\t\t\t<img decoding=\"async\" width=\"800\" height=\"647\" src=\"https:\/\/trovegame.com\/wp-content\/uploads\/2025\/02\/what-is-trove-explore.webp\" class=\"attachment-large size-large wp-image-601\" alt=\"Exploring Trove on a boat\" srcset=\"https:\/\/trovegame.com\/wp-content\/uploads\/2025\/02\/what-is-trove-explore.webp 865w, https:\/\/trovegame.com\/wp-content\/uploads\/2025\/02\/what-is-trove-explore-300x243.webp 300w, https:\/\/trovegame.com\/wp-content\/uploads\/2025\/02\/what-is-trove-explore-768x622.webp 768w\" sizes=\"(max-width: 800px) 100vw, 800px\" \/>\t\t\t\t\t\t\t\t\t\t\t\t\t\t\t<\/div>\n\t\t\t\t<\/div>\n\t\t\t\t<div class=\"elementor-element elementor-element-3c6b721 elementor-widget elementor-widget-heading\" data-id=\"3c6b721\" data-element_type=\"widget\" data-e-type=\"widget\" data-widget_type=\"heading.default\">\n\t\t\t\t<div class=\"elementor-widget-container\">\n\t\t\t\t\t<h2 class=\"elementor-heading-title elementor-size-default\">Erschlie\u00dfe<\/h2>\t\t\t\t<\/div>\n\t\t\t\t<\/div>\n\t\t\t\t<div class=\"elementor-element elementor-element-3dcb3388 elementor-widget elementor-widget-text-editor\" data-id=\"3dcb3388\" data-element_type=\"widget\" data-e-type=\"widget\" data-widget_type=\"text-editor.default\">\n\t\t\t\t<div class=\"elementor-widget-container\">\n\t\t\t\t\t\t\t\t\t<p>Reise durch komplett zerst\u00f6rbare Reiche auf den R\u00fccken feuerspeiender Drachen und schnurrige Miaunts. Spring mit jedem Level in die passende Action, w\u00e4hrend dich deine Abenteuer durch alle von Troves wildesten und seltsamsten Reichen f\u00fchren. Segle \u00fcber die weiten Meere der Schatzinseln, flattere \u00fcber die h\u00f6chsten H\u00f6hen der Himmelsgefilde, durchquere Lavafelder im Habaneromeer, wandere durch die digitalen Stra\u00dfen von Neon City und vieles andere mehr. Das Multiversum liegt dir zu F\u00fc\u00dfen!   <\/p>\t\t\t\t\t\t\t\t<\/div>\n\t\t\t\t<\/div>\n\t\t\t\t<\/div>\n\t\t<div class=\"elementor-element elementor-element-11b4ac1b e-con-full e-flex e-con e-child\" data-id=\"11b4ac1b\" data-element_type=\"container\" data-e-type=\"container\">\n\t\t\t\t<div class=\"elementor-element elementor-element-2875f90d elementor-widget elementor-widget-image\" data-id=\"2875f90d\" data-element_type=\"widget\" data-e-type=\"widget\" data-widget_type=\"image.default\">\n\t\t\t\t<div class=\"elementor-widget-container\">\n\t\t\t\t\t\t\t\t\t\t\t\t\t\t\t<img decoding=\"async\" width=\"800\" height=\"647\" src=\"https:\/\/trovegame.com\/wp-content\/uploads\/2025\/02\/what-is-trove-create.webp\" class=\"attachment-large size-large wp-image-597\" alt=\"Build a purple unicorn in Trove\" srcset=\"https:\/\/trovegame.com\/wp-content\/uploads\/2025\/02\/what-is-trove-create.webp 865w, https:\/\/trovegame.com\/wp-content\/uploads\/2025\/02\/what-is-trove-create-300x243.webp 300w, https:\/\/trovegame.com\/wp-content\/uploads\/2025\/02\/what-is-trove-create-768x622.webp 768w\" sizes=\"(max-width: 800px) 100vw, 800px\" \/>\t\t\t\t\t\t\t\t\t\t\t\t\t\t\t<\/div>\n\t\t\t\t<\/div>\n\t\t\t\t<div class=\"elementor-element elementor-element-1e2df047 elementor-widget elementor-widget-heading\" data-id=\"1e2df047\" data-element_type=\"widget\" data-e-type=\"widget\" data-widget_type=\"heading.default\">\n\t\t\t\t<div class=\"elementor-widget-container\">\n\t\t\t\t\t<h2 class=\"elementor-heading-title elementor-size-default\">Gestalte<\/h2>\t\t\t\t<\/div>\n\t\t\t\t<\/div>\n\t\t\t\t<div class=\"elementor-element elementor-element-3b4e82aa elementor-widget elementor-widget-text-editor\" data-id=\"3b4e82aa\" data-element_type=\"widget\" data-e-type=\"widget\" data-widget_type=\"text-editor.default\">\n\t\t\t\t<div class=\"elementor-widget-container\">\n\t\t\t\t\t\t\t\t\t<p>Erschaffe alles, was du dir nur vorstellen kannst! Baue einen Grundstein und bring dein Heim immer mit dir. Kreiere eine ganze Welt f\u00fcr dich und deine Freunde. Erziele einen Eintrag in der Trove-Gallerie, indem du pr\u00e4chtige Himmelsschl\u00f6sser oder riesige Hotdogs errichtest. Erfinde deinen perfekten Stil mit Schinkenschwertern und 3D-Brillen des Untergangs. Sammle eine RIESIGE Menge Ausr\u00fcstung, die von deinen Mitspielern kreiert wurde, und vergiss dabei nicht, deine eigenen Kreationen einzusenden \u2013 von Drachen und Schlupfwinkeln bis zu Klassen-Kost\u00fcmen und allem, was dir sonst noch so einf\u00e4llt.     <\/p>\t\t\t\t\t\t\t\t<\/div>\n\t\t\t\t<\/div>\n\t\t\t\t<\/div>\n\t\t\t\t<\/div>\n\t\t\t\t<\/div>\n\t\t<div class=\"elementor-element elementor-element-3116d5ab e-con-full e-flex e-con e-child\" data-id=\"3116d5ab\" data-element_type=\"container\" data-e-type=\"container\" data-settings=\"{&quot;background_background&quot;:&quot;classic&quot;}\">\n\t\t<div class=\"elementor-element elementor-element-3b679423 e-con-full content-width e-flex e-con e-child\" data-id=\"3b679423\" data-element_type=\"container\" data-e-type=\"container\">\n\t\t<div class=\"elementor-element elementor-element-4686e998 e-con-full e-flex e-con e-child\" data-id=\"4686e998\" data-element_type=\"container\" data-e-type=\"container\">\n\t\t\t\t<div class=\"elementor-element elementor-element-6aa910a elementor-widget elementor-widget-image\" data-id=\"6aa910a\" data-element_type=\"widget\" data-e-type=\"widget\" data-widget_type=\"image.default\">\n\t\t\t\t<div class=\"elementor-widget-container\">\n\t\t\t\t\t\t\t\t\t\t\t\t\t\t\t<img loading=\"lazy\" decoding=\"async\" width=\"800\" height=\"615\" src=\"https:\/\/trovegame.com\/wp-content\/uploads\/2025\/02\/what-is-trove-delves.webp\" class=\"attachment-large size-large wp-image-526\" alt=\"Delves - fight in the endless cave dungeions\" srcset=\"https:\/\/trovegame.com\/wp-content\/uploads\/2025\/02\/what-is-trove-delves.webp 910w, https:\/\/trovegame.com\/wp-content\/uploads\/2025\/02\/what-is-trove-delves-300x231.webp 300w, https:\/\/trovegame.com\/wp-content\/uploads\/2025\/02\/what-is-trove-delves-768x591.webp 768w\" sizes=\"(max-width: 800px) 100vw, 800px\" \/>\t\t\t\t\t\t\t\t\t\t\t\t\t\t\t<\/div>\n\t\t\t\t<\/div>\n\t\t\t\t<\/div>\n\t\t<div class=\"elementor-element elementor-element-110cf25 e-con-full e-flex e-con e-child\" data-id=\"110cf25\" data-element_type=\"container\" data-e-type=\"container\">\n\t\t\t\t<div class=\"elementor-element elementor-element-2b25c0d elementor-widget elementor-widget-heading\" data-id=\"2b25c0d\" data-element_type=\"widget\" data-e-type=\"widget\" data-widget_type=\"heading.default\">\n\t\t\t\t<div class=\"elementor-widget-container\">\n\t\t\t\t\t<h2 class=\"elementor-heading-title elementor-size-default\">Grottentauchg\u00e4nge<\/h2>\t\t\t\t<\/div>\n\t\t\t\t<\/div>\n\t\t\t\t<div class=\"elementor-element elementor-element-76c71c26 elementor-widget elementor-widget-text-editor\" data-id=\"76c71c26\" data-element_type=\"widget\" data-e-type=\"widget\" data-widget_type=\"text-editor.default\">\n\t\t\t\t<div class=\"elementor-widget-container\">\n\t\t\t\t\t\t\t\t\t<p>Grottentauchg\u00e4nge sind endlose H\u00f6hlendungeon-Abenteuer mit einzigartigen Zielen, Monstermodifikatoren und ausr\u00fcstbaren Gegenst\u00e4nden, die Teil eines eurer gr\u00f6\u00dften Abenteuer in Trove sein werden. Je weiter ihr in den Grotten vordringt, desto gr\u00f6\u00dfer sind die Risiken und Belohnungen! <\/p><p>Grottentauchg\u00e4nge sind f\u00fcr bis zu 8 Abenteurer konzipiert, unabh\u00e4ngig davon, ob ihr gerade erst anfangt oder ein erfahrener Experte seid. Taucht mit anderen Spielern der gleichen F\u00e4higkeitsstufe in die \u00f6ffentlichen Tauchg\u00e4nge ein, um die Feinde gemeinsam zu besiegen! Alternativ bieten Private- und Wetttauchg\u00e4nge ebenso die M\u00f6glichkeit mit anderen Abenteurern zu spielen (oder zu konkurrieren).  <\/p>\t\t\t\t\t\t\t\t<\/div>\n\t\t\t\t<\/div>\n\t\t\t\t<\/div>\n\t\t\t\t<\/div>\n\t\t<div class=\"elementor-element elementor-element-64594057 e-con-full content-width e-flex e-con e-child\" data-id=\"64594057\" data-element_type=\"container\" data-e-type=\"container\">\n\t\t<div class=\"elementor-element elementor-element-52689151 e-con-full e-flex e-con e-child\" data-id=\"52689151\" data-element_type=\"container\" data-e-type=\"container\">\n\t\t\t\t<div class=\"elementor-element elementor-element-b268cd3 elementor-widget elementor-widget-image\" data-id=\"b268cd3\" data-element_type=\"widget\" data-e-type=\"widget\" data-widget_type=\"image.default\">\n\t\t\t\t<div class=\"elementor-widget-container\">\n\t\t\t\t\t\t\t\t\t\t\t\t\t\t\t<img loading=\"lazy\" decoding=\"async\" width=\"800\" height=\"615\" src=\"https:\/\/trovegame.com\/wp-content\/uploads\/2025\/02\/what-is-trove-geode.webp\" class=\"attachment-large size-large wp-image-530\" alt=\"Explore the deadly Geode wasteland\" srcset=\"https:\/\/trovegame.com\/wp-content\/uploads\/2025\/02\/what-is-trove-geode.webp 910w, https:\/\/trovegame.com\/wp-content\/uploads\/2025\/02\/what-is-trove-geode-300x231.webp 300w, https:\/\/trovegame.com\/wp-content\/uploads\/2025\/02\/what-is-trove-geode-768x591.webp 768w\" sizes=\"(max-width: 800px) 100vw, 800px\" \/>\t\t\t\t\t\t\t\t\t\t\t\t\t\t\t<\/div>\n\t\t\t\t<\/div>\n\t\t\t\t<\/div>\n\t\t<div class=\"elementor-element elementor-element-55066dff e-con-full e-flex e-con e-child\" data-id=\"55066dff\" data-element_type=\"container\" data-e-type=\"container\">\n\t\t\t\t<div class=\"elementor-element elementor-element-7a62a28f elementor-widget elementor-widget-heading\" data-id=\"7a62a28f\" data-element_type=\"widget\" data-e-type=\"widget\" data-widget_type=\"heading.default\">\n\t\t\t\t<div class=\"elementor-widget-container\">\n\t\t\t\t\t<h2 class=\"elementor-heading-title elementor-size-default\">Geode<\/h2>\t\t\t\t<\/div>\n\t\t\t\t<\/div>\n\t\t\t\t<div class=\"elementor-element elementor-element-576d4686 elementor-widget elementor-widget-text-editor\" data-id=\"576d4686\" data-element_type=\"widget\" data-e-type=\"widget\" data-widget_type=\"text-editor.default\">\n\t\t\t\t<div class=\"elementor-widget-container\">\n\t\t\t\t\t\t\t\t\t<p>In Geode m\u00fcsst ihr euch der Herausforderung stellen, euch an diese fremde Welt und ihre friedliebenden Bewohner anzupassen. Mit ihrer entfesselten Macht haben Q\u2018bthulhus Truppen den Gro\u00dfteil der Geode-Oberfl\u00e4che in ein t\u00f6dliches \u00d6dland verwandelt. <\/p><p>W\u00e4hrend ihr den riesigen h\u00f6hlenartigen Untergrund des Planeten erkundet und unerschlossene Ressourcen sammelt, um euch auf zuk\u00fcnftige Kriege vorzubereiten, m\u00fcsst ihr euch vor den Gefahren sch\u00fctzen, indem ihr Geodianische Gegenst\u00e4nde herstellt und aufr\u00fcstet.<\/p>\t\t\t\t\t\t\t\t<\/div>\n\t\t\t\t<\/div>\n\t\t\t\t<\/div>\n\t\t\t\t<\/div>\n\t\t\t\t<\/div>\n\t\t\t\t<\/div>\n\t\t\t\t<\/div>\n\t\t","protected":false},"excerpt":{"rendered":"<p>Das kubische MMO! Schnapp dir deine Freunde, sch\u00e4rfe deine Waffen und st\u00fcrz dich in Trove, dem ultimativen Action-MMO, ins Geschehen! Bek\u00e4mpfe die Schattenkr\u00e4fte in Reichen, die vor unglaublichen Dungeons und den von deinen Mitspielern gefertigten Gegenst\u00e4nden nur so strotzen. Ob du nun in fernen Landen nach Sch\u00e4tzen suchst oder dein eigenes Reich errichtest \u2013 h\u00f6chste [&hellip;]<\/p>\n","protected":false},"author":1,"featured_media":0,"parent":1979,"menu_order":0,"comment_status":"closed","ping_status":"closed","template":"","meta":{"_acf_changed":false,"footnotes":""},"class_list":["post-1982","page","type-page","status-publish","hentry"],"acf":[],"_links":{"self":[{"href":"https:\/\/trovegame.com\/de\/wp-json\/wp\/v2\/pages\/1982","targetHints":{"allow":["GET"]}}],"collection":[{"href":"https:\/\/trovegame.com\/de\/wp-json\/wp\/v2\/pages"}],"about":[{"href":"https:\/\/trovegame.com\/de\/wp-json\/wp\/v2\/types\/page"}],"author":[{"embeddable":true,"href":"https:\/\/trovegame.com\/de\/wp-json\/wp\/v2\/users\/1"}],"replies":[{"embeddable":true,"href":"https:\/\/trovegame.com\/de\/wp-json\/wp\/v2\/comments?post=1982"}],"version-history":[{"count":0,"href":"https:\/\/trovegame.com\/de\/wp-json\/wp\/v2\/pages\/1982\/revisions"}],"up":[{"embeddable":true,"href":"https:\/\/trovegame.com\/de\/wp-json\/wp\/v2\/pages\/1979"}],"wp:attachment":[{"href":"https:\/\/trovegame.com\/de\/wp-json\/wp\/v2\/media?parent=1982"}],"curies":[{"name":"wp","href":"https:\/\/api.w.org\/{rel}","templated":true}]}}