{"id":1966,"date":"2025-02-17T07:33:54","date_gmt":"2025-02-17T07:33:54","guid":{"rendered":"https:\/\/trovegame.com\/grundsteine-und-klubwelten\/"},"modified":"2025-05-13T10:17:00","modified_gmt":"2025-05-13T10:17:00","slug":"grundsteine-und-klubwelten","status":"publish","type":"page","link":"https:\/\/trovegame.com\/de\/leitfaden\/grundsteine-und-klubwelten\/","title":{"rendered":"Grundsteine und Klubwelten"},"content":{"rendered":"\t\t<div data-elementor-type=\"wp-page\" data-elementor-id=\"1966\" class=\"elementor elementor-1966 elementor-242\" data-elementor-post-type=\"page\">\n\t\t\t\t<div class=\"elementor-element elementor-element-6fe57913 e-con-full main-container e-flex e-con e-parent\" data-id=\"6fe57913\" data-element_type=\"container\" data-e-type=\"container\" data-settings=\"{&quot;background_background&quot;:&quot;classic&quot;}\">\n\t\t<div class=\"elementor-element elementor-element-7570d8bd e-con-full e-flex e-con e-child\" data-id=\"7570d8bd\" data-element_type=\"container\" data-e-type=\"container\">\n\t\t<div class=\"elementor-element elementor-element-46f35002 e-con-full subpage-header-area e-flex e-con e-child\" data-id=\"46f35002\" data-element_type=\"container\" data-e-type=\"container\" data-settings=\"{&quot;background_background&quot;:&quot;classic&quot;}\">\n\t\t<div class=\"elementor-element elementor-element-50780097 e-con-full e-flex e-con e-child\" data-id=\"50780097\" data-element_type=\"container\" data-e-type=\"container\">\n\t\t\t\t<div class=\"elementor-element elementor-element-2ceee6bc elementor-widget elementor-widget-heading\" data-id=\"2ceee6bc\" data-element_type=\"widget\" data-e-type=\"widget\" data-widget_type=\"heading.default\">\n\t\t\t\t<div class=\"elementor-widget-container\">\n\t\t\t\t\t<h1 class=\"elementor-heading-title elementor-size-default\">Willkommen Zuhause!<\/h1>\t\t\t\t<\/div>\n\t\t\t\t<\/div>\n\t\t\t\t<div class=\"elementor-element elementor-element-57efe98f elementor-widget elementor-widget-text-editor\" data-id=\"57efe98f\" data-element_type=\"widget\" data-e-type=\"widget\" data-widget_type=\"text-editor.default\">\n\t\t\t\t<div class=\"elementor-widget-container\">\n\t\t\t\t\t\t\t\t\t<p>Baumeister aufgemerkt! Bei der Erstellung eigener Heimst\u00e4tten oder kompletten Welten, die du nach Herzenslust mit deinen Freunden teilen kannst, sind deiner Fantasie keinerlei Grenzen gesetzt. Lies weiter, wenn du mehr \u00fcber Grundsteine und Klubwelten erfahren willst. Wirf auch ruhig im Community-Blog einen Blick auf in der Vergangenheit preisgekr\u00f6nte Wunder der Baukunst! <\/p>\t\t\t\t\t\t\t\t<\/div>\n\t\t\t\t<\/div>\n\t\t\t\t<\/div>\n\t\t<div class=\"elementor-element elementor-element-175420ea e-con-full e-flex e-con e-child\" data-id=\"175420ea\" data-element_type=\"container\" data-e-type=\"container\">\n\t\t\t\t<\/div>\n\t\t\t\t<\/div>\n\t\t\t\t<\/div>\n\t\t<div class=\"elementor-element elementor-element-622069bf e-con-full e-flex e-con e-child\" data-id=\"622069bf\" data-element_type=\"container\" data-e-type=\"container\" data-settings=\"{&quot;background_background&quot;:&quot;classic&quot;}\">\n\t\t<div class=\"elementor-element elementor-element-65c258d4 e-con-full content-width e-flex e-con e-child\" data-id=\"65c258d4\" data-element_type=\"container\" data-e-type=\"container\">\n\t\t<div class=\"elementor-element elementor-element-34f5098b e-con-full e-flex e-con e-child\" data-id=\"34f5098b\" data-element_type=\"container\" data-e-type=\"container\">\n\t\t\t\t<div class=\"elementor-element elementor-element-337cc97 elementor-widget elementor-widget-image\" data-id=\"337cc97\" data-element_type=\"widget\" data-e-type=\"widget\" data-widget_type=\"image.default\">\n\t\t\t\t<div class=\"elementor-widget-container\">\n\t\t\t\t\t\t\t\t\t\t\t\t\t\t\t<img fetchpriority=\"high\" decoding=\"async\" width=\"800\" height=\"615\" src=\"https:\/\/trovegame.com\/wp-content\/uploads\/2025\/03\/trove-cornerstones.webp\" class=\"attachment-large size-large wp-image-764\" alt=\"Cornerstones are personal homes in Trove\" srcset=\"https:\/\/trovegame.com\/wp-content\/uploads\/2025\/03\/trove-cornerstones.webp 910w, https:\/\/trovegame.com\/wp-content\/uploads\/2025\/03\/trove-cornerstones-300x231.webp 300w, https:\/\/trovegame.com\/wp-content\/uploads\/2025\/03\/trove-cornerstones-768x591.webp 768w\" sizes=\"(max-width: 800px) 100vw, 800px\" \/>\t\t\t\t\t\t\t\t\t\t\t\t\t\t\t<\/div>\n\t\t\t\t<\/div>\n\t\t\t\t<\/div>\n\t\t<div class=\"elementor-element elementor-element-7423fdc6 e-con-full e-flex e-con e-child\" data-id=\"7423fdc6\" data-element_type=\"container\" data-e-type=\"container\">\n\t\t\t\t<div class=\"elementor-element elementor-element-7b1ac177 elementor-widget elementor-widget-heading\" data-id=\"7b1ac177\" data-element_type=\"widget\" data-e-type=\"widget\" data-widget_type=\"heading.default\">\n\t\t\t\t<div class=\"elementor-widget-container\">\n\t\t\t\t\t<h2 class=\"elementor-heading-title elementor-size-default\">Grundsteine<\/h2>\t\t\t\t<\/div>\n\t\t\t\t<\/div>\n\t\t\t\t<div class=\"elementor-element elementor-element-4a0fde67 elementor-widget elementor-widget-text-editor\" data-id=\"4a0fde67\" data-element_type=\"widget\" data-e-type=\"widget\" data-widget_type=\"text-editor.default\">\n\t\t\t\t<div class=\"elementor-widget-container\">\n\t\t\t\t\t\t\t\t\t<p>Dein Grundstein ist dein ganz pers\u00f6nliches Zuhause, ein Ort, an dem du dich ungest\u00f6rt erholen und ausspannen kannst. Er ist aber auch gleichzeitig eine unheimlich n\u00fctzliche, mobile Basis!<\/p><p>Du kannst deinen Grundstein auf eigens daf\u00fcr vorgesehenen Grundsteinparzellen platzieren und voila \u2013 dein handgefertigtes Zweitheim erscheint! Du kannst also jederzeit problemlos unterwegs in Ruhe aufmunitionieren und deine Vorr\u00e4te auffrischen.<\/p>\t\t\t\t\t\t\t\t<\/div>\n\t\t\t\t<\/div>\n\t\t\t\t<\/div>\n\t\t\t\t<\/div>\n\t\t<div class=\"elementor-element elementor-element-20fe1ff1 e-con-full content-width e-flex e-con e-child\" data-id=\"20fe1ff1\" data-element_type=\"container\" data-e-type=\"container\">\n\t\t<div class=\"elementor-element elementor-element-3067790 e-con-full e-flex e-con e-child\" data-id=\"3067790\" data-element_type=\"container\" data-e-type=\"container\">\n\t\t\t\t<div class=\"elementor-element elementor-element-40952758 elementor-widget elementor-widget-image\" data-id=\"40952758\" data-element_type=\"widget\" data-e-type=\"widget\" data-widget_type=\"image.default\">\n\t\t\t\t<div class=\"elementor-widget-container\">\n\t\t\t\t\t\t\t\t\t\t\t\t\t\t\t<img decoding=\"async\" width=\"800\" height=\"615\" src=\"https:\/\/trovegame.com\/wp-content\/uploads\/2025\/03\/trove-club-worlds.webp\" class=\"attachment-large size-large wp-image-760\" alt=\"Trove Club worlds\" srcset=\"https:\/\/trovegame.com\/wp-content\/uploads\/2025\/03\/trove-club-worlds.webp 910w, https:\/\/trovegame.com\/wp-content\/uploads\/2025\/03\/trove-club-worlds-300x231.webp 300w, https:\/\/trovegame.com\/wp-content\/uploads\/2025\/03\/trove-club-worlds-768x591.webp 768w\" sizes=\"(max-width: 800px) 100vw, 800px\" \/>\t\t\t\t\t\t\t\t\t\t\t\t\t\t\t<\/div>\n\t\t\t\t<\/div>\n\t\t\t\t<\/div>\n\t\t<div class=\"elementor-element elementor-element-5e39d169 e-con-full e-flex e-con e-child\" data-id=\"5e39d169\" data-element_type=\"container\" data-e-type=\"container\">\n\t\t\t\t<div class=\"elementor-element elementor-element-3a385b89 elementor-widget elementor-widget-heading\" data-id=\"3a385b89\" data-element_type=\"widget\" data-e-type=\"widget\" data-widget_type=\"heading.default\">\n\t\t\t\t<div class=\"elementor-widget-container\">\n\t\t\t\t\t<h2 class=\"elementor-heading-title elementor-size-default\">Klubwelten<\/h2>\t\t\t\t<\/div>\n\t\t\t\t<\/div>\n\t\t\t\t<div class=\"elementor-element elementor-element-2c5d05dd elementor-widget elementor-widget-text-editor\" data-id=\"2c5d05dd\" data-element_type=\"widget\" data-e-type=\"widget\" data-widget_type=\"text-editor.default\">\n\t\t\t\t<div class=\"elementor-widget-container\">\n\t\t\t\t\t\t\t\t\t<p>Was macht noch mehr Spa\u00df als Solodengelei? Die Antwort ist einfach: Nat\u00fcrlich Blockakrobatik mit Freunden! <\/p><p>Klubwelten sind individuell gestalt- und expandierbare Welten, die allen Klubmitgliedern\/Mitgliedern des Klubs offenstehen. Ihr wollt geod\u00e4tische Kuppeln in der W\u00fcste errichten? Oder pr\u00e4chtige Schl\u00f6sser in einem verzauberten Wald? Kein Problem! Mit einem ganzen Team potenzieller Baumeister sind der Fantasie keinerlei Grenzen gesetzt, l\u00e4sst sich auch der verr\u00fcckteste Plan in die Tat umsetzen, das Unm\u00f6gliche m\u00f6glich machen!    <\/p>\t\t\t\t\t\t\t\t<\/div>\n\t\t\t\t<\/div>\n\t\t\t\t<\/div>\n\t\t\t\t<\/div>\n\t\t\t\t<\/div>\n\t\t\t\t<\/div>\n\t\t\t\t<\/div>\n\t\t","protected":false},"excerpt":{"rendered":"<p>Willkommen Zuhause! Baumeister aufgemerkt! Bei der Erstellung eigener Heimst\u00e4tten oder kompletten Welten, die du nach Herzenslust mit deinen Freunden teilen kannst, sind deiner Fantasie keinerlei Grenzen gesetzt. Lies weiter, wenn du mehr \u00fcber Grundsteine und Klubwelten erfahren willst. Wirf auch ruhig im Community-Blog einen Blick auf in der Vergangenheit preisgekr\u00f6nte Wunder der Baukunst! Grundsteine Dein [&hellip;]<\/p>\n","protected":false},"author":1,"featured_media":0,"parent":1979,"menu_order":0,"comment_status":"closed","ping_status":"closed","template":"","meta":{"_acf_changed":false,"footnotes":""},"class_list":["post-1966","page","type-page","status-publish","hentry"],"acf":[],"_links":{"self":[{"href":"https:\/\/trovegame.com\/de\/wp-json\/wp\/v2\/pages\/1966","targetHints":{"allow":["GET"]}}],"collection":[{"href":"https:\/\/trovegame.com\/de\/wp-json\/wp\/v2\/pages"}],"about":[{"href":"https:\/\/trovegame.com\/de\/wp-json\/wp\/v2\/types\/page"}],"author":[{"embeddable":true,"href":"https:\/\/trovegame.com\/de\/wp-json\/wp\/v2\/users\/1"}],"replies":[{"embeddable":true,"href":"https:\/\/trovegame.com\/de\/wp-json\/wp\/v2\/comments?post=1966"}],"version-history":[{"count":0,"href":"https:\/\/trovegame.com\/de\/wp-json\/wp\/v2\/pages\/1966\/revisions"}],"up":[{"embeddable":true,"href":"https:\/\/trovegame.com\/de\/wp-json\/wp\/v2\/pages\/1979"}],"wp:attachment":[{"href":"https:\/\/trovegame.com\/de\/wp-json\/wp\/v2\/media?parent=1966"}],"curies":[{"name":"wp","href":"https:\/\/api.w.org\/{rel}","templated":true}]}}