{"id":1964,"date":"2025-02-17T07:33:19","date_gmt":"2025-02-17T07:33:19","guid":{"rendered":"https:\/\/trovegame.com\/spielerkreationen\/"},"modified":"2025-05-13T10:53:50","modified_gmt":"2025-05-13T10:53:50","slug":"spielerkreationen","status":"publish","type":"page","link":"https:\/\/trovegame.com\/de\/leitfaden\/spielerkreationen\/","title":{"rendered":"Spielerkreationen"},"content":{"rendered":"\t\t<div data-elementor-type=\"wp-page\" data-elementor-id=\"1964\" class=\"elementor elementor-1964 elementor-241\" data-elementor-post-type=\"page\">\n\t\t\t\t<div class=\"elementor-element elementor-element-5d621ec6 e-con-full main-container e-flex e-con e-parent\" data-id=\"5d621ec6\" data-element_type=\"container\" data-e-type=\"container\" data-settings=\"{&quot;background_background&quot;:&quot;classic&quot;}\">\n\t\t<div class=\"elementor-element elementor-element-673b43af e-con-full e-flex e-con e-child\" data-id=\"673b43af\" data-element_type=\"container\" data-e-type=\"container\">\n\t\t<div class=\"elementor-element elementor-element-2f6ee6cb e-con-full subpage-header-area e-flex e-con e-child\" data-id=\"2f6ee6cb\" data-element_type=\"container\" data-e-type=\"container\" data-settings=\"{&quot;background_background&quot;:&quot;classic&quot;}\">\n\t\t<div class=\"elementor-element elementor-element-77c48b3 e-con-full e-flex e-con e-child\" data-id=\"77c48b3\" data-element_type=\"container\" data-e-type=\"container\">\n\t\t\t\t<div class=\"elementor-element elementor-element-2e56ad74 elementor-widget elementor-widget-heading\" data-id=\"2e56ad74\" data-element_type=\"widget\" data-e-type=\"widget\" data-widget_type=\"heading.default\">\n\t\t\t\t<div class=\"elementor-widget-container\">\n\t\t\t\t\t<h1 class=\"elementor-heading-title elementor-size-default\">Spielerkreationen<\/h1>\t\t\t\t<\/div>\n\t\t\t\t<\/div>\n\t\t\t\t<div class=\"elementor-element elementor-element-75d52355 elementor-widget elementor-widget-text-editor\" data-id=\"75d52355\" data-element_type=\"widget\" data-e-type=\"widget\" data-widget_type=\"text-editor.default\">\n\t\t\t\t<div class=\"elementor-widget-container\">\n\t\t\t\t\t\t\t\t\t<p>Du bist ein verkappter K\u00fcnstler\/verkanntes Genie? Du kannst es gar nicht mehr erwarten, deinen handgefertigten, kunstvoll verzierten Flamingo-Falchion an den Mann zu bringen? Dann bist du bei Trove genau richtig! Hier kannst du deiner Fantasie bei der Erschaffung ausgefallener Ausr\u00fcstungsgegenst\u00e4nde freien Lauf lassen! Deine Kreationen k\u00f6nnten sogar einmal Teil des Spiels werden!   <\/p>\t\t\t\t\t\t\t\t<\/div>\n\t\t\t\t<\/div>\n\t\t\t\t<\/div>\n\t\t<div class=\"elementor-element elementor-element-6a715d76 e-con-full e-flex e-con e-child\" data-id=\"6a715d76\" data-element_type=\"container\" data-e-type=\"container\">\n\t\t\t\t<\/div>\n\t\t\t\t<\/div>\n\t\t\t\t<\/div>\n\t\t<div class=\"elementor-element elementor-element-7bf54b7c e-con-full e-flex e-con e-child\" data-id=\"7bf54b7c\" data-element_type=\"container\" data-e-type=\"container\" data-settings=\"{&quot;background_background&quot;:&quot;classic&quot;}\">\n\t\t<div class=\"elementor-element elementor-element-40c125c9 e-con-full content-width e-flex e-con e-child\" data-id=\"40c125c9\" data-element_type=\"container\" data-e-type=\"container\">\n\t\t<div class=\"elementor-element elementor-element-2007b040 e-con-full e-flex e-con e-child\" data-id=\"2007b040\" data-element_type=\"container\" data-e-type=\"container\">\n\t\t\t\t<div class=\"elementor-element elementor-element-3f76eb6d elementor-widget elementor-widget-image\" data-id=\"3f76eb6d\" data-element_type=\"widget\" data-e-type=\"widget\" data-widget_type=\"image.default\">\n\t\t\t\t<div class=\"elementor-widget-container\">\n\t\t\t\t\t\t\t\t\t\t\t\t\t\t\t<img fetchpriority=\"high\" decoding=\"async\" width=\"800\" height=\"615\" src=\"https:\/\/trovegame.com\/wp-content\/uploads\/2025\/03\/player-creations-build-like-a-boss.webp\" class=\"attachment-large size-large wp-image-752\" alt=\"Trove player creation hot dog king\" srcset=\"https:\/\/trovegame.com\/wp-content\/uploads\/2025\/03\/player-creations-build-like-a-boss.webp 910w, https:\/\/trovegame.com\/wp-content\/uploads\/2025\/03\/player-creations-build-like-a-boss-300x231.webp 300w, https:\/\/trovegame.com\/wp-content\/uploads\/2025\/03\/player-creations-build-like-a-boss-768x591.webp 768w\" sizes=\"(max-width: 800px) 100vw, 800px\" \/>\t\t\t\t\t\t\t\t\t\t\t\t\t\t\t<\/div>\n\t\t\t\t<\/div>\n\t\t\t\t<\/div>\n\t\t<div class=\"elementor-element elementor-element-2b751b33 e-con-full e-flex e-con e-child\" data-id=\"2b751b33\" data-element_type=\"container\" data-e-type=\"container\">\n\t\t\t\t<div class=\"elementor-element elementor-element-52cdab96 elementor-widget elementor-widget-heading\" data-id=\"52cdab96\" data-element_type=\"widget\" data-e-type=\"widget\" data-widget_type=\"heading.default\">\n\t\t\t\t<div class=\"elementor-widget-container\">\n\t\t\t\t\t<h2 class=\"elementor-heading-title elementor-size-default\">Bauen wie ein Hofbaumeister<\/h2>\t\t\t\t<\/div>\n\t\t\t\t<\/div>\n\t\t\t\t<div class=\"elementor-element elementor-element-55a9fbb8 elementor-widget elementor-widget-text-editor\" data-id=\"55a9fbb8\" data-element_type=\"widget\" data-e-type=\"widget\" data-widget_type=\"text-editor.default\">\n\t\t\t\t<div class=\"elementor-widget-container\">\n\t\t\t\t\t\t\t\t\t<p>Mithilfe eines Voxel-Editors kannst du unz\u00e4hlige Gegenst\u00e4nde f\u00fcr Trove fertigen und zur Verwendung im Spiel einreichen: H\u00fcte, Schwerter, Feuerwaffen, Masken, Dekor, Dungeons, Schlupfwinkel und vieles andere mehr!<\/p><p>Besuche <a href=\"https:\/\/trovesaurus.com\/creations\" target=\"_blank\" rel=\"noopener\">Trovesaurus<\/a> und informiere dich \u00fcber die ersten Schritte. Es gibt eine Unmenge talentierter Kreativk\u00f6pfe, die ihre Erfahrung gerne weitergeben und dir bereitwillig Hilfestellung leisten. Solltest du im Augenblick noch nicht so weit sein, deine kreativen Muskeln spielen zu lassen, dann schau trotzdem vorbei und beteilige dich an der Diskussion \u00fcber andere im Entwicklungsstadium befindliche Kreationen.  <\/p>\t\t\t\t\t\t\t\t<\/div>\n\t\t\t\t<\/div>\n\t\t\t\t<\/div>\n\t\t\t\t<\/div>\n\t\t<div class=\"elementor-element elementor-element-4ac1b97c e-con-full content-width e-flex e-con e-child\" data-id=\"4ac1b97c\" data-element_type=\"container\" data-e-type=\"container\">\n\t\t<div class=\"elementor-element elementor-element-15fd340e e-con-full e-flex e-con e-child\" data-id=\"15fd340e\" data-element_type=\"container\" data-e-type=\"container\">\n\t\t\t\t<div class=\"elementor-element elementor-element-25bed0da elementor-widget elementor-widget-image\" data-id=\"25bed0da\" data-element_type=\"widget\" data-e-type=\"widget\" data-widget_type=\"image.default\">\n\t\t\t\t<div class=\"elementor-widget-container\">\n\t\t\t\t\t\t\t\t\t\t\t\t\t\t\t<img decoding=\"async\" width=\"800\" height=\"615\" src=\"https:\/\/trovegame.com\/wp-content\/uploads\/2025\/03\/player-creations-dungeon-masters-wanted.webp\" class=\"attachment-large size-large wp-image-756\" alt=\"Create you own dungeon in Trove\" srcset=\"https:\/\/trovegame.com\/wp-content\/uploads\/2025\/03\/player-creations-dungeon-masters-wanted.webp 910w, https:\/\/trovegame.com\/wp-content\/uploads\/2025\/03\/player-creations-dungeon-masters-wanted-300x231.webp 300w, https:\/\/trovegame.com\/wp-content\/uploads\/2025\/03\/player-creations-dungeon-masters-wanted-768x591.webp 768w\" sizes=\"(max-width: 800px) 100vw, 800px\" \/>\t\t\t\t\t\t\t\t\t\t\t\t\t\t\t<\/div>\n\t\t\t\t<\/div>\n\t\t\t\t<\/div>\n\t\t<div class=\"elementor-element elementor-element-734bd7ff e-con-full e-flex e-con e-child\" data-id=\"734bd7ff\" data-element_type=\"container\" data-e-type=\"container\">\n\t\t\t\t<div class=\"elementor-element elementor-element-320f92ab elementor-widget elementor-widget-heading\" data-id=\"320f92ab\" data-element_type=\"widget\" data-e-type=\"widget\" data-widget_type=\"heading.default\">\n\t\t\t\t<div class=\"elementor-widget-container\">\n\t\t\t\t\t<h2 class=\"elementor-heading-title elementor-size-default\">Dungeonmeister gesucht<\/h2>\t\t\t\t<\/div>\n\t\t\t\t<\/div>\n\t\t\t\t<div class=\"elementor-element elementor-element-392673ce elementor-widget elementor-widget-text-editor\" data-id=\"392673ce\" data-element_type=\"widget\" data-e-type=\"widget\" data-widget_type=\"text-editor.default\">\n\t\t\t\t<div class=\"elementor-widget-container\">\n\t\t\t\t\t\t\t\t\t<p>Bist du ein Voxel-Gro\u00dfbaumeister? Stelle deine architektonischen F\u00e4higkeiten zur Schau und konstruiere ganze Dungeons und Schlupfwinkel, die nur so strotzen vor Fallen und Feinden. <\/p><p>Das Entwerfen und Konstruieren solch pyramidaler Gro\u00dfbauten ist nichts f\u00fcr schwache Nerven, doch einmal fertiggestellt\/nach ihrer Fertigstellung, sind sie\/legen sie beredtes Zeugnis ab f\u00fcr Troves\/sind sie die Kr\u00f6nung der Spielerpartizipation in Trove. N\u00e4heres findest du auf <a href=\"https:\/\/trovesaurus.com\/creations\" target=\"_blank\" rel=\"noopener\">Trovesaurus<\/a>. <\/p>\t\t\t\t\t\t\t\t<\/div>\n\t\t\t\t<\/div>\n\t\t\t\t<\/div>\n\t\t\t\t<\/div>\n\t\t\t\t<\/div>\n\t\t\t\t<\/div>\n\t\t\t\t<\/div>\n\t\t","protected":false},"excerpt":{"rendered":"<p>Spielerkreationen Du bist ein verkappter K\u00fcnstler\/verkanntes Genie? Du kannst es gar nicht mehr erwarten, deinen handgefertigten, kunstvoll verzierten Flamingo-Falchion an den Mann zu bringen? Dann bist du bei Trove genau richtig! Hier kannst du deiner Fantasie bei der Erschaffung ausgefallener Ausr\u00fcstungsgegenst\u00e4nde freien Lauf lassen! Deine Kreationen k\u00f6nnten sogar einmal Teil des Spiels werden! Bauen wie [&hellip;]<\/p>\n","protected":false},"author":1,"featured_media":0,"parent":1979,"menu_order":0,"comment_status":"closed","ping_status":"closed","template":"","meta":{"_acf_changed":false,"footnotes":""},"class_list":["post-1964","page","type-page","status-publish","hentry"],"acf":[],"_links":{"self":[{"href":"https:\/\/trovegame.com\/de\/wp-json\/wp\/v2\/pages\/1964","targetHints":{"allow":["GET"]}}],"collection":[{"href":"https:\/\/trovegame.com\/de\/wp-json\/wp\/v2\/pages"}],"about":[{"href":"https:\/\/trovegame.com\/de\/wp-json\/wp\/v2\/types\/page"}],"author":[{"embeddable":true,"href":"https:\/\/trovegame.com\/de\/wp-json\/wp\/v2\/users\/1"}],"replies":[{"embeddable":true,"href":"https:\/\/trovegame.com\/de\/wp-json\/wp\/v2\/comments?post=1964"}],"version-history":[{"count":0,"href":"https:\/\/trovegame.com\/de\/wp-json\/wp\/v2\/pages\/1964\/revisions"}],"up":[{"embeddable":true,"href":"https:\/\/trovegame.com\/de\/wp-json\/wp\/v2\/pages\/1979"}],"wp:attachment":[{"href":"https:\/\/trovegame.com\/de\/wp-json\/wp\/v2\/media?parent=1964"}],"curies":[{"name":"wp","href":"https:\/\/api.w.org\/{rel}","templated":true}]}}