{"id":1962,"date":"2025-02-17T07:31:46","date_gmt":"2025-02-17T07:31:46","guid":{"rendered":"https:\/\/trovegame.com\/dungeons-und-schlupfwinkel\/"},"modified":"2025-05-13T10:18:26","modified_gmt":"2025-05-13T10:18:26","slug":"dungeons-und-schlupfwinkel","status":"publish","type":"page","link":"https:\/\/trovegame.com\/de\/leitfaden\/dungeons-und-schlupfwinkel\/","title":{"rendered":"Dungeons und Schlupfwinkel"},"content":{"rendered":"\t\t<div data-elementor-type=\"wp-page\" data-elementor-id=\"1962\" class=\"elementor elementor-1962 elementor-238\" data-elementor-post-type=\"page\">\n\t\t\t\t<div class=\"elementor-element elementor-element-36bf63a7 e-con-full main-container e-flex e-con e-parent\" data-id=\"36bf63a7\" data-element_type=\"container\" data-e-type=\"container\" data-settings=\"{&quot;background_background&quot;:&quot;classic&quot;}\">\n\t\t<div class=\"elementor-element elementor-element-57cad381 e-con-full e-flex e-con e-child\" data-id=\"57cad381\" data-element_type=\"container\" data-e-type=\"container\">\n\t\t<div class=\"elementor-element elementor-element-13cbae13 e-con-full subpage-header-area e-flex e-con e-child\" data-id=\"13cbae13\" data-element_type=\"container\" data-e-type=\"container\" data-settings=\"{&quot;background_background&quot;:&quot;classic&quot;}\">\n\t\t<div class=\"elementor-element elementor-element-1c127b15 e-con-full e-flex e-con e-child\" data-id=\"1c127b15\" data-element_type=\"container\" data-e-type=\"container\">\n\t\t\t\t<div class=\"elementor-element elementor-element-6d4d9643 elementor-widget elementor-widget-heading\" data-id=\"6d4d9643\" data-element_type=\"widget\" data-e-type=\"widget\" data-widget_type=\"heading.default\">\n\t\t\t\t<div class=\"elementor-widget-container\">\n\t\t\t\t\t<h1 class=\"elementor-heading-title elementor-size-default\">Dungeons und Schlupfwinkel<\/h1>\t\t\t\t<\/div>\n\t\t\t\t<\/div>\n\t\t\t\t<div class=\"elementor-element elementor-element-71446def elementor-widget elementor-widget-text-editor\" data-id=\"71446def\" data-element_type=\"widget\" data-e-type=\"widget\" data-widget_type=\"text-editor.default\">\n\t\t\t\t<div class=\"elementor-widget-container\">\n\t\t\t\t\t\t\t\t\t<p><strong>Mache dich auf atemberaubende Abenteuer gefasst!<\/strong><\/p><p>Dich lechzt nach Gefahr und Beute? Dann schnappe dir deine Freunde, wetze deine Waffen und st\u00fcrze dich in von Mitspielern und Devs erschaffene Dungeons! Oftmals in den dunkelsten und gef\u00e4hrlichsten Winkeln der Abenteuerwelten von Trove gelegen, sind sie allesamt vollgestopft mit Monstern, Fallen und wertvoller Beute.  <\/p>\t\t\t\t\t\t\t\t<\/div>\n\t\t\t\t<\/div>\n\t\t\t\t<\/div>\n\t\t<div class=\"elementor-element elementor-element-171a3547 e-con-full e-flex e-con e-child\" data-id=\"171a3547\" data-element_type=\"container\" data-e-type=\"container\">\n\t\t\t\t<\/div>\n\t\t\t\t<\/div>\n\t\t\t\t<\/div>\n\t\t<div class=\"elementor-element elementor-element-46edf534 e-con-full e-flex e-con e-child\" data-id=\"46edf534\" data-element_type=\"container\" data-e-type=\"container\" data-settings=\"{&quot;background_background&quot;:&quot;classic&quot;}\">\n\t\t<div class=\"elementor-element elementor-element-21745ca9 e-con-full content-width e-flex e-con e-child\" data-id=\"21745ca9\" data-element_type=\"container\" data-e-type=\"container\">\n\t\t<div class=\"elementor-element elementor-element-5a2da224 e-con-full e-flex e-con e-child\" data-id=\"5a2da224\" data-element_type=\"container\" data-e-type=\"container\">\n\t\t\t\t<div class=\"elementor-element elementor-element-6a5807ec elementor-widget elementor-widget-image\" data-id=\"6a5807ec\" data-element_type=\"widget\" data-e-type=\"widget\" data-widget_type=\"image.default\">\n\t\t\t\t<div class=\"elementor-widget-container\">\n\t\t\t\t\t\t\t\t\t\t\t\t\t\t\t<img fetchpriority=\"high\" decoding=\"async\" width=\"800\" height=\"615\" src=\"https:\/\/trovegame.com\/wp-content\/uploads\/2025\/02\/dungeons-and-lairs-dungeon-entrance.webp\" class=\"attachment-large size-large wp-image-550\" alt=\"Dungeons in Trove\" srcset=\"https:\/\/trovegame.com\/wp-content\/uploads\/2025\/02\/dungeons-and-lairs-dungeon-entrance.webp 910w, https:\/\/trovegame.com\/wp-content\/uploads\/2025\/02\/dungeons-and-lairs-dungeon-entrance-300x231.webp 300w, https:\/\/trovegame.com\/wp-content\/uploads\/2025\/02\/dungeons-and-lairs-dungeon-entrance-768x591.webp 768w\" sizes=\"(max-width: 800px) 100vw, 800px\" \/>\t\t\t\t\t\t\t\t\t\t\t\t\t\t\t<\/div>\n\t\t\t\t<\/div>\n\t\t\t\t<\/div>\n\t\t<div class=\"elementor-element elementor-element-539d6f11 e-con-full e-flex e-con e-child\" data-id=\"539d6f11\" data-element_type=\"container\" data-e-type=\"container\">\n\t\t\t\t<div class=\"elementor-element elementor-element-772ea067 elementor-widget elementor-widget-heading\" data-id=\"772ea067\" data-element_type=\"widget\" data-e-type=\"widget\" data-widget_type=\"heading.default\">\n\t\t\t\t<div class=\"elementor-widget-container\">\n\t\t\t\t\t<h2 class=\"elementor-heading-title elementor-size-default\">Dungeons<\/h2>\t\t\t\t<\/div>\n\t\t\t\t<\/div>\n\t\t\t\t<div class=\"elementor-element elementor-element-347f460b elementor-widget elementor-widget-text-editor\" data-id=\"347f460b\" data-element_type=\"widget\" data-e-type=\"widget\" data-widget_type=\"text-editor.default\">\n\t\t\t\t<div class=\"elementor-widget-container\">\n\t\t\t\t\t\t\t\t\t<p>Ob Schloss, Palast, Tropfsteinh\u00f6hle oder Krypta, in Dungeons triffst du stets nur auf die \u00fcbelsten Schurken und seltensten Ausr\u00fcstungsgegenst\u00e4nde. Hier lauern hinterh\u00e4ltige Schergen, fiese Fallen und abscheuliche Bosse darauf, dir den Garaus zu machen.<\/p><p>Einige Dungeons k\u00f6nnen durchaus von einzelnen Abenteurern bew\u00e4ltigt werden, aber sicher ist man nur, wenn man furchtlose Verb\u00fcndete an seiner Seite wei\u00df!<\/p>\t\t\t\t\t\t\t\t<\/div>\n\t\t\t\t<\/div>\n\t\t\t\t<\/div>\n\t\t\t\t<\/div>\n\t\t<div class=\"elementor-element elementor-element-9ca8412 e-con-full content-width e-flex e-con e-child\" data-id=\"9ca8412\" data-element_type=\"container\" data-e-type=\"container\">\n\t\t<div class=\"elementor-element elementor-element-6d1e2733 e-con-full e-flex e-con e-child\" data-id=\"6d1e2733\" data-element_type=\"container\" data-e-type=\"container\">\n\t\t\t\t<div class=\"elementor-element elementor-element-24eb905b elementor-widget elementor-widget-image\" data-id=\"24eb905b\" data-element_type=\"widget\" data-e-type=\"widget\" data-widget_type=\"image.default\">\n\t\t\t\t<div class=\"elementor-widget-container\">\n\t\t\t\t\t\t\t\t\t\t\t\t\t\t\t<img decoding=\"async\" width=\"800\" height=\"615\" src=\"https:\/\/trovegame.com\/wp-content\/uploads\/2025\/02\/dungeons-and-lairs-lair-entrance.webp\" class=\"attachment-large size-large wp-image-554\" alt=\"Lairs in Trove\" srcset=\"https:\/\/trovegame.com\/wp-content\/uploads\/2025\/02\/dungeons-and-lairs-lair-entrance.webp 910w, https:\/\/trovegame.com\/wp-content\/uploads\/2025\/02\/dungeons-and-lairs-lair-entrance-300x231.webp 300w, https:\/\/trovegame.com\/wp-content\/uploads\/2025\/02\/dungeons-and-lairs-lair-entrance-768x591.webp 768w\" sizes=\"(max-width: 800px) 100vw, 800px\" \/>\t\t\t\t\t\t\t\t\t\t\t\t\t\t\t<\/div>\n\t\t\t\t<\/div>\n\t\t\t\t<\/div>\n\t\t<div class=\"elementor-element elementor-element-24ac5db9 e-con-full e-flex e-con e-child\" data-id=\"24ac5db9\" data-element_type=\"container\" data-e-type=\"container\">\n\t\t\t\t<div class=\"elementor-element elementor-element-dd746 elementor-widget elementor-widget-heading\" data-id=\"dd746\" data-element_type=\"widget\" data-e-type=\"widget\" data-widget_type=\"heading.default\">\n\t\t\t\t<div class=\"elementor-widget-container\">\n\t\t\t\t\t<h2 class=\"elementor-heading-title elementor-size-default\">Schlupfwinkel<\/h2>\t\t\t\t<\/div>\n\t\t\t\t<\/div>\n\t\t\t\t<div class=\"elementor-element elementor-element-2d63c7a2 elementor-widget elementor-widget-text-editor\" data-id=\"2d63c7a2\" data-element_type=\"widget\" data-e-type=\"widget\" data-widget_type=\"text-editor.default\">\n\t\t\t\t<div class=\"elementor-widget-container\">\n\t\t\t\t\t\t\t\t\t<p>Schlupfwinkel sind Miniatur-Dungeons, die auf deiner Reise von Zone zu Zone findest. Jeder Schlupfwinkel birgt besondere Gefahren und endet mit einem Kampf gegen einen m\u00e4chtigen Boss oder einer Quest, die es zu vervollst\u00e4ndigen gilt, um spezielle Beute zu ergattern.  <\/p><p>Viele Dungeons und Schlupfwinkel sind Eigenkreationen der erstaunlichen Trove-Community.<\/p><p>Wirf einen Blick auf unser Seite <a href=\"https:\/\/trovegame.com\/de\/leitfaden\/spielerkreationen\/\" target=\"_blank\" rel=\"noopener\">\u201eSpielerkreationen\u201c<\/a>, um mehr zu erfahren!<\/p>\t\t\t\t\t\t\t\t<\/div>\n\t\t\t\t<\/div>\n\t\t\t\t<\/div>\n\t\t\t\t<\/div>\n\t\t\t\t<\/div>\n\t\t\t\t<\/div>\n\t\t\t\t<\/div>\n\t\t","protected":false},"excerpt":{"rendered":"<p>Dungeons und Schlupfwinkel Mache dich auf atemberaubende Abenteuer gefasst! Dich lechzt nach Gefahr und Beute? Dann schnappe dir deine Freunde, wetze deine Waffen und st\u00fcrze dich in von Mitspielern und Devs erschaffene Dungeons! Oftmals in den dunkelsten und gef\u00e4hrlichsten Winkeln der Abenteuerwelten von Trove gelegen, sind sie allesamt vollgestopft mit Monstern, Fallen und wertvoller Beute. [&hellip;]<\/p>\n","protected":false},"author":1,"featured_media":0,"parent":1979,"menu_order":0,"comment_status":"closed","ping_status":"closed","template":"","meta":{"_acf_changed":false,"footnotes":""},"class_list":["post-1962","page","type-page","status-publish","hentry"],"acf":[],"_links":{"self":[{"href":"https:\/\/trovegame.com\/de\/wp-json\/wp\/v2\/pages\/1962","targetHints":{"allow":["GET"]}}],"collection":[{"href":"https:\/\/trovegame.com\/de\/wp-json\/wp\/v2\/pages"}],"about":[{"href":"https:\/\/trovegame.com\/de\/wp-json\/wp\/v2\/types\/page"}],"author":[{"embeddable":true,"href":"https:\/\/trovegame.com\/de\/wp-json\/wp\/v2\/users\/1"}],"replies":[{"embeddable":true,"href":"https:\/\/trovegame.com\/de\/wp-json\/wp\/v2\/comments?post=1962"}],"version-history":[{"count":0,"href":"https:\/\/trovegame.com\/de\/wp-json\/wp\/v2\/pages\/1962\/revisions"}],"up":[{"embeddable":true,"href":"https:\/\/trovegame.com\/de\/wp-json\/wp\/v2\/pages\/1979"}],"wp:attachment":[{"href":"https:\/\/trovegame.com\/de\/wp-json\/wp\/v2\/media?parent=1962"}],"curies":[{"name":"wp","href":"https:\/\/api.w.org\/{rel}","templated":true}]}}