{"id":1960,"date":"2025-02-17T07:32:35","date_gmt":"2025-02-17T07:32:35","guid":{"rendered":"https:\/\/trovegame.com\/erste-schritte-in-trove\/"},"modified":"2025-05-13T10:42:20","modified_gmt":"2025-05-13T10:42:20","slug":"erste-schritte-in-trove","status":"publish","type":"page","link":"https:\/\/trovegame.com\/de\/leitfaden\/erste-schritte-in-trove\/","title":{"rendered":"Erste Schritte in Trove"},"content":{"rendered":"\t\t<div data-elementor-type=\"wp-page\" data-elementor-id=\"1960\" class=\"elementor elementor-1960 elementor-240\" data-elementor-post-type=\"page\">\n\t\t\t\t<div class=\"elementor-element elementor-element-4531474e e-con-full main-container e-flex e-con e-parent\" data-id=\"4531474e\" data-element_type=\"container\" data-e-type=\"container\" data-settings=\"{&quot;background_background&quot;:&quot;classic&quot;}\">\n\t\t<div class=\"elementor-element elementor-element-103f36b4 e-con-full e-flex e-con e-child\" data-id=\"103f36b4\" data-element_type=\"container\" data-e-type=\"container\">\n\t\t<div class=\"elementor-element elementor-element-270b7bb9 e-con-full subpage-header-area e-flex e-con e-child\" data-id=\"270b7bb9\" data-element_type=\"container\" data-e-type=\"container\" data-settings=\"{&quot;background_background&quot;:&quot;classic&quot;}\">\n\t\t<div class=\"elementor-element elementor-element-44fc8256 e-con-full e-flex e-con e-child\" data-id=\"44fc8256\" data-element_type=\"container\" data-e-type=\"container\">\n\t\t\t\t<div class=\"elementor-element elementor-element-372c22f7 elementor-widget elementor-widget-heading\" data-id=\"372c22f7\" data-element_type=\"widget\" data-e-type=\"widget\" data-widget_type=\"heading.default\">\n\t\t\t\t<div class=\"elementor-widget-container\">\n\t\t\t\t\t<h1 class=\"elementor-heading-title elementor-size-default\">Erste Schritte in Trove<\/h1>\t\t\t\t<\/div>\n\t\t\t\t<\/div>\n\t\t\t\t<div class=\"elementor-element elementor-element-27af7184 elementor-widget elementor-widget-text-editor\" data-id=\"27af7184\" data-element_type=\"widget\" data-e-type=\"widget\" data-widget_type=\"text-editor.default\">\n\t\t\t\t<div class=\"elementor-widget-container\">\n\t\t\t\t\t\t\t\t\t<p>Von den Feuerfeldern Drachenfeuergipfels bis zu den in Schokolade geh\u00fcllten Napfkuchen-Canyons Schlaraffias, die Fantasiereiche Troves sind \u00e4u\u00dferst abwechslungsreich. Durchquere die trovianischen Gefilde stilvoll mithilfe der nachfolgenden, bew\u00e4hrten Tricks! <\/p><p>Reiseoptionen in Trove sind vielf\u00e4ltig und k\u00f6nnen auf unterschiedlichste Weise erworben werden. Du kannst wunderliche Fahrzeuge mit deinen eigenen H\u00e4nden fertigen oder sie fertig in von niedergestreckten Feinden fallen gelassenen Abenteuerkisten finden. Gewinne ein Reittier, indem du deinen Lieblings-Streamern zusiehst oder sieh dich im Trove-Shop um. Ermutige einen Freund, Trove zu spielen und erhalte ein exklusives Reittier unseres Empfehlungsprogramms. (Wie du deine Freunde dazu kriegst, Trove zu spielen ist im Prinzip egal, aber Kekse k\u00f6nnen hier durchaus der Schl\u00fcssel zum Erfolg sein!)    <\/p>\t\t\t\t\t\t\t\t<\/div>\n\t\t\t\t<\/div>\n\t\t\t\t<\/div>\n\t\t<div class=\"elementor-element elementor-element-184f3b9f e-con-full e-flex e-con e-child\" data-id=\"184f3b9f\" data-element_type=\"container\" data-e-type=\"container\">\n\t\t\t\t<\/div>\n\t\t\t\t<\/div>\n\t\t\t\t<\/div>\n\t\t<div class=\"elementor-element elementor-element-c296c2c e-con-full as-slider e-flex e-con e-child\" data-id=\"c296c2c\" data-element_type=\"container\" data-e-type=\"container\" data-settings=\"{&quot;background_background&quot;:&quot;classic&quot;}\">\n\t\t<div class=\"elementor-element elementor-element-6690670f e-con-full content-width e-flex e-con e-child\" data-id=\"6690670f\" data-element_type=\"container\" data-e-type=\"container\">\n\t\t<div class=\"elementor-element elementor-element-c9d6d17 e-con-full e-flex e-con e-child\" data-id=\"c9d6d17\" data-element_type=\"container\" data-e-type=\"container\">\n\t\t\t\t<div class=\"elementor-element elementor-element-7110cd75 elementor-widget elementor-widget-image\" data-id=\"7110cd75\" data-element_type=\"widget\" data-e-type=\"widget\" data-widget_type=\"image.default\">\n\t\t\t\t<div class=\"elementor-widget-container\">\n\t\t\t\t\t\t\t\t\t\t\t\t\t\t\t<img fetchpriority=\"high\" decoding=\"async\" width=\"800\" height=\"647\" src=\"https:\/\/trovegame.com\/wp-content\/uploads\/2025\/02\/getting-around-multi-jump.webp\" class=\"attachment-large size-large wp-image-585\" alt=\"Trove - getting around with Multi Jumps\" srcset=\"https:\/\/trovegame.com\/wp-content\/uploads\/2025\/02\/getting-around-multi-jump.webp 865w, https:\/\/trovegame.com\/wp-content\/uploads\/2025\/02\/getting-around-multi-jump-300x243.webp 300w, https:\/\/trovegame.com\/wp-content\/uploads\/2025\/02\/getting-around-multi-jump-768x622.webp 768w\" sizes=\"(max-width: 800px) 100vw, 800px\" \/>\t\t\t\t\t\t\t\t\t\t\t\t\t\t\t<\/div>\n\t\t\t\t<\/div>\n\t\t\t\t<div class=\"elementor-element elementor-element-39eaf55f elementor-widget elementor-widget-heading\" data-id=\"39eaf55f\" data-element_type=\"widget\" data-e-type=\"widget\" data-widget_type=\"heading.default\">\n\t\t\t\t<div class=\"elementor-widget-container\">\n\t\t\t\t\t<h2 class=\"elementor-heading-title elementor-size-default\">Multisprung<\/h2>\t\t\t\t<\/div>\n\t\t\t\t<\/div>\n\t\t\t\t<div class=\"elementor-element elementor-element-52ad2bbe elementor-widget elementor-widget-text-editor\" data-id=\"52ad2bbe\" data-element_type=\"widget\" data-e-type=\"widget\" data-widget_type=\"text-editor.default\">\n\t\t\t\t<div class=\"elementor-widget-container\">\n\t\t\t\t\t\t\t\t\t<p>Benutze zum Springen einfach die <strong>Leertaste<\/strong>. Du willst h\u00f6her springen? Durch zweimaliges Bet\u00e4tigen der Leertaste gewinnst du an Sprungh\u00f6he. Jeder Trovianer ist in der Lage, Doppelspr\u00fcnge auszuf\u00fchren, doch du solltest dich nicht mit diesen bescheidenen H\u00f6hen begn\u00fcgen, sondern spezielle Ausr\u00fcstung sammeln, die deine Sprungkraft verbessert. Je besser dein Sprungwert, desto mehr Spr\u00fcnge kannst du im Flug hinlegen. Zwei Spr\u00fcnge sind gut, aber 25 und mehr sind nat\u00fcrlich um ein Vielfaches besser!       <\/p>\t\t\t\t\t\t\t\t<\/div>\n\t\t\t\t<\/div>\n\t\t\t\t<\/div>\n\t\t<div class=\"elementor-element elementor-element-5af1642e e-con-full e-flex e-con e-child\" data-id=\"5af1642e\" data-element_type=\"container\" data-e-type=\"container\">\n\t\t\t\t<div class=\"elementor-element elementor-element-63a56992 elementor-widget elementor-widget-image\" data-id=\"63a56992\" data-element_type=\"widget\" data-e-type=\"widget\" data-widget_type=\"image.default\">\n\t\t\t\t<div class=\"elementor-widget-container\">\n\t\t\t\t\t\t\t\t\t\t\t\t\t\t\t<img decoding=\"async\" width=\"800\" height=\"647\" src=\"https:\/\/trovegame.com\/wp-content\/uploads\/2025\/02\/getting-around-mounts.webp\" class=\"attachment-large size-large wp-image-581\" alt=\"Trove - Getting around on mounts\" srcset=\"https:\/\/trovegame.com\/wp-content\/uploads\/2025\/02\/getting-around-mounts.webp 865w, https:\/\/trovegame.com\/wp-content\/uploads\/2025\/02\/getting-around-mounts-300x243.webp 300w, https:\/\/trovegame.com\/wp-content\/uploads\/2025\/02\/getting-around-mounts-768x622.webp 768w\" sizes=\"(max-width: 800px) 100vw, 800px\" \/>\t\t\t\t\t\t\t\t\t\t\t\t\t\t\t<\/div>\n\t\t\t\t<\/div>\n\t\t\t\t<div class=\"elementor-element elementor-element-7120440d elementor-widget elementor-widget-heading\" data-id=\"7120440d\" data-element_type=\"widget\" data-e-type=\"widget\" data-widget_type=\"heading.default\">\n\t\t\t\t<div class=\"elementor-widget-container\">\n\t\t\t\t\t<h2 class=\"elementor-heading-title elementor-size-default\">Reittiere<\/h2>\t\t\t\t<\/div>\n\t\t\t\t<\/div>\n\t\t\t\t<div class=\"elementor-element elementor-element-2a62fe70 elementor-widget elementor-widget-text-editor\" data-id=\"2a62fe70\" data-element_type=\"widget\" data-e-type=\"widget\" data-widget_type=\"text-editor.default\">\n\t\t\t\t<div class=\"elementor-widget-container\">\n\t\t\t\t\t\t\t\t\t<p>Dr\u00fccke zum Reiten deines kostenlosen Reittieres \u201eLahmer Gaul\u201c die <strong>Y<\/strong>-Taste und sause schneller durch die Lande als dein quadratisches Schuhwerk erlaubt. Doch wir w\u00fcrden es dir nicht ver\u00fcbeln, wenn du deinen \u201eLahmen Gaul\u201c am n\u00e4chsten Baum anbindest, um deine Reise stattdessen auf einem Triumpferd oder einem Fliegenden Teppich, den man f\u00fcr das Ansehen unseres Livestreams gewinnen kann, fortzusetzen. <\/p><p>Dr\u00fccke <strong>C<\/strong> und lass dir deinen Charakterbogen anzeigen. Klicke anschlie\u00dfend auf das Reittiersymbol und w\u00e4hle ein Reittier aus. Nach der Auswahl deines Lieblingsreittieres kannst du deinen getreuen Freund jederzeit durch Dr\u00fccken von <strong>Y<\/strong> herbeirufen. <\/p>\t\t\t\t\t\t\t\t<\/div>\n\t\t\t\t<\/div>\n\t\t\t\t<\/div>\n\t\t<div class=\"elementor-element elementor-element-5f78ccbf e-con-full e-flex e-con e-child\" data-id=\"5f78ccbf\" data-element_type=\"container\" data-e-type=\"container\">\n\t\t\t\t<div class=\"elementor-element elementor-element-c31053b elementor-widget elementor-widget-image\" data-id=\"c31053b\" data-element_type=\"widget\" data-e-type=\"widget\" data-widget_type=\"image.default\">\n\t\t\t\t<div class=\"elementor-widget-container\">\n\t\t\t\t\t\t\t\t\t\t\t\t\t\t\t<img decoding=\"async\" width=\"800\" height=\"647\" src=\"https:\/\/trovegame.com\/wp-content\/uploads\/2025\/02\/gettings-around-wings.webp\" class=\"attachment-large size-large wp-image-589\" alt=\"Trove - Fly around with wings\" srcset=\"https:\/\/trovegame.com\/wp-content\/uploads\/2025\/02\/gettings-around-wings.webp 865w, https:\/\/trovegame.com\/wp-content\/uploads\/2025\/02\/gettings-around-wings-300x243.webp 300w, https:\/\/trovegame.com\/wp-content\/uploads\/2025\/02\/gettings-around-wings-768x622.webp 768w\" sizes=\"(max-width: 800px) 100vw, 800px\" \/>\t\t\t\t\t\t\t\t\t\t\t\t\t\t\t<\/div>\n\t\t\t\t<\/div>\n\t\t\t\t<div class=\"elementor-element elementor-element-3cc0f27a elementor-widget elementor-widget-heading\" data-id=\"3cc0f27a\" data-element_type=\"widget\" data-e-type=\"widget\" data-widget_type=\"heading.default\">\n\t\t\t\t<div class=\"elementor-widget-container\">\n\t\t\t\t\t<h2 class=\"elementor-heading-title elementor-size-default\">Schwingen<\/h2>\t\t\t\t<\/div>\n\t\t\t\t<\/div>\n\t\t\t\t<div class=\"elementor-element elementor-element-14b68737 elementor-widget elementor-widget-text-editor\" data-id=\"14b68737\" data-element_type=\"widget\" data-e-type=\"widget\" data-widget_type=\"text-editor.default\">\n\t\t\t\t<div class=\"elementor-widget-container\">\n\t\t\t\t\t\t\t\t\t<p>Sieh nur! Dort oben am Himmel! Ein Vogel? Ein Flugzeug vielleicht? Nein, das bist doch tats\u00e4chlich du, der da mit seinen eigenen Schwingen durch die L\u00fcfte segelt! Diese windschnittigen Accessoires, die im Rahmen des Updates \u201eTake Flight\u201c ins Spiel eingef\u00fchrt wurden, eignen sich hervorragend dazu, die Geschehnisse einmal ganz unbeschwert aus der Vogelperspektive zu betrachten. In Trove gibt es eine Unmenge verschiedenartigster Schwingen, also immer sch\u00f6n flei\u00dfig sammeln!      <\/p><p>Stelle dir Schwingen einfach wie eine Art H\u00e4ngegleiter vor. Suche dir einen m\u00f6glichst hohen Gel\u00e4ndepunkt, nimm ordentlich Anlauf, halte die gute alte Leertaste gedr\u00fcckt und schon durchpfl\u00fcgt der n\u00e4chste trovianische Otto Lilienthal mit halsbrecherischen Man\u00f6vern die L\u00fcfte seiner kubischen Abenteuerwelt! <\/p>\t\t\t\t\t\t\t\t<\/div>\n\t\t\t\t<\/div>\n\t\t\t\t<\/div>\n\t\t\t\t<\/div>\n\t\t\t\t<\/div>\n\t\t<div class=\"elementor-element elementor-element-42416373 e-con-full e-flex e-con e-child\" data-id=\"42416373\" data-element_type=\"container\" data-e-type=\"container\" data-settings=\"{&quot;background_background&quot;:&quot;classic&quot;}\">\n\t\t<div class=\"elementor-element elementor-element-56aff920 e-con-full content-width e-flex e-con e-child\" data-id=\"56aff920\" data-element_type=\"container\" data-e-type=\"container\">\n\t\t<div class=\"elementor-element elementor-element-79538395 e-con-full e-flex e-con e-child\" data-id=\"79538395\" data-element_type=\"container\" data-e-type=\"container\">\n\t\t\t\t<div class=\"elementor-element elementor-element-47a358e9 elementor-widget elementor-widget-image\" data-id=\"47a358e9\" data-element_type=\"widget\" data-e-type=\"widget\" data-widget_type=\"image.default\">\n\t\t\t\t<div class=\"elementor-widget-container\">\n\t\t\t\t\t\t\t\t\t\t\t\t\t\t\t<img loading=\"lazy\" decoding=\"async\" width=\"800\" height=\"637\" src=\"https:\/\/trovegame.com\/wp-content\/uploads\/2025\/02\/getting-around-boats.webp\" class=\"attachment-large size-large wp-image-568\" alt=\"Trove - Getting around in a boat\" srcset=\"https:\/\/trovegame.com\/wp-content\/uploads\/2025\/02\/getting-around-boats.webp 910w, https:\/\/trovegame.com\/wp-content\/uploads\/2025\/02\/getting-around-boats-300x239.webp 300w, https:\/\/trovegame.com\/wp-content\/uploads\/2025\/02\/getting-around-boats-768x612.webp 768w\" sizes=\"(max-width: 800px) 100vw, 800px\" \/>\t\t\t\t\t\t\t\t\t\t\t\t\t\t\t<\/div>\n\t\t\t\t<\/div>\n\t\t\t\t<\/div>\n\t\t<div class=\"elementor-element elementor-element-2872f018 e-con-full e-flex e-con e-child\" data-id=\"2872f018\" data-element_type=\"container\" data-e-type=\"container\">\n\t\t\t\t<div class=\"elementor-element elementor-element-557ce661 elementor-widget elementor-widget-heading\" data-id=\"557ce661\" data-element_type=\"widget\" data-e-type=\"widget\" data-widget_type=\"heading.default\">\n\t\t\t\t<div class=\"elementor-widget-container\">\n\t\t\t\t\t<h2 class=\"elementor-heading-title elementor-size-default\">Boote<\/h2>\t\t\t\t<\/div>\n\t\t\t\t<\/div>\n\t\t\t\t<div class=\"elementor-element elementor-element-4f4cc6e5 elementor-widget elementor-widget-text-editor\" data-id=\"4f4cc6e5\" data-element_type=\"widget\" data-e-type=\"widget\" data-widget_type=\"text-editor.default\">\n\t\t\t\t<div class=\"elementor-widget-container\">\n\t\t\t\t\t\t\t\t\t<p>Genie\u00dfe die Kreuzfahrt des Lebens an Bord deines eigenen Luxusliners! Troves Schiffe er\u00f6ffnen dir eine v\u00f6llig neue aquatische Abenteuerwelt! Du beginnst ganz bescheiden mit einem kleinen, unscheinbaren Flo\u00df, kannst aber im Laufe des Spieles mit deiner eigenen H\u00e4nde Arbeit die pr\u00e4chtigsten Ozeanriesen vom Stapel laufen lassen. (Kleiner Tipp: Willst du in die Fu\u00dfstapfen Klaus St\u00f6rtebekers treten, muss schon eine Galeone her!)   <\/p><p>Wie dein Reittier zu Lande, so kannst du auch das jeweils gew\u00fcnschte Schiff in deinem Charakterbogen (C) ausw\u00e4hlen. Dr\u00fccke einfach <strong>G<\/strong> um dein Schiff herbeizurufen, sobald du einen navigierbaren Wasserweg gefunden hast. Bei der Schiffsnutzung ist jedoch Vorsicht geboten, denn Trovianer sind alles andere als begnadete Schwimmer. Verzichtest du auf hoher See auf die Dienste deines Schiffes, schaufelst du dir dein eigenes nasses Grab. Doch keine Sorge. Besiege m\u00f6gliche Unterwasserfeinde, dr\u00fccke erneut <strong>G<\/strong> und dein Schiff bringt dich wieder unversehrt an die Oberfl\u00e4che zur\u00fcck.   <\/p>\t\t\t\t\t\t\t\t<\/div>\n\t\t\t\t<\/div>\n\t\t\t\t<\/div>\n\t\t\t\t<\/div>\n\t\t<div class=\"elementor-element elementor-element-16159552 e-con-full content-width e-flex e-con e-child\" data-id=\"16159552\" data-element_type=\"container\" data-e-type=\"container\">\n\t\t<div class=\"elementor-element elementor-element-49b6b347 e-con-full e-flex e-con e-child\" data-id=\"49b6b347\" data-element_type=\"container\" data-e-type=\"container\">\n\t\t\t\t<div class=\"elementor-element elementor-element-427adad8 elementor-widget elementor-widget-image\" data-id=\"427adad8\" data-element_type=\"widget\" data-e-type=\"widget\" data-widget_type=\"image.default\">\n\t\t\t\t<div class=\"elementor-widget-container\">\n\t\t\t\t\t\t\t\t\t\t\t\t\t\t\t<img loading=\"lazy\" decoding=\"async\" width=\"800\" height=\"681\" src=\"https:\/\/trovegame.com\/wp-content\/uploads\/2025\/02\/getting-around-mag-riders.webp\" class=\"attachment-large size-large wp-image-576\" alt=\"Trove - Getting around in Mag Riders\" srcset=\"https:\/\/trovegame.com\/wp-content\/uploads\/2025\/02\/getting-around-mag-riders.webp 910w, https:\/\/trovegame.com\/wp-content\/uploads\/2025\/02\/getting-around-mag-riders-300x255.webp 300w, https:\/\/trovegame.com\/wp-content\/uploads\/2025\/02\/getting-around-mag-riders-768x654.webp 768w\" sizes=\"(max-width: 800px) 100vw, 800px\" \/>\t\t\t\t\t\t\t\t\t\t\t\t\t\t\t<\/div>\n\t\t\t\t<\/div>\n\t\t\t\t<\/div>\n\t\t<div class=\"elementor-element elementor-element-6e8a5ce5 e-con-full e-flex e-con e-child\" data-id=\"6e8a5ce5\" data-element_type=\"container\" data-e-type=\"container\">\n\t\t\t\t<div class=\"elementor-element elementor-element-6b0de1cc elementor-widget elementor-widget-heading\" data-id=\"6b0de1cc\" data-element_type=\"widget\" data-e-type=\"widget\" data-widget_type=\"heading.default\">\n\t\t\t\t<div class=\"elementor-widget-container\">\n\t\t\t\t\t<h2 class=\"elementor-heading-title elementor-size-default\">Magvikel<\/h2>\t\t\t\t<\/div>\n\t\t\t\t<\/div>\n\t\t\t\t<div class=\"elementor-element elementor-element-d92cf0 elementor-widget elementor-widget-text-editor\" data-id=\"d92cf0\" data-element_type=\"widget\" data-e-type=\"widget\" data-widget_type=\"text-editor.default\">\n\t\t\t\t<div class=\"elementor-widget-container\">\n\t\t\t\t\t\t\t\t\t<p>Steht dir mal der Sinn nach einem ausgewachsenen Adrenalinrausch, dann kombiniere einfach ein Magvikel mit Zaubergleisen. Magvikel kannst du selbst fertigen, und aus Zaubergleisen lassen sich im Handumdrehen atemberaubende Rennstrecken bauen. Mit m\u00e4chtigen Geschwindgkeits-Boosts und waghalsigen Spr\u00fcngen kannst du den Nervenkitzel sogar noch betr\u00e4chtlich erh\u00f6hen. <\/p><p>Du kannst deine Rennstrecke sogar \u00fcber Musikbl\u00f6cke verlegen und so deine eigene Erkennungsmelodie kreieren! Entdeckst du eine Rennstrecke aus Zaubergleisen, dann dr\u00fccke einfach <strong>X<\/strong> und schon geht\u2019s los! <\/p>\t\t\t\t\t\t\t\t<\/div>\n\t\t\t\t<\/div>\n\t\t\t\t<\/div>\n\t\t\t\t<\/div>\n\t\t<div class=\"elementor-element elementor-element-e0a5227 e-con-full content-width e-flex e-con e-child\" data-id=\"e0a5227\" data-element_type=\"container\" data-e-type=\"container\">\n\t\t<div class=\"elementor-element elementor-element-de33978 e-con-full e-flex e-con e-child\" data-id=\"de33978\" data-element_type=\"container\" data-e-type=\"container\">\n\t\t\t\t<div class=\"elementor-element elementor-element-c3efb5f elementor-widget elementor-widget-image\" data-id=\"c3efb5f\" data-element_type=\"widget\" data-e-type=\"widget\" data-widget_type=\"image.default\">\n\t\t\t\t<div class=\"elementor-widget-container\">\n\t\t\t\t\t\t\t\t\t\t\t\t\t\t\t<img loading=\"lazy\" decoding=\"async\" width=\"800\" height=\"637\" src=\"https:\/\/trovegame.com\/wp-content\/uploads\/2025\/02\/getting-around-dragons.webp\" class=\"attachment-large size-large wp-image-572\" alt=\"Trove - Getting around on dragons\" srcset=\"https:\/\/trovegame.com\/wp-content\/uploads\/2025\/02\/getting-around-dragons.webp 910w, https:\/\/trovegame.com\/wp-content\/uploads\/2025\/02\/getting-around-dragons-300x239.webp 300w, https:\/\/trovegame.com\/wp-content\/uploads\/2025\/02\/getting-around-dragons-768x612.webp 768w\" sizes=\"(max-width: 800px) 100vw, 800px\" \/>\t\t\t\t\t\t\t\t\t\t\t\t\t\t\t<\/div>\n\t\t\t\t<\/div>\n\t\t\t\t<\/div>\n\t\t<div class=\"elementor-element elementor-element-e72da1f e-con-full e-flex e-con e-child\" data-id=\"e72da1f\" data-element_type=\"container\" data-e-type=\"container\">\n\t\t\t\t<div class=\"elementor-element elementor-element-fa69f5b elementor-widget elementor-widget-heading\" data-id=\"fa69f5b\" data-element_type=\"widget\" data-e-type=\"widget\" data-widget_type=\"heading.default\">\n\t\t\t\t<div class=\"elementor-widget-container\">\n\t\t\t\t\t<h2 class=\"elementor-heading-title elementor-size-default\">Drachen<\/h2>\t\t\t\t<\/div>\n\t\t\t\t<\/div>\n\t\t\t\t<div class=\"elementor-element elementor-element-f42f6fd elementor-widget elementor-widget-text-editor\" data-id=\"f42f6fd\" data-element_type=\"widget\" data-e-type=\"widget\" data-widget_type=\"text-editor.default\">\n\t\t\t\t<div class=\"elementor-widget-container\">\n\t\t\t\t\t\t\t\t\t<p>Mit Drachen geht einfach alles besser. Drachen sind in Trove vielseitig einsetzbar \u2013 als treues Schlachtross, zuverl\u00e4ssiges Luftschiff oder Feuer speiendes Unget\u00fcm, das alles und jeden aus dem Weg r\u00e4umt! <\/p><p>Erlebe. Entdecke. Erschaffe. H\u00fcpfe, fliege oder reite noch heute in Trove ins Abenteuer!   <\/p>\t\t\t\t\t\t\t\t<\/div>\n\t\t\t\t<\/div>\n\t\t\t\t<\/div>\n\t\t\t\t<\/div>\n\t\t\t\t<\/div>\n\t\t\t\t<\/div>\n\t\t\t\t<\/div>\n\t\t","protected":false},"excerpt":{"rendered":"<p>Erste Schritte in Trove Von den Feuerfeldern Drachenfeuergipfels bis zu den in Schokolade geh\u00fcllten Napfkuchen-Canyons Schlaraffias, die Fantasiereiche Troves sind \u00e4u\u00dferst abwechslungsreich. Durchquere die trovianischen Gefilde stilvoll mithilfe der nachfolgenden, bew\u00e4hrten Tricks! Reiseoptionen in Trove sind vielf\u00e4ltig und k\u00f6nnen auf unterschiedlichste Weise erworben werden. Du kannst wunderliche Fahrzeuge mit deinen eigenen H\u00e4nden fertigen oder sie [&hellip;]<\/p>\n","protected":false},"author":1,"featured_media":0,"parent":1979,"menu_order":0,"comment_status":"closed","ping_status":"closed","template":"","meta":{"_acf_changed":false,"footnotes":""},"class_list":["post-1960","page","type-page","status-publish","hentry"],"acf":[],"_links":{"self":[{"href":"https:\/\/trovegame.com\/de\/wp-json\/wp\/v2\/pages\/1960","targetHints":{"allow":["GET"]}}],"collection":[{"href":"https:\/\/trovegame.com\/de\/wp-json\/wp\/v2\/pages"}],"about":[{"href":"https:\/\/trovegame.com\/de\/wp-json\/wp\/v2\/types\/page"}],"author":[{"embeddable":true,"href":"https:\/\/trovegame.com\/de\/wp-json\/wp\/v2\/users\/1"}],"replies":[{"embeddable":true,"href":"https:\/\/trovegame.com\/de\/wp-json\/wp\/v2\/comments?post=1960"}],"version-history":[{"count":0,"href":"https:\/\/trovegame.com\/de\/wp-json\/wp\/v2\/pages\/1960\/revisions"}],"up":[{"embeddable":true,"href":"https:\/\/trovegame.com\/de\/wp-json\/wp\/v2\/pages\/1979"}],"wp:attachment":[{"href":"https:\/\/trovegame.com\/de\/wp-json\/wp\/v2\/media?parent=1960"}],"curies":[{"name":"wp","href":"https:\/\/api.w.org\/{rel}","templated":true}]}}