{"id":1953,"date":"2025-02-17T07:29:05","date_gmt":"2025-02-17T07:29:05","guid":{"rendered":"https:\/\/trovegame.com\/faq\/"},"modified":"2025-05-13T10:30:56","modified_gmt":"2025-05-13T10:30:56","slug":"faq","status":"publish","type":"page","link":"https:\/\/trovegame.com\/de\/leitfaden\/faq\/","title":{"rendered":"FAQ"},"content":{"rendered":"\t\t<div data-elementor-type=\"wp-page\" data-elementor-id=\"1953\" class=\"elementor elementor-1953 elementor-235\" data-elementor-post-type=\"page\">\n\t\t\t\t<div class=\"elementor-element elementor-element-53383dce e-con-full main-container e-flex e-con e-parent\" data-id=\"53383dce\" data-element_type=\"container\" data-e-type=\"container\" data-settings=\"{&quot;background_background&quot;:&quot;classic&quot;}\">\n\t\t<div class=\"elementor-element elementor-element-7d560058 e-con-full e-flex e-con e-child\" data-id=\"7d560058\" data-element_type=\"container\" data-e-type=\"container\">\n\t\t<div class=\"elementor-element elementor-element-733d0e5b e-con-full subpage-header-area e-flex e-con e-child\" data-id=\"733d0e5b\" data-element_type=\"container\" data-e-type=\"container\" data-settings=\"{&quot;background_background&quot;:&quot;classic&quot;}\">\n\t\t<div class=\"elementor-element elementor-element-31fcda2b e-con-full e-flex e-con e-child\" data-id=\"31fcda2b\" data-element_type=\"container\" data-e-type=\"container\">\n\t\t\t\t<div class=\"elementor-element elementor-element-7d5aa063 elementor-widget elementor-widget-heading\" data-id=\"7d5aa063\" data-element_type=\"widget\" data-e-type=\"widget\" data-widget_type=\"heading.default\">\n\t\t\t\t<div class=\"elementor-widget-container\">\n\t\t\t\t\t<h1 class=\"elementor-heading-title elementor-size-default\">FAQ<\/h1>\t\t\t\t<\/div>\n\t\t\t\t<\/div>\n\t\t\t\t<div class=\"elementor-element elementor-element-4267e49 elementor-widget elementor-widget-heading\" data-id=\"4267e49\" data-element_type=\"widget\" data-e-type=\"widget\" data-widget_type=\"heading.default\">\n\t\t\t\t<div class=\"elementor-widget-container\">\n\t\t\t\t\t<h3 class=\"elementor-heading-title elementor-size-default\">Was ist Trove?<\/h3>\t\t\t\t<\/div>\n\t\t\t\t<\/div>\n\t\t\t\t<div class=\"elementor-element elementor-element-7f3d195f elementor-widget elementor-widget-text-editor\" data-id=\"7f3d195f\" data-element_type=\"widget\" data-e-type=\"widget\" data-widget_type=\"text-editor.default\">\n\t\t\t\t<div class=\"elementor-widget-container\">\n\t\t\t\t\t\t\t\t\t<p>Trove ist ein offenes Voxelabenteuer, das in zahllosen mit Quests, Sch\u00e4tzen und kleinen wie gro\u00dfen Feinden angef\u00fcllten Fantasiewelten spielt. Es ist eine witzige kubische Mixtur unterschiedlichster RPG-Features gepaart mit aufregenden Entdeckungsreisen durch prozedural generierte Welten und der ultimativen kreativen Freiheit, deine eigenen Fantasiewelten zu erstellen! <\/p>\t\t\t\t\t\t\t\t<\/div>\n\t\t\t\t<\/div>\n\t\t\t\t<\/div>\n\t\t<div class=\"elementor-element elementor-element-f5fd638 e-con-full e-flex e-con e-child\" data-id=\"f5fd638\" data-element_type=\"container\" data-e-type=\"container\">\n\t\t\t\t<\/div>\n\t\t\t\t<\/div>\n\t\t\t\t<\/div>\n\t\t<div class=\"elementor-element elementor-element-44393191 e-con-full e-flex e-con e-child\" data-id=\"44393191\" data-element_type=\"container\" data-e-type=\"container\" data-settings=\"{&quot;background_background&quot;:&quot;classic&quot;}\">\n\t\t<div class=\"elementor-element elementor-element-da26bb1 e-con-full content-width e-flex e-con e-child\" data-id=\"da26bb1\" data-element_type=\"container\" data-e-type=\"container\">\n\t\t<div class=\"elementor-element elementor-element-7bd5260 e-con-full e-flex e-con e-child\" data-id=\"7bd5260\" data-element_type=\"container\" data-e-type=\"container\">\n\t\t\t\t<div class=\"elementor-element elementor-element-73cbd59 elementor-widget elementor-widget-heading\" data-id=\"73cbd59\" data-element_type=\"widget\" data-e-type=\"widget\" data-widget_type=\"heading.default\">\n\t\t\t\t<div class=\"elementor-widget-container\">\n\t\t\t\t\t<h3 class=\"elementor-heading-title elementor-size-default\">Was unterscheidet Trove von anderen Voxel-Spielen?<\/h3>\t\t\t\t<\/div>\n\t\t\t\t<\/div>\n\t\t\t\t<div class=\"elementor-element elementor-element-f6300df elementor-widget elementor-widget-text-editor\" data-id=\"f6300df\" data-element_type=\"widget\" data-e-type=\"widget\" data-widget_type=\"text-editor.default\">\n\t\t\t\t<div class=\"elementor-widget-container\">\n\t\t\t\t\t\t\t\t\t<p>Trove ist eine einmalige Mischung aus unterhaltsamen Sammel- und Konstruktionsfeatures gepaart mit kurzweiligen Rollenspielelementen. W\u00e4hle aus \u00fcber einem Dutzend einzigartiger Klassen aus, stelle dich Myriaden skurriler Monster zum Kampf, erbeute und fertige epische Ausr\u00fcstung, nutze ein Vielzahl kosmetischer Stile und reite eine wilde Meute Furcht einfl\u00f6\u00dfender Reittiere, einschlie\u00dflich Feuer speiender Drachen und bis an die Z\u00e4hne bewaffneter Dinosaurier! <\/p>\t\t\t\t\t\t\t\t<\/div>\n\t\t\t\t<\/div>\n\t\t\t\t<div class=\"elementor-element elementor-element-deade6b elementor-widget elementor-widget-heading\" data-id=\"deade6b\" data-element_type=\"widget\" data-e-type=\"widget\" data-widget_type=\"heading.default\">\n\t\t\t\t<div class=\"elementor-widget-container\">\n\t\t\t\t\t<h3 class=\"elementor-heading-title elementor-size-default\">Wie bekannt ist Trove?<\/h3>\t\t\t\t<\/div>\n\t\t\t\t<\/div>\n\t\t\t\t<div class=\"elementor-element elementor-element-9b57c96 elementor-widget elementor-widget-text-editor\" data-id=\"9b57c96\" data-element_type=\"widget\" data-e-type=\"widget\" data-widget_type=\"text-editor.default\">\n\t\t\t\t<div class=\"elementor-widget-container\">\n\t\t\t\t\t\t\t\t\t<p>Trove wird in \u00fcber 200 L\u00e4ndern auf 5 verschiedenen Plattformen gespielt.<\/p>\t\t\t\t\t\t\t\t<\/div>\n\t\t\t\t<\/div>\n\t\t\t\t<div class=\"elementor-element elementor-element-2b883cd elementor-widget elementor-widget-heading\" data-id=\"2b883cd\" data-element_type=\"widget\" data-e-type=\"widget\" data-widget_type=\"heading.default\">\n\t\t\t\t<div class=\"elementor-widget-container\">\n\t\t\t\t\t<h3 class=\"elementor-heading-title elementor-size-default\">F\u00fcr welche Spieleplattformen ist Trove verf\u00fcgbar?<\/h3>\t\t\t\t<\/div>\n\t\t\t\t<\/div>\n\t\t\t\t<div class=\"elementor-element elementor-element-9bb15a5 elementor-widget elementor-widget-text-editor\" data-id=\"9bb15a5\" data-element_type=\"widget\" data-e-type=\"widget\" data-widget_type=\"text-editor.default\">\n\t\t\t\t<div class=\"elementor-widget-container\">\n\t\t\t\t\t\t\t\t\t<p>Trove ist derzeit f\u00fcr <a href=\"https:\/\/www.xbox.com\/de-de\/games\/store\/trove\/c4m5bk5hmgjd\" target=\"_blank\" rel=\"noopener noreferrer\">Xbox\u2122,<\/a> <a href=\"https:\/\/www.playstation.com\/de-de\/games\/trove\/\" target=\"_blank\" rel=\"noopener noreferrer\">PlayStation\u00ae<\/a>, <a href=\"https:\/\/www.nintendo.com\/de-de\/Spiele\/Nintendo-Switch-Download-Software\/Trove-1994054.html\" target=\"_blank\" rel=\"noopener\">Nintendo Switch\u2122<\/a>, <a href=\"https:\/\/glyph.dyn.triongames.com\/glyph\/live\/GlyphInstall.exe\" target=\"_blank\" rel=\"noopener\">PC<\/a> und <a href=\"https:\/\/store.steampowered.com\/app\/304050\/Trove\/\" target=\"_blank\" rel=\"noopener\">Steam<\/a> erh\u00e4ltlich.<\/p>\t\t\t\t\t\t\t\t<\/div>\n\t\t\t\t<\/div>\n\t\t\t\t<div class=\"elementor-element elementor-element-6b6abfb elementor-widget elementor-widget-heading\" data-id=\"6b6abfb\" data-element_type=\"widget\" data-e-type=\"widget\" data-widget_type=\"heading.default\">\n\t\t\t\t<div class=\"elementor-widget-container\">\n\t\t\t\t\t<h3 class=\"elementor-heading-title elementor-size-default\">Kann man Trove kostenlos spielen?<\/h3>\t\t\t\t<\/div>\n\t\t\t\t<\/div>\n\t\t\t\t<div class=\"elementor-element elementor-element-6aedd93 elementor-widget elementor-widget-text-editor\" data-id=\"6aedd93\" data-element_type=\"widget\" data-e-type=\"widget\" data-widget_type=\"text-editor.default\">\n\t\t\t\t<div class=\"elementor-widget-container\">\n\t\t\t\t\t\t\t\t\t<p>Ja!<\/p>\t\t\t\t\t\t\t\t<\/div>\n\t\t\t\t<\/div>\n\t\t\t\t<div class=\"elementor-element elementor-element-bc6fa47 elementor-widget elementor-widget-heading\" data-id=\"bc6fa47\" data-element_type=\"widget\" data-e-type=\"widget\" data-widget_type=\"heading.default\">\n\t\t\t\t<div class=\"elementor-widget-container\">\n\t\t\t\t\t<h3 class=\"elementor-heading-title elementor-size-default\">Was sind Credits?<\/h3>\t\t\t\t<\/div>\n\t\t\t\t<\/div>\n\t\t\t\t<div class=\"elementor-element elementor-element-85f0dbf elementor-widget elementor-widget-text-editor\" data-id=\"85f0dbf\" data-element_type=\"widget\" data-e-type=\"widget\" data-widget_type=\"text-editor.default\">\n\t\t\t\t<div class=\"elementor-widget-container\">\n\t\t\t\t\t\t\t\t\t<p>Credits ist der Name der offiziellen W\u00e4hrung im Spiel. Mithilfe von Credits kannst du zahllose n\u00fctzliche Gegenst\u00e4nde erwerben \u2013 von Reittieren \u00fcber Klassen bis hin zu todschicken Kost\u00fcmen f\u00fcr deinen Charakter. <\/p>\t\t\t\t\t\t\t\t<\/div>\n\t\t\t\t<\/div>\n\t\t\t\t<div class=\"elementor-element elementor-element-15ad8e2 elementor-widget elementor-widget-heading\" data-id=\"15ad8e2\" data-element_type=\"widget\" data-e-type=\"widget\" data-widget_type=\"heading.default\">\n\t\t\t\t<div class=\"elementor-widget-container\">\n\t\t\t\t\t<h3 class=\"elementor-heading-title elementor-size-default\">Mir ist zu Ohren gekommen, dass es eine Trove-Community gibt. Wo ist diese Community zu finden?<\/h3>\t\t\t\t<\/div>\n\t\t\t\t<\/div>\n\t\t\t\t<div class=\"elementor-element elementor-element-866ad14 elementor-widget elementor-widget-text-editor\" data-id=\"866ad14\" data-element_type=\"widget\" data-e-type=\"widget\" data-widget_type=\"text-editor.default\">\n\t\t\t\t<div class=\"elementor-widget-container\">\n\t\t\t\t\t\t\t\t\t<div class=\"ewa-rteLine\"><a href=\"https:\/\/discord.com\/invite\/trovegame\" target=\"_blank\" rel=\"noopener\">Offizieller Discord<\/a><\/div><div class=\"ewa-rteLine\"><a href=\"https:\/\/www.tiktok.com\/@playtrove\" target=\"_blank\" rel=\"noopener\">Offizieller TikTok-Kanal<\/a><\/div><div class=\"ewa-rteLine\"><a href=\"https:\/\/www.youtube.com\/@TroveGame\/\" target=\"_blank\" rel=\"noopener\">Offizieller Youtube-Kanal<\/a><\/div><div class=\"ewa-rteLine\"><a href=\"https:\/\/www.reddit.com\/r\/Trove\/\" target=\"_blank\" rel=\"noopener\">Offizieller Trove Subreddit<br><\/a><a href=\"https:\/\/www.instagram.com\/trovegame\/?hl=en\" target=\"_blank\" rel=\"noopener\">Offizielle Instagram-Seite<br><\/a><a href=\"https:\/\/www.facebook.com\/trovegame\" target=\"_blank\" rel=\"noopener noreferrer\">Offizielle Facebook-Seite<br><\/a><a href=\"https:\/\/twitter.com\/TroveGame\" target=\"_blank\" rel=\"noopener noreferrer\">Offizielle Twitter-Seite<\/a><\/div>\t\t\t\t\t\t\t\t<\/div>\n\t\t\t\t<\/div>\n\t\t\t\t<div class=\"elementor-element elementor-element-3d162fa elementor-widget elementor-widget-heading\" data-id=\"3d162fa\" data-element_type=\"widget\" data-e-type=\"widget\" data-widget_type=\"heading.default\">\n\t\t\t\t<div class=\"elementor-widget-container\">\n\t\t\t\t\t<h3 class=\"elementor-heading-title elementor-size-default\">Welche Sprachen werden unterst\u00fctzt?<\/h3>\t\t\t\t<\/div>\n\t\t\t\t<\/div>\n\t\t\t\t<div class=\"elementor-element elementor-element-0a30f28 elementor-widget elementor-widget-text-editor\" data-id=\"0a30f28\" data-element_type=\"widget\" data-e-type=\"widget\" data-widget_type=\"text-editor.default\">\n\t\t\t\t<div class=\"elementor-widget-container\">\n\t\t\t\t\t\t\t\t\t<p><span data-teams=\"true\">Trove ist derzeit auf allen Plattformen in Englisch, Franz\u00f6sisch und Deutsch verf\u00fcgbar, sowie auf dem PC zus\u00e4tzlich in Vereinfachtem Chinesisch und Spanisch.<\/span><\/p><p><span data-teams=\"true\">Wir planen, in Zukunft weitere Sprachen hinzuzuf\u00fcgen, und es gibt bereits diverse Community-\u00dcbersetzungen f\u00fcr andere Sprachen.<\/span><\/p>\t\t\t\t\t\t\t\t<\/div>\n\t\t\t\t<\/div>\n\t\t\t\t<div class=\"elementor-element elementor-element-1107da1 elementor-widget elementor-widget-heading\" data-id=\"1107da1\" data-element_type=\"widget\" data-e-type=\"widget\" data-widget_type=\"heading.default\">\n\t\t\t\t<div class=\"elementor-widget-container\">\n\t\t\t\t\t<h2 class=\"elementor-heading-title elementor-size-default\">PC<\/h2>\t\t\t\t<\/div>\n\t\t\t\t<\/div>\n\t\t\t\t<div class=\"elementor-element elementor-element-4d0426d elementor-widget elementor-widget-heading\" data-id=\"4d0426d\" data-element_type=\"widget\" data-e-type=\"widget\" data-widget_type=\"heading.default\">\n\t\t\t\t<div class=\"elementor-widget-container\">\n\t\t\t\t\t<h3 class=\"elementor-heading-title elementor-size-default\">Wo kann ich Trove herunterladen?<\/h3>\t\t\t\t<\/div>\n\t\t\t\t<\/div>\n\t\t\t\t<div class=\"elementor-element elementor-element-7f69962 elementor-widget elementor-widget-text-editor\" data-id=\"7f69962\" data-element_type=\"widget\" data-e-type=\"widget\" data-widget_type=\"text-editor.default\">\n\t\t\t\t<div class=\"elementor-widget-container\">\n\t\t\t\t\t\t\t\t\t<p>Solltest du Glyph, unseren Spiele-Launcher, noch nicht installiert haben, dann lade dir einfach die <a href=\"https:\/\/glyph.dyn.triongames.com\/glyph\/live\/GlyphInstall.exe\" rel=\"FAQ noopener\" target=\"_blank\">PC<\/a>-Version herunter und w\u00e4hle nach der Installation des Programms im Men\u00fc auf der linken Bildseite Trove aus. Installiere nun das Spiel und deiner wundersamen Abenteuerreise steht nichts mehr im Wege! <\/p>\t\t\t\t\t\t\t\t<\/div>\n\t\t\t\t<\/div>\n\t\t\t\t<div class=\"elementor-element elementor-element-a4d52c5 elementor-widget elementor-widget-heading\" data-id=\"a4d52c5\" data-element_type=\"widget\" data-e-type=\"widget\" data-widget_type=\"heading.default\">\n\t\t\t\t<div class=\"elementor-widget-container\">\n\t\t\t\t\t<h3 class=\"elementor-heading-title elementor-size-default\">What are the system requirements to play Trove?<\/h3>\t\t\t\t<\/div>\n\t\t\t\t<\/div>\n\t\t\t\t<div class=\"elementor-element elementor-element-34639fd elementor-widget elementor-widget-text-editor\" data-id=\"34639fd\" data-element_type=\"widget\" data-e-type=\"widget\" data-widget_type=\"text-editor.default\">\n\t\t\t\t<div class=\"elementor-widget-container\">\n\t\t\t\t\t\t\t\t\t<p><strong>WINDOWS:<br><br><\/strong>Betriebssystem: Windows Vista 32-Bit, Service Pack 2<br>Prozessor: Intel Core i5-2XXX @ 2.0GHz \/ AMD Phenom II X4 @ 2.6GHz<br>Arbeitsspeicher: 1 GB RAM<br>Grafikkarte: Intel HD Graphics 3000 oder besser<br>DirectX: Version 10<br>Internet: Breitband-Internetverbindung<br>Festplattenspeicher: 1 GB freier Speicherplatz<br>Weitere Hinweise: Grafiktreiber: OpenGL 3.2 oder DirectX 10.0<\/p>\t\t\t\t\t\t\t\t<\/div>\n\t\t\t\t<\/div>\n\t\t\t\t<div class=\"elementor-element elementor-element-5d21193 elementor-widget elementor-widget-heading\" data-id=\"5d21193\" data-element_type=\"widget\" data-e-type=\"widget\" data-widget_type=\"heading.default\">\n\t\t\t\t<div class=\"elementor-widget-container\">\n\t\t\t\t\t<h2 class=\"elementor-heading-title elementor-size-default\">Konsole<\/h2>\t\t\t\t<\/div>\n\t\t\t\t<\/div>\n\t\t\t\t<div class=\"elementor-element elementor-element-31f0259 elementor-widget elementor-widget-heading\" data-id=\"31f0259\" data-element_type=\"widget\" data-e-type=\"widget\" data-widget_type=\"heading.default\">\n\t\t\t\t<div class=\"elementor-widget-container\">\n\t\t\t\t\t<h3 class=\"elementor-heading-title elementor-size-default\">Wo kann ich Trove herunterladen?<\/h3>\t\t\t\t<\/div>\n\t\t\t\t<\/div>\n\t\t\t\t<div class=\"elementor-element elementor-element-dfbab76 elementor-widget elementor-widget-text-editor\" data-id=\"dfbab76\" data-element_type=\"widget\" data-e-type=\"widget\" data-widget_type=\"text-editor.default\">\n\t\t\t\t<div class=\"elementor-widget-container\">\n\t\t\t\t\t\t\t\t\t<p>Trove ist sowohl im Xbox Games Store als auch im Nintendo Switch Store als auch im PlayStation\u00aeStore kostenlos erh\u00e4ltlich.<\/p>\t\t\t\t\t\t\t\t<\/div>\n\t\t\t\t<\/div>\n\t\t\t\t<div class=\"elementor-element elementor-element-4a715c8 elementor-widget elementor-widget-heading\" data-id=\"4a715c8\" data-element_type=\"widget\" data-e-type=\"widget\" data-widget_type=\"heading.default\">\n\t\t\t\t<div class=\"elementor-widget-container\">\n\t\t\t\t\t<h3 class=\"elementor-heading-title elementor-size-default\">Warum sollte ich mein Konsolen-Account mit meinem Glyph-Account verlinken?<\/h3>\t\t\t\t<\/div>\n\t\t\t\t<\/div>\n\t\t\t\t<div class=\"elementor-element elementor-element-f0b97ac elementor-widget elementor-widget-text-editor\" data-id=\"f0b97ac\" data-element_type=\"widget\" data-e-type=\"widget\" data-widget_type=\"text-editor.default\">\n\t\t\t\t<div class=\"elementor-widget-container\">\n\t\t\t\t\t\t\t\t\t<p>Eine Verlinkung von Konsolen- und Glyph-Accounts berechtigt zum Erhalt von Werbegeschenken sowie zur Teilnahme an Wettbewerben. Au\u00dferdem bist du immer auf dem Laufenden, was Events im Spiel und Updates angeht. Als kleine Zugabe gibt es auch noch den kostenlosen Gef\u00e4hrten \u201eZuckerwolle\u201c, ein m\u00e4chtiges rosa Einhorn mit 50 Magiegesp\u00fcr (ein besonderer Wert, der die Qualit\u00e4t deiner Beute erh\u00f6hen kann)! <\/p>\t\t\t\t\t\t\t\t<\/div>\n\t\t\t\t<\/div>\n\t\t\t\t<div class=\"elementor-element elementor-element-de17741 elementor-widget elementor-widget-heading\" data-id=\"de17741\" data-element_type=\"widget\" data-e-type=\"widget\" data-widget_type=\"heading.default\">\n\t\t\t\t<div class=\"elementor-widget-container\">\n\t\t\t\t\t<h3 class=\"elementor-heading-title elementor-size-default\">Gratis\u00fcberraschungen? Wie lassen sich meine Accounts verlinken? <\/h3>\t\t\t\t<\/div>\n\t\t\t\t<\/div>\n\t\t\t\t<div class=\"elementor-element elementor-element-365a665 elementor-widget elementor-widget-text-editor\" data-id=\"365a665\" data-element_type=\"widget\" data-e-type=\"widget\" data-widget_type=\"text-editor.default\">\n\t\t\t\t<div class=\"elementor-widget-container\">\n\t\t\t\t\t\t\t\t\t<p>Zur Verlinkung deiner Accounts befolge bitte folgende Anweisungen:<\/p><ol><li>Starte Trove auf deiner Xbox\u2122, PlayStation\u00ae, oder Switch.<\/li><li>W\u00e4hle im Hauptmen\u00fc die Option \u201eSpielen\u201c aus.<\/li><li>Klicke auf \u201cAccount verlinken.\u201d<\/li><li>Besitzt du bereits einen Glyph-Account, dann w\u00e4hle bitte \u201eBestehender Account\u201c aus und melde dich anschlie\u00dfend an. Solltest du noch keinen Account haben, so w\u00e4hle bitte zur Erstellung eines kostenlosen Accounts \u201eNeuer Account\u201c aus. <\/li><li>Gl\u00fcckwunsch! Konsolen- und Glyph-Account sind jetzt verlinkt! <\/li><\/ol><p>Solltest du bei der Verlinkung der Accounts auf Schwierigkeiten sto\u00dfen, dann wende dich bitte an unseren <a href=\"https:\/\/support.gamigo.com\/de\/support\/solutions\/articles\/201000105388-wie-verkn%C3%BCpfe-ich-mein-trove-konsolen-account-mit-meinem-glyph-account-\" target=\"_blank\" rel=\"noopener noreferrer\">Support<\/a>.<\/p>\t\t\t\t\t\t\t\t<\/div>\n\t\t\t\t<\/div>\n\t\t\t\t<div class=\"elementor-element elementor-element-3ef2eeb elementor-widget elementor-widget-heading\" data-id=\"3ef2eeb\" data-element_type=\"widget\" data-e-type=\"widget\" data-widget_type=\"heading.default\">\n\t\t\t\t<div class=\"elementor-widget-container\">\n\t\t\t\t\t<h3 class=\"elementor-heading-title elementor-size-default\">Wie kann ich die Verlinkung der Accounts wieder aufheben?<\/h3>\t\t\t\t<\/div>\n\t\t\t\t<\/div>\n\t\t\t\t<div class=\"elementor-element elementor-element-aeb4170 elementor-widget elementor-widget-text-editor\" data-id=\"aeb4170\" data-element_type=\"widget\" data-e-type=\"widget\" data-widget_type=\"text-editor.default\">\n\t\t\t\t<div class=\"elementor-widget-container\">\n\t\t\t\t\t\t\t\t\t<p>Zur Aufhebung der Verlinkung deiner Accounts befolge bitte folgende Anweisungen:<\/p><ol><li>Melde dich <a href=\"https:\/\/glyph.trionworlds.com\/account\/profile\/change-oauth-flow.action\" target=\"_blank\" rel=\"noopener noreferrer\">hier<\/a> bei deinem Account an.<\/li><li>W\u00e4hle nach erfolgter Anmeldung \u201eVerlinkung aufheben\u201c aus.<\/li><li>Damit ist die Verlinkung deiner Accounts aufgehoben.<\/li><\/ol>\t\t\t\t\t\t\t\t<\/div>\n\t\t\t\t<\/div>\n\t\t\t\t<div class=\"elementor-element elementor-element-342f90f elementor-widget elementor-widget-heading\" data-id=\"342f90f\" data-element_type=\"widget\" data-e-type=\"widget\" data-widget_type=\"heading.default\">\n\t\t\t\t<div class=\"elementor-widget-container\">\n\t\t\t\t\t<h3 class=\"elementor-heading-title elementor-size-default\">Sind die Konsolen- und PC-Versionen von Trove identisch?<\/h3>\t\t\t\t<\/div>\n\t\t\t\t<\/div>\n\t\t\t\t<div class=\"elementor-element elementor-element-5f0e412 elementor-widget elementor-widget-text-editor\" data-id=\"5f0e412\" data-element_type=\"widget\" data-e-type=\"widget\" data-widget_type=\"text-editor.default\">\n\t\t\t\t<div class=\"elementor-widget-container\">\n\t\t\t\t\t\t\t\t\t<p>Updates f\u00fcr Konsolen ben\u00f6tigen oft mehr Entwicklungszeit, da diese speziellen Anforderungen unterliegen, wie etwa dem Zertifizierungsprozess, der bei PC-Patches nicht notwendig ist. Um Verz\u00f6gerungen zu vermeiden, und damit auch Fehler nicht auf Konsolenplattformen gelangen, haben wir uns entschieden, die Versionsgleichheit zwischen PC und Konsole aufzuheben. <\/p>\t\t\t\t\t\t\t\t<\/div>\n\t\t\t\t<\/div>\n\t\t\t\t<div class=\"elementor-element elementor-element-f74b505 elementor-widget elementor-widget-heading\" data-id=\"f74b505\" data-element_type=\"widget\" data-e-type=\"widget\" data-widget_type=\"heading.default\">\n\t\t\t\t<div class=\"elementor-widget-container\">\n\t\t\t\t\t<h3 class=\"elementor-heading-title elementor-size-default\">Bietet Trove plattform\u00fcbergreifendes Spielen an?<\/h3>\t\t\t\t<\/div>\n\t\t\t\t<\/div>\n\t\t\t\t<div class=\"elementor-element elementor-element-4a7c9eb elementor-widget elementor-widget-text-editor\" data-id=\"4a7c9eb\" data-element_type=\"widget\" data-e-type=\"widget\" data-widget_type=\"text-editor.default\">\n\t\t\t\t<div class=\"elementor-widget-container\">\n\t\t\t\t\t\t\t\t\t<p>Nein, plattform\u00fcbergreifendes Spielen wird von Trove nicht unterst\u00fctzt.<\/p>\t\t\t\t\t\t\t\t<\/div>\n\t\t\t\t<\/div>\n\t\t\t\t<div class=\"elementor-element elementor-element-dba6077 elementor-widget elementor-widget-heading\" data-id=\"dba6077\" data-element_type=\"widget\" data-e-type=\"widget\" data-widget_type=\"heading.default\">\n\t\t\t\t<div class=\"elementor-widget-container\">\n\t\t\t\t\t<h3 class=\"elementor-heading-title elementor-size-default\">Ist die \u00dcbertragung eines PC-Accounts auf einen Konsolen-Account, eines Konsolen-Accounts auf einen PC-Account oder eines Konsolen-Accounts auf einen anderen Konsolen-Account m\u00f6glich?<\/h3>\t\t\t\t<\/div>\n\t\t\t\t<\/div>\n\t\t\t\t<div class=\"elementor-element elementor-element-ef90a53 elementor-widget elementor-widget-text-editor\" data-id=\"ef90a53\" data-element_type=\"widget\" data-e-type=\"widget\" data-widget_type=\"text-editor.default\">\n\t\t\t\t<div class=\"elementor-widget-container\">\n\t\t\t\t\t\t\t\t\t<p>Nein, jede Version von Trove ist eigenst\u00e4ndig. <\/p>\t\t\t\t\t\t\t\t<\/div>\n\t\t\t\t<\/div>\n\t\t\t\t<\/div>\n\t\t\t\t<\/div>\n\t\t\t\t<\/div>\n\t\t\t\t<\/div>\n\t\t\t\t<\/div>\n\t\t","protected":false},"excerpt":{"rendered":"<p>FAQ Was ist Trove? Trove ist ein offenes Voxelabenteuer, das in zahllosen mit Quests, Sch\u00e4tzen und kleinen wie gro\u00dfen Feinden angef\u00fcllten Fantasiewelten spielt. Es ist eine witzige kubische Mixtur unterschiedlichster RPG-Features gepaart mit aufregenden Entdeckungsreisen durch prozedural generierte Welten und der ultimativen kreativen Freiheit, deine eigenen Fantasiewelten zu erstellen! Was unterscheidet Trove von anderen Voxel-Spielen? [&hellip;]<\/p>\n","protected":false},"author":1,"featured_media":0,"parent":1979,"menu_order":0,"comment_status":"closed","ping_status":"closed","template":"","meta":{"_acf_changed":false,"footnotes":""},"class_list":["post-1953","page","type-page","status-publish","hentry"],"acf":[],"_links":{"self":[{"href":"https:\/\/trovegame.com\/de\/wp-json\/wp\/v2\/pages\/1953","targetHints":{"allow":["GET"]}}],"collection":[{"href":"https:\/\/trovegame.com\/de\/wp-json\/wp\/v2\/pages"}],"about":[{"href":"https:\/\/trovegame.com\/de\/wp-json\/wp\/v2\/types\/page"}],"author":[{"embeddable":true,"href":"https:\/\/trovegame.com\/de\/wp-json\/wp\/v2\/users\/1"}],"replies":[{"embeddable":true,"href":"https:\/\/trovegame.com\/de\/wp-json\/wp\/v2\/comments?post=1953"}],"version-history":[{"count":0,"href":"https:\/\/trovegame.com\/de\/wp-json\/wp\/v2\/pages\/1953\/revisions"}],"up":[{"embeddable":true,"href":"https:\/\/trovegame.com\/de\/wp-json\/wp\/v2\/pages\/1979"}],"wp:attachment":[{"href":"https:\/\/trovegame.com\/de\/wp-json\/wp\/v2\/media?parent=1953"}],"curies":[{"name":"wp","href":"https:\/\/api.w.org\/{rel}","templated":true}]}}