{"id":1950,"date":"2025-02-24T16:33:49","date_gmt":"2025-02-24T16:33:49","guid":{"rendered":"https:\/\/trovegame.com\/code-einloesen\/"},"modified":"2025-05-15T16:37:56","modified_gmt":"2025-05-15T16:37:56","slug":"code-einloesen","status":"publish","type":"page","link":"https:\/\/trovegame.com\/de\/code-einloesen\/","title":{"rendered":"Code Einl\u00f6sen"},"content":{"rendered":"\t\t<div data-elementor-type=\"wp-page\" data-elementor-id=\"1950\" class=\"elementor elementor-1950 elementor-536\" data-elementor-post-type=\"page\">\n\t\t\t\t<div class=\"elementor-element elementor-element-35e33cde e-con-full main-container e-flex e-con e-parent\" data-id=\"35e33cde\" data-element_type=\"container\" data-e-type=\"container\" data-settings=\"{&quot;background_background&quot;:&quot;classic&quot;}\">\n\t\t<div class=\"elementor-element elementor-element-47386749 e-con-full e-flex e-con e-child\" data-id=\"47386749\" data-element_type=\"container\" data-e-type=\"container\">\n\t\t<div class=\"elementor-element elementor-element-49b9c93a e-con-full subpage-header-area e-flex e-con e-child\" data-id=\"49b9c93a\" data-element_type=\"container\" data-e-type=\"container\" data-settings=\"{&quot;background_background&quot;:&quot;classic&quot;}\">\n\t\t<div class=\"elementor-element elementor-element-751565a5 e-con-full e-flex e-con e-child\" data-id=\"751565a5\" data-element_type=\"container\" data-e-type=\"container\">\n\t\t\t\t<div class=\"elementor-element elementor-element-21fb61dd elementor-widget elementor-widget-heading\" data-id=\"21fb61dd\" data-element_type=\"widget\" data-e-type=\"widget\" data-widget_type=\"heading.default\">\n\t\t\t\t<div class=\"elementor-widget-container\">\n\t\t\t\t\t<h1 class=\"elementor-heading-title elementor-size-default\">Code Einl\u00f6sen<\/h1>\t\t\t\t<\/div>\n\t\t\t\t<\/div>\n\t\t\t\t<div class=\"elementor-element elementor-element-d5e87ef elementor-widget elementor-widget-heading\" data-id=\"d5e87ef\" data-element_type=\"widget\" data-e-type=\"widget\" data-widget_type=\"heading.default\">\n\t\t\t\t<div class=\"elementor-widget-container\">\n\t\t\t\t\t<h2 class=\"elementor-heading-title elementor-size-default\">Willkommen zur Trove Code-Einl\u00f6sung<\/h2>\t\t\t\t<\/div>\n\t\t\t\t<\/div>\n\t\t\t\t<div class=\"elementor-element elementor-element-6edd395f elementor-widget elementor-widget-text-editor\" data-id=\"6edd395f\" data-element_type=\"widget\" data-e-type=\"widget\" data-widget_type=\"text-editor.default\">\n\t\t\t\t<div class=\"elementor-widget-container\">\n\t\t\t\t\t\t\t\t\t<p><strong>Folge diesen Schritten, um Deinen Promo-Code einzul\u00f6sen:<\/strong><\/p><ol><li>Gib im unten stehenden Feld deinen Code ein.<\/li><li>Klickt auf \u201cCODE EINL\u00d6SEN\u201d.<\/li><li>Folgt der Aufforderung, dich in deinen Glyph-Account einzuloggen (oder erstelle einen Account, wenn du noch keinen hast), um die Einl\u00f6sung abzuschlie\u00dfen.<\/li><\/ol>\t\t\t\t\t\t\t\t<\/div>\n\t\t\t\t<\/div>\n\t\t\t\t<\/div>\n\t\t<div class=\"elementor-element elementor-element-5e0aa406 e-con-full e-flex e-con e-child\" data-id=\"5e0aa406\" data-element_type=\"container\" data-e-type=\"container\">\n\t\t\t\t<\/div>\n\t\t\t\t<\/div>\n\t\t\t\t<\/div>\n\t\t<div class=\"elementor-element elementor-element-3191c03a e-con-full e-flex e-con e-child\" data-id=\"3191c03a\" data-element_type=\"container\" data-e-type=\"container\" data-settings=\"{&quot;background_background&quot;:&quot;classic&quot;}\">\n\t\t<div class=\"elementor-element elementor-element-2ef92178 e-con-full content-width e-flex e-con e-child\" data-id=\"2ef92178\" data-element_type=\"container\" data-e-type=\"container\">\n\t\t\t\t<div class=\"elementor-element elementor-element-5118c9b elementor-widget elementor-widget-html\" data-id=\"5118c9b\" data-element_type=\"widget\" data-e-type=\"widget\" data-widget_type=\"html.default\">\n\t\t\t\t<div class=\"elementor-widget-container\">\n\t\t\t\t\t<div class=\"center\">\r\n<form enctype=\"application\/x-www-form-urlencoded\" method=\"get\" action=\"https:\/\/trovelive.trionworlds.com\/commerce\/voucher\/redeem-voucher-flow\" class=\"voucherForm\">\r\n<div class=\"code-field\">\r\n<input type=\"text\" autocomplete=\"off\" maxlength=\"24\" required=\"\" value=\"\" size=\"35\" name=\"voucherCode\" class=\"left voucherCode\" placeholder=\"XXXX-XXXX-XXXX-XXXX\"><br><input type=\"hidden\" class=\"left\" name=\"comeBackToPageUrl\" value=\"https%3A%2F%2Ftrovelive.trionworlds.com%2Fcommerce%2Fvoucher%2Fredeem-voucher-flow\">\r\n<\/div>\r\n<div class=\"code-cta\"><input type=\"submit\" name=\"submit\" value=\"Code Einl\u00f6sen\" tabindex=\"10\"><\/div>\r\n<\/form>\r\n<\/div>\t\t\t\t<\/div>\n\t\t\t\t<\/div>\n\t\t\t\t<\/div>\n\t\t\t\t<\/div>\n\t\t\t\t<\/div>\n\t\t\t\t<\/div>\n\t\t","protected":false},"excerpt":{"rendered":"<p>Code Einl\u00f6sen Willkommen zur Trove Code-Einl\u00f6sung Folge diesen Schritten, um Deinen Promo-Code einzul\u00f6sen: Gib im unten stehenden Feld deinen Code ein. Klickt auf \u201cCODE EINL\u00d6SEN\u201d. Folgt der Aufforderung, dich in deinen Glyph-Account einzuloggen (oder erstelle einen Account, wenn du noch keinen hast), um die Einl\u00f6sung abzuschlie\u00dfen.<\/p>\n","protected":false},"author":1,"featured_media":0,"parent":0,"menu_order":0,"comment_status":"closed","ping_status":"closed","template":"","meta":{"_acf_changed":false,"footnotes":""},"class_list":["post-1950","page","type-page","status-publish","hentry"],"acf":[],"_links":{"self":[{"href":"https:\/\/trovegame.com\/de\/wp-json\/wp\/v2\/pages\/1950","targetHints":{"allow":["GET"]}}],"collection":[{"href":"https:\/\/trovegame.com\/de\/wp-json\/wp\/v2\/pages"}],"about":[{"href":"https:\/\/trovegame.com\/de\/wp-json\/wp\/v2\/types\/page"}],"author":[{"embeddable":true,"href":"https:\/\/trovegame.com\/de\/wp-json\/wp\/v2\/users\/1"}],"replies":[{"embeddable":true,"href":"https:\/\/trovegame.com\/de\/wp-json\/wp\/v2\/comments?post=1950"}],"version-history":[{"count":0,"href":"https:\/\/trovegame.com\/de\/wp-json\/wp\/v2\/pages\/1950\/revisions"}],"wp:attachment":[{"href":"https:\/\/trovegame.com\/de\/wp-json\/wp\/v2\/media?parent=1950"}],"curies":[{"name":"wp","href":"https:\/\/api.w.org\/{rel}","templated":true}]}}