{"id":1940,"date":"2025-02-17T07:40:59","date_gmt":"2025-02-17T07:40:59","guid":{"rendered":"https:\/\/trovegame.com\/shop\/"},"modified":"2025-05-15T16:43:38","modified_gmt":"2025-05-15T16:43:38","slug":"shop","status":"publish","type":"page","link":"https:\/\/trovegame.com\/de\/shop\/","title":{"rendered":"Shop"},"content":{"rendered":"\t\t<div data-elementor-type=\"wp-page\" data-elementor-id=\"1940\" class=\"elementor elementor-1940 elementor-245\" data-elementor-post-type=\"page\">\n\t\t\t\t<div class=\"elementor-element elementor-element-65b5eab4 e-con-full main-container e-flex e-con e-parent\" data-id=\"65b5eab4\" data-element_type=\"container\" data-e-type=\"container\" data-settings=\"{&quot;background_background&quot;:&quot;classic&quot;}\">\n\t\t<div class=\"elementor-element elementor-element-555b7ac8 e-con-full e-flex e-con e-child\" data-id=\"555b7ac8\" data-element_type=\"container\" data-e-type=\"container\" data-settings=\"{&quot;background_background&quot;:&quot;classic&quot;}\">\n\t\t<div class=\"elementor-element elementor-element-7b670a09 e-con-full content-width e-flex e-con e-child\" data-id=\"7b670a09\" data-element_type=\"container\" data-e-type=\"container\">\n\t\t<div class=\"elementor-element elementor-element-5ed27036 e-con-full e-flex e-con e-child\" data-id=\"5ed27036\" data-element_type=\"container\" data-e-type=\"container\">\n\t\t\t\t<div class=\"elementor-element elementor-element-6558016c elementor-widget elementor-widget-heading\" data-id=\"6558016c\" data-element_type=\"widget\" data-e-type=\"widget\" data-widget_type=\"heading.default\">\n\t\t\t\t<div class=\"elementor-widget-container\">\n\t\t\t\t\t<h2 class=\"elementor-heading-title elementor-size-default\">Shop<\/h2>\t\t\t\t<\/div>\n\t\t\t\t<\/div>\n\t\t\t\t<div class=\"elementor-element elementor-element-298d4333 elementor-widget elementor-widget-text-editor\" data-id=\"298d4333\" data-element_type=\"widget\" data-e-type=\"widget\" data-widget_type=\"text-editor.default\">\n\t\t\t\t<div class=\"elementor-widget-container\">\n\t\t\t\t\t\t\t\t\tWelchen Shop m\u00f6chtest du besuchen?\t\t\t\t\t\t\t\t<\/div>\n\t\t\t\t<\/div>\n\t\t\t\t<\/div>\n\t\t\t\t<\/div>\n\t\t<div class=\"elementor-element elementor-element-5f7e9a93 e-con-full content-width e-flex e-con e-child\" data-id=\"5f7e9a93\" data-element_type=\"container\" data-e-type=\"container\">\n\t\t<div class=\"elementor-element elementor-element-509c7c0 e-con-full e-flex e-con e-child\" data-id=\"509c7c0\" data-element_type=\"container\" data-e-type=\"container\">\n\t\t\t\t<div class=\"elementor-element elementor-element-468a5ec2 elementor-widget elementor-widget-image\" data-id=\"468a5ec2\" data-element_type=\"widget\" data-e-type=\"widget\" data-widget_type=\"image.default\">\n\t\t\t\t<div class=\"elementor-widget-container\">\n\t\t\t\t\t\t\t\t\t\t\t\t\t\t\t<img fetchpriority=\"high\" decoding=\"async\" width=\"350\" height=\"288\" src=\"https:\/\/trovegame.com\/wp-content\/uploads\/2025\/04\/trove-store-pc.webp\" class=\"attachment-large size-large wp-image-1129\" alt=\"Trove f\u00fcr PC\" srcset=\"https:\/\/trovegame.com\/wp-content\/uploads\/2025\/04\/trove-store-pc.webp 350w, https:\/\/trovegame.com\/wp-content\/uploads\/2025\/04\/trove-store-pc-300x247.webp 300w\" sizes=\"(max-width: 350px) 100vw, 350px\" \/>\t\t\t\t\t\t\t\t\t\t\t\t\t\t\t<\/div>\n\t\t\t\t<\/div>\n\t\t\t\t<div class=\"elementor-element elementor-element-4809c21 elementor-align-center button green elementor-widget elementor-widget-button\" data-id=\"4809c21\" data-element_type=\"widget\" data-e-type=\"widget\" data-widget_type=\"button.default\">\n\t\t\t\t<div class=\"elementor-widget-container\">\n\t\t\t\t\t\t\t\t\t<div class=\"elementor-button-wrapper\">\n\t\t\t\t\t<a class=\"elementor-button elementor-button-link elementor-size-sm\" href=\"https:\/\/trovelive.trionworlds.com\/\" target=\"_blank\" rel=\"noopener\">\n\t\t\t\t\t\t<span class=\"elementor-button-content-wrapper\">\n\t\t\t\t\t\t\t\t\t<span class=\"elementor-button-text\">Ausw\u00e4hlen<\/span>\n\t\t\t\t\t<\/span>\n\t\t\t\t\t<\/a>\n\t\t\t\t<\/div>\n\t\t\t\t\t\t\t\t<\/div>\n\t\t\t\t<\/div>\n\t\t\t\t<\/div>\n\t\t<div class=\"elementor-element elementor-element-2dd3c24 e-con-full e-flex e-con e-child\" data-id=\"2dd3c24\" data-element_type=\"container\" data-e-type=\"container\">\n\t\t\t\t<div class=\"elementor-element elementor-element-94c8c5c elementor-widget elementor-widget-image\" data-id=\"94c8c5c\" data-element_type=\"widget\" data-e-type=\"widget\" data-widget_type=\"image.default\">\n\t\t\t\t<div class=\"elementor-widget-container\">\n\t\t\t\t\t\t\t\t\t\t\t\t\t\t\t<img decoding=\"async\" width=\"350\" height=\"288\" src=\"https:\/\/trovegame.com\/wp-content\/uploads\/2025\/04\/trove-store-xboxone.webp\" class=\"attachment-large size-large wp-image-1121\" alt=\"Trove f\u00fcr XBOX ONE\" srcset=\"https:\/\/trovegame.com\/wp-content\/uploads\/2025\/04\/trove-store-xboxone.webp 350w, https:\/\/trovegame.com\/wp-content\/uploads\/2025\/04\/trove-store-xboxone-300x247.webp 300w\" sizes=\"(max-width: 350px) 100vw, 350px\" \/>\t\t\t\t\t\t\t\t\t\t\t\t\t\t\t<\/div>\n\t\t\t\t<\/div>\n\t\t\t\t<div class=\"elementor-element elementor-element-33816f1 elementor-align-center button green elementor-widget elementor-widget-button\" data-id=\"33816f1\" data-element_type=\"widget\" data-e-type=\"widget\" data-widget_type=\"button.default\">\n\t\t\t\t<div class=\"elementor-widget-container\">\n\t\t\t\t\t\t\t\t\t<div class=\"elementor-button-wrapper\">\n\t\t\t\t\t<a class=\"elementor-button elementor-button-link elementor-size-sm\" href=\"https:\/\/www.microsoft.com\/en-us\/store\/p\/trove\/c4m5bk5hmgjd\" target=\"_blank\" rel=\"noopener\">\n\t\t\t\t\t\t<span class=\"elementor-button-content-wrapper\">\n\t\t\t\t\t\t\t\t\t<span class=\"elementor-button-text\">Ausw\u00e4hlen<\/span>\n\t\t\t\t\t<\/span>\n\t\t\t\t\t<\/a>\n\t\t\t\t<\/div>\n\t\t\t\t\t\t\t\t<\/div>\n\t\t\t\t<\/div>\n\t\t\t\t<\/div>\n\t\t<div class=\"elementor-element elementor-element-8a3911d e-con-full e-flex e-con e-child\" data-id=\"8a3911d\" data-element_type=\"container\" data-e-type=\"container\">\n\t\t\t\t<div class=\"elementor-element elementor-element-72eefef elementor-widget elementor-widget-image\" data-id=\"72eefef\" data-element_type=\"widget\" data-e-type=\"widget\" data-widget_type=\"image.default\">\n\t\t\t\t<div class=\"elementor-widget-container\">\n\t\t\t\t\t\t\t\t\t\t\t\t\t\t\t<img decoding=\"async\" width=\"350\" height=\"288\" src=\"https:\/\/trovegame.com\/wp-content\/uploads\/2025\/04\/trove-store-ps.webp\" class=\"attachment-large size-large wp-image-1133\" alt=\"Trove f\u00fcr Playstation\" srcset=\"https:\/\/trovegame.com\/wp-content\/uploads\/2025\/04\/trove-store-ps.webp 350w, https:\/\/trovegame.com\/wp-content\/uploads\/2025\/04\/trove-store-ps-300x247.webp 300w\" sizes=\"(max-width: 350px) 100vw, 350px\" \/>\t\t\t\t\t\t\t\t\t\t\t\t\t\t\t<\/div>\n\t\t\t\t<\/div>\n\t\t\t\t<div class=\"elementor-element elementor-element-0d6fbfe elementor-align-center button green elementor-widget elementor-widget-button\" data-id=\"0d6fbfe\" data-element_type=\"widget\" data-e-type=\"widget\" data-widget_type=\"button.default\">\n\t\t\t\t<div class=\"elementor-widget-container\">\n\t\t\t\t\t\t\t\t\t<div class=\"elementor-button-wrapper\">\n\t\t\t\t\t<a class=\"elementor-button elementor-button-link elementor-size-sm\" href=\"https:\/\/store.playstation.com\/en-us\/product\/UP2025-CUSA04598_00-TRIONTROVE000000\" target=\"_blank\" rel=\"noopener\">\n\t\t\t\t\t\t<span class=\"elementor-button-content-wrapper\">\n\t\t\t\t\t\t\t\t\t<span class=\"elementor-button-text\">Ausw\u00e4hlen<\/span>\n\t\t\t\t\t<\/span>\n\t\t\t\t\t<\/a>\n\t\t\t\t<\/div>\n\t\t\t\t\t\t\t\t<\/div>\n\t\t\t\t<\/div>\n\t\t\t\t<\/div>\n\t\t<div class=\"elementor-element elementor-element-590e84f e-con-full e-flex e-con e-child\" data-id=\"590e84f\" data-element_type=\"container\" data-e-type=\"container\">\n\t\t\t\t<div class=\"elementor-element elementor-element-16bcd7b elementor-widget elementor-widget-image\" data-id=\"16bcd7b\" data-element_type=\"widget\" data-e-type=\"widget\" data-widget_type=\"image.default\">\n\t\t\t\t<div class=\"elementor-widget-container\">\n\t\t\t\t\t\t\t\t\t\t\t\t\t\t\t<img loading=\"lazy\" decoding=\"async\" width=\"350\" height=\"288\" src=\"https:\/\/trovegame.com\/wp-content\/uploads\/2025\/04\/trove-store-nintendo-switch-tm.webp\" class=\"attachment-large size-large wp-image-1125\" alt=\"Trove f\u00fcr Nintendo Switch\" srcset=\"https:\/\/trovegame.com\/wp-content\/uploads\/2025\/04\/trove-store-nintendo-switch-tm.webp 350w, https:\/\/trovegame.com\/wp-content\/uploads\/2025\/04\/trove-store-nintendo-switch-tm-300x247.webp 300w\" sizes=\"(max-width: 350px) 100vw, 350px\" \/>\t\t\t\t\t\t\t\t\t\t\t\t\t\t\t<\/div>\n\t\t\t\t<\/div>\n\t\t\t\t<div class=\"elementor-element elementor-element-cbdbfb0 elementor-align-center button green elementor-widget elementor-widget-button\" data-id=\"cbdbfb0\" data-element_type=\"widget\" data-e-type=\"widget\" data-widget_type=\"button.default\">\n\t\t\t\t<div class=\"elementor-widget-container\">\n\t\t\t\t\t\t\t\t\t<div class=\"elementor-button-wrapper\">\n\t\t\t\t\t<a class=\"elementor-button elementor-button-link elementor-size-sm\" href=\"https:\/\/www.nintendo.com\/games\/detail\/trove-switch\" target=\"_blank\" rel=\"noopener\">\n\t\t\t\t\t\t<span class=\"elementor-button-content-wrapper\">\n\t\t\t\t\t\t\t\t\t<span class=\"elementor-button-text\">Ausw\u00e4hlen<\/span>\n\t\t\t\t\t<\/span>\n\t\t\t\t\t<\/a>\n\t\t\t\t<\/div>\n\t\t\t\t\t\t\t\t<\/div>\n\t\t\t\t<\/div>\n\t\t\t\t<\/div>\n\t\t\t\t<\/div>\n\t\t\t\t<\/div>\n\t\t\t\t<\/div>\n\t\t\t\t<\/div>\n\t\t","protected":false},"excerpt":{"rendered":"<p>Shop Welchen Shop m\u00f6chtest du besuchen? Ausw\u00e4hlen Ausw\u00e4hlen Ausw\u00e4hlen Ausw\u00e4hlen<\/p>\n","protected":false},"author":1,"featured_media":0,"parent":0,"menu_order":0,"comment_status":"closed","ping_status":"closed","template":"","meta":{"_acf_changed":false,"footnotes":""},"class_list":["post-1940","page","type-page","status-publish","hentry"],"acf":[],"_links":{"self":[{"href":"https:\/\/trovegame.com\/de\/wp-json\/wp\/v2\/pages\/1940","targetHints":{"allow":["GET"]}}],"collection":[{"href":"https:\/\/trovegame.com\/de\/wp-json\/wp\/v2\/pages"}],"about":[{"href":"https:\/\/trovegame.com\/de\/wp-json\/wp\/v2\/types\/page"}],"author":[{"embeddable":true,"href":"https:\/\/trovegame.com\/de\/wp-json\/wp\/v2\/users\/1"}],"replies":[{"embeddable":true,"href":"https:\/\/trovegame.com\/de\/wp-json\/wp\/v2\/comments?post=1940"}],"version-history":[{"count":0,"href":"https:\/\/trovegame.com\/de\/wp-json\/wp\/v2\/pages\/1940\/revisions"}],"wp:attachment":[{"href":"https:\/\/trovegame.com\/de\/wp-json\/wp\/v2\/media?parent=1940"}],"curies":[{"name":"wp","href":"https:\/\/api.w.org\/{rel}","templated":true}]}}